{"id":2529,"date":"2025-05-21T12:52:59","date_gmt":"2025-05-21T12:52:59","guid":{"rendered":"https:\/\/admiring-johnson.185-87-21-9.plesk.page\/?page_id=2529"},"modified":"2025-05-23T09:58:28","modified_gmt":"2025-05-23T09:58:28","slug":"schmerzen-verstehen","status":"publish","type":"page","link":"https:\/\/physio-pb.de\/index.php\/schmerzen-verstehen\/","title":{"rendered":"Schmerzen verstehen (Blog)"},"content":{"rendered":"\t\t<div data-elementor-type=\"wp-page\" data-elementor-id=\"2529\" class=\"elementor elementor-2529\" data-elementor-post-type=\"page\">\n\t\t\t\t\t\t<section class=\"elementor-section elementor-top-section elementor-element elementor-element-1b7e4e75 elementor-section-content-middle elementor-section-boxed elementor-section-height-default elementor-section-height-default\" data-id=\"1b7e4e75\" data-element_type=\"section\" data-e-type=\"section\" data-settings=\"{&quot;background_background&quot;:&quot;classic&quot;}\">\n\t\t\t\t\t\t\t<div class=\"elementor-background-overlay\"><\/div>\n\t\t\t\t\t\t\t<div class=\"elementor-container elementor-column-gap-no\">\n\t\t\t\t\t<div class=\"elementor-column elementor-col-100 elementor-top-column elementor-element elementor-element-14603686\" data-id=\"14603686\" data-element_type=\"column\" data-e-type=\"column\">\n\t\t\t<div class=\"elementor-widget-wrap elementor-element-populated\">\n\t\t\t\t\t\t<div class=\"elementor-element elementor-element-562897f8 elementor-widget elementor-widget-heading\" data-id=\"562897f8\" data-element_type=\"widget\" data-e-type=\"widget\" data-widget_type=\"heading.default\">\n\t\t\t\t<div class=\"elementor-widget-container\">\n\t\t\t\t\t<h1 class=\"elementor-heading-title elementor-size-default\">Schmerzen verstehen<\/h1>\t\t\t\t<\/div>\n\t\t\t\t<\/div>\n\t\t\t\t<div class=\"elementor-element elementor-element-153b3e1 elementor-widget elementor-widget-text-editor\" data-id=\"153b3e1\" data-element_type=\"widget\" data-e-type=\"widget\" data-widget_type=\"text-editor.default\">\n\t\t\t\t<div class=\"elementor-widget-container\">\n\t\t\t\t\t\t\t\t\t<p><span style=\"color: #999999;\"><a style=\"color: #999999;\" href=\"https:\/\/admiring-johnson.185-87-21-9.plesk.page\/index.php\/ratgeber\/\">Ratgeber<\/a> -&gt; <span style=\"color: #c7d408;\">Schmerzen verstehen<\/span><\/span><\/p>\t\t\t\t\t\t\t\t<\/div>\n\t\t\t\t<\/div>\n\t\t\t\t\t<\/div>\n\t\t<\/div>\n\t\t\t\t\t<\/div>\n\t\t<\/section>\n\t\t<div class=\"elementor-element elementor-element-6022d499 e-flex e-con-boxed e-con e-parent\" data-id=\"6022d499\" data-element_type=\"container\" data-e-type=\"container\">\n\t\t\t\t\t<div class=\"e-con-inner\">\n\t\t\t\t<div class=\"elementor-element elementor-element-25d80379 elementor-widget elementor-widget-heading\" data-id=\"25d80379\" data-element_type=\"widget\" data-e-type=\"widget\" data-widget_type=\"heading.default\">\n\t\t\t\t<div class=\"elementor-widget-container\">\n\t\t\t\t\t<h2 class=\"elementor-heading-title elementor-size-default\">Wenn Schmerzen Signale senden \u2013 und geh\u00f6rt werden wollen<\/h2>\t\t\t\t<\/div>\n\t\t\t\t<\/div>\n\t\t\t\t<div class=\"elementor-element elementor-element-18e0a67c elementor-widget__width-initial elementor-widget elementor-widget-text-editor\" data-id=\"18e0a67c\" data-element_type=\"widget\" data-e-type=\"widget\" data-widget_type=\"text-editor.default\">\n\t\t\t\t<div class=\"elementor-widget-container\">\n\t\t\t\t\t\t\t\t\t<p>Schmerzen sind Warnsignale Ihres K\u00f6rpers \u2013 aber oft steckt mehr dahinter. In dieser Rubrik erfahren Sie, wie Schmerzen entstehen, warum sie bleiben k\u00f6nnen und wie Sie sie besser einordnen, um gezielt gegenzusteuern.<\/p>\t\t\t\t\t\t\t\t<\/div>\n\t\t\t\t<\/div>\n\t\t\t\t\t<\/div>\n\t\t\t\t<\/div>\n\t\t<div class=\"elementor-element elementor-element-8559cb5 e-flex e-con-boxed e-con e-parent\" data-id=\"8559cb5\" data-element_type=\"container\" data-e-type=\"container\">\n\t\t\t\t\t<div class=\"e-con-inner\">\n\t\t\t\t<div class=\"elementor-element elementor-element-f25cf7d elementor-grid-3 elementor-grid-tablet-2 elementor-grid-mobile-1 elementor-posts--thumbnail-top elementor-card-shadow-yes elementor-posts__hover-gradient elementor-widget elementor-widget-posts\" data-id=\"f25cf7d\" data-element_type=\"widget\" data-e-type=\"widget\" data-settings=\"{&quot;cards_columns&quot;:&quot;3&quot;,&quot;cards_columns_tablet&quot;:&quot;2&quot;,&quot;cards_columns_mobile&quot;:&quot;1&quot;,&quot;cards_row_gap&quot;:{&quot;unit&quot;:&quot;px&quot;,&quot;size&quot;:35,&quot;sizes&quot;:[]},&quot;cards_row_gap_tablet&quot;:{&quot;unit&quot;:&quot;px&quot;,&quot;size&quot;:&quot;&quot;,&quot;sizes&quot;:[]},&quot;cards_row_gap_mobile&quot;:{&quot;unit&quot;:&quot;px&quot;,&quot;size&quot;:&quot;&quot;,&quot;sizes&quot;:[]}}\" data-widget_type=\"posts.cards\">\n\t\t\t\t<div class=\"elementor-widget-container\">\n\t\t\t\t\t\t\t<div class=\"elementor-posts-container elementor-posts elementor-posts--skin-cards elementor-grid\" role=\"list\">\n\t\t\t\t<article class=\"elementor-post elementor-grid-item post-5840 post type-post status-publish format-standard hentry category-schmerzen-verstehen\" role=\"listitem\">\n\t\t\t<div class=\"elementor-post__card\">\n\t\t\t\t<div class=\"elementor-post__text\">\n\t\t\t\t<h3 class=\"elementor-post__title\">\n\t\t\t<a href=\"https:\/\/physio-pb.de\/index.php\/2025\/05\/29\/die-folgen-von-schmerzen-krperliche-und-psychische-auswirkungen\/\" target=&quot;_blank&quot;>\n\t\t\t\tDie Folgen von Schmerzen: K\u00f6rperliche und psychische Auswirkungen\t\t\t<\/a>\n\t\t<\/h3>\n\t\t\t\t<div class=\"elementor-post__excerpt\">\n\t\t\t<p>Schmerzen begleiten viele Menschen im Alltag und sind mehr als nur ein unangenehmes Gef\u00fchl. Sie dienen dem K\u00f6rper als Warnzeichen, k\u00f6nnen jedoch auf Dauer zu<\/p>\n\t\t<\/div>\n\t\t\t\t\t<div class=\"elementor-post__read-more-wrapper\">\n\t\t\n\t\t<a class=\"elementor-post__read-more\" href=\"https:\/\/physio-pb.de\/index.php\/2025\/05\/29\/die-folgen-von-schmerzen-krperliche-und-psychische-auswirkungen\/\" aria-label=\"Mehr \u00fcber Die Folgen von Schmerzen: K\u00f6rperliche und psychische Auswirkungen\" tabindex=\"-1\" target=\"_blank\">\n\t\t\tweiterlesen \u00bb\t\t<\/a>\n\n\t\t\t\t\t<\/div>\n\t\t\t\t<\/div>\n\t\t\t\t<div class=\"elementor-post__meta-data\">\n\t\t\t\t\t<span class=\"elementor-post-date\">\n\t\t\tMai 29, 2025\t\t<\/span>\n\t\t\t\t<span class=\"elementor-post-avatar\">\n\t\t\tKeine Kommentare\t\t<\/span>\n\t\t\t\t<\/div>\n\t\t\t\t\t<\/div>\n\t\t<\/article>\n\t\t\t\t<article class=\"elementor-post elementor-grid-item post-5841 post type-post status-publish format-standard hentry category-schmerzen-verstehen\" role=\"listitem\">\n\t\t\t<div class=\"elementor-post__card\">\n\t\t\t\t<div class=\"elementor-post__text\">\n\t\t\t\t<h3 class=\"elementor-post__title\">\n\t\t\t<a href=\"https:\/\/physio-pb.de\/index.php\/2025\/05\/29\/wie-schmerzen-chronisch-werden-risikofaktoren-prvention\/\" target=&quot;_blank&quot;>\n\t\t\t\tWie Schmerzen chronisch werden: Risikofaktoren &amp; Pr\u00e4vention\t\t\t<\/a>\n\t\t<\/h3>\n\t\t\t\t<div class=\"elementor-post__excerpt\">\n\t\t\t<p>Schmerz ist ein Warnsignal des K\u00f6rpers. Doch manchmal bleibt er, obwohl die urspr\u00fcngliche Ursache l\u00e4ngst geheilt ist. In Deutschland leiden Millionen Menschen an chronischen Schmerzen.<\/p>\n\t\t<\/div>\n\t\t\t\t\t<div class=\"elementor-post__read-more-wrapper\">\n\t\t\n\t\t<a class=\"elementor-post__read-more\" href=\"https:\/\/physio-pb.de\/index.php\/2025\/05\/29\/wie-schmerzen-chronisch-werden-risikofaktoren-prvention\/\" aria-label=\"Mehr \u00fcber Wie Schmerzen chronisch werden: Risikofaktoren &amp; Pr\u00e4vention\" tabindex=\"-1\" target=\"_blank\">\n\t\t\tweiterlesen \u00bb\t\t<\/a>\n\n\t\t\t\t\t<\/div>\n\t\t\t\t<\/div>\n\t\t\t\t<div class=\"elementor-post__meta-data\">\n\t\t\t\t\t<span class=\"elementor-post-date\">\n\t\t\tMai 29, 2025\t\t<\/span>\n\t\t\t\t<span class=\"elementor-post-avatar\">\n\t\t\tKeine Kommentare\t\t<\/span>\n\t\t\t\t<\/div>\n\t\t\t\t\t<\/div>\n\t\t<\/article>\n\t\t\t\t<article class=\"elementor-post elementor-grid-item post-5842 post type-post status-publish format-standard hentry category-schmerzen-verstehen\" role=\"listitem\">\n\t\t\t<div class=\"elementor-post__card\">\n\t\t\t\t<div class=\"elementor-post__text\">\n\t\t\t\t<h3 class=\"elementor-post__title\">\n\t\t\t<a href=\"https:\/\/physio-pb.de\/index.php\/2025\/05\/29\/schmerz-erkennen-und-richtig-kommunizieren-tipps-fr-patienten\/\" target=&quot;_blank&quot;>\n\t\t\t\tSchmerz erkennen und richtig kommunizieren: Tipps f\u00fcr Patienten\t\t\t<\/a>\n\t\t<\/h3>\n\t\t\t\t<div class=\"elementor-post__excerpt\">\n\t\t\t<p>Jeder Mensch erlebt im Laufe seines Lebens Schmerzen. H\u00e4ufig f\u00e4llt es jedoch schwer, den eigenen Schmerz exakt zu beschreiben oder richtig zu kommunizieren. Doch genau<\/p>\n\t\t<\/div>\n\t\t\t\t\t<div class=\"elementor-post__read-more-wrapper\">\n\t\t\n\t\t<a class=\"elementor-post__read-more\" href=\"https:\/\/physio-pb.de\/index.php\/2025\/05\/29\/schmerz-erkennen-und-richtig-kommunizieren-tipps-fr-patienten\/\" aria-label=\"Mehr \u00fcber Schmerz erkennen und richtig kommunizieren: Tipps f\u00fcr Patienten\" tabindex=\"-1\" target=\"_blank\">\n\t\t\tweiterlesen \u00bb\t\t<\/a>\n\n\t\t\t\t\t<\/div>\n\t\t\t\t<\/div>\n\t\t\t\t<div class=\"elementor-post__meta-data\">\n\t\t\t\t\t<span class=\"elementor-post-date\">\n\t\t\tMai 29, 2025\t\t<\/span>\n\t\t\t\t<span class=\"elementor-post-avatar\">\n\t\t\tKeine Kommentare\t\t<\/span>\n\t\t\t\t<\/div>\n\t\t\t\t\t<\/div>\n\t\t<\/article>\n\t\t\t\t<article class=\"elementor-post elementor-grid-item post-5843 post type-post status-publish format-standard hentry category-schmerzen-verstehen\" role=\"listitem\">\n\t\t\t<div class=\"elementor-post__card\">\n\t\t\t\t<div class=\"elementor-post__text\">\n\t\t\t\t<h3 class=\"elementor-post__title\">\n\t\t\t<a href=\"https:\/\/physio-pb.de\/index.php\/2025\/05\/29\/behandlungsmglichkeiten-was-hilft-wirklich-bei-schmerzen\/\" target=&quot;_blank&quot;>\n\t\t\t\tBehandlungsm\u00f6glichkeiten: Was hilft wirklich bei Schmerzen?\t\t\t<\/a>\n\t\t<\/h3>\n\t\t\t\t<div class=\"elementor-post__excerpt\">\n\t\t\t<p>Schmerzen sind ein weit verbreitetes Problem, das viele Menschen in Deutschland betrifft. Ob akute R\u00fcckenschmerzen, chronische &lt;a style=&quot;text-decoration: underline;&quot; href=&quot;psychosomatische-beschwerden-warnsignale-richtig-deuten\/&#8220;&gt;Beschwerden oder Kopfschmerzen &#8211; oft beeintr\u00e4chtigen<\/p>\n\t\t<\/div>\n\t\t\t\t\t<div class=\"elementor-post__read-more-wrapper\">\n\t\t\n\t\t<a class=\"elementor-post__read-more\" href=\"https:\/\/physio-pb.de\/index.php\/2025\/05\/29\/behandlungsmglichkeiten-was-hilft-wirklich-bei-schmerzen\/\" aria-label=\"Mehr \u00fcber Behandlungsm\u00f6glichkeiten: Was hilft wirklich bei Schmerzen?\" tabindex=\"-1\" target=\"_blank\">\n\t\t\tweiterlesen \u00bb\t\t<\/a>\n\n\t\t\t\t\t<\/div>\n\t\t\t\t<\/div>\n\t\t\t\t<div class=\"elementor-post__meta-data\">\n\t\t\t\t\t<span class=\"elementor-post-date\">\n\t\t\tMai 29, 2025\t\t<\/span>\n\t\t\t\t<span class=\"elementor-post-avatar\">\n\t\t\tKeine Kommentare\t\t<\/span>\n\t\t\t\t<\/div>\n\t\t\t\t\t<\/div>\n\t\t<\/article>\n\t\t\t\t<article class=\"elementor-post elementor-grid-item post-5844 post type-post status-publish format-standard hentry category-schmerzen-verstehen\" role=\"listitem\">\n\t\t\t<div class=\"elementor-post__card\">\n\t\t\t\t<div class=\"elementor-post__text\">\n\t\t\t\t<h3 class=\"elementor-post__title\">\n\t\t\t<a href=\"https:\/\/physio-pb.de\/index.php\/2025\/05\/29\/leben-mit-schmerzen-alltagsbewltigung-und-ausblick\/\" target=&quot;_blank&quot;>\n\t\t\t\tLeben mit Schmerzen: Alltagsbew\u00e4ltigung und Ausblick\t\t\t<\/a>\n\t\t<\/h3>\n\t\t\t\t<div class=\"elementor-post__excerpt\">\n\t\t\t<p>Schmerzen k\u00f6nnen das t\u00e4gliche Leben grundlegend ver\u00e4ndern. Sie beeinflussen nicht nur den K\u00f6rper, sondern auch die Seele. Viele Menschen stehen t\u00e4glich vor der Herausforderung, mit<\/p>\n\t\t<\/div>\n\t\t\t\t\t<div class=\"elementor-post__read-more-wrapper\">\n\t\t\n\t\t<a class=\"elementor-post__read-more\" href=\"https:\/\/physio-pb.de\/index.php\/2025\/05\/29\/leben-mit-schmerzen-alltagsbewltigung-und-ausblick\/\" aria-label=\"Mehr \u00fcber Leben mit Schmerzen: Alltagsbew\u00e4ltigung und Ausblick\" tabindex=\"-1\" target=\"_blank\">\n\t\t\tweiterlesen \u00bb\t\t<\/a>\n\n\t\t\t\t\t<\/div>\n\t\t\t\t<\/div>\n\t\t\t\t<div class=\"elementor-post__meta-data\">\n\t\t\t\t\t<span class=\"elementor-post-date\">\n\t\t\tMai 29, 2025\t\t<\/span>\n\t\t\t\t<span class=\"elementor-post-avatar\">\n\t\t\tKeine Kommentare\t\t<\/span>\n\t\t\t\t<\/div>\n\t\t\t\t\t<\/div>\n\t\t<\/article>\n\t\t\t\t<article class=\"elementor-post elementor-grid-item post-5835 post type-post status-publish format-standard hentry category-schmerzen-verstehen\" role=\"listitem\">\n\t\t\t<div class=\"elementor-post__card\">\n\t\t\t\t<div class=\"elementor-post__text\">\n\t\t\t\t<h3 class=\"elementor-post__title\">\n\t\t\t<a href=\"https:\/\/physio-pb.de\/index.php\/2025\/05\/29\/was-ist-schmerz-ursachen-und-bedeutung-erklrt\/\" target=&quot;_blank&quot;>\n\t\t\t\tWas ist Schmerz? Ursachen und Bedeutung erkl\u00e4rt\t\t\t<\/a>\n\t\t<\/h3>\n\t\t\t\t<div class=\"elementor-post__excerpt\">\n\t\t\t<p>Schmerz ist ein allt\u00e4gliches Thema, das jeden Menschen betrifft. Doch was verbirgt sich eigentlich hinter dem Begriff? Viele erleben Schmerz nur als unangenehmes Gef\u00fchl, dabei<\/p>\n\t\t<\/div>\n\t\t\t\t\t<div class=\"elementor-post__read-more-wrapper\">\n\t\t\n\t\t<a class=\"elementor-post__read-more\" href=\"https:\/\/physio-pb.de\/index.php\/2025\/05\/29\/was-ist-schmerz-ursachen-und-bedeutung-erklrt\/\" aria-label=\"Mehr \u00fcber Was ist Schmerz? Ursachen und Bedeutung erkl\u00e4rt\" tabindex=\"-1\" target=\"_blank\">\n\t\t\tweiterlesen \u00bb\t\t<\/a>\n\n\t\t\t\t\t<\/div>\n\t\t\t\t<\/div>\n\t\t\t\t<div class=\"elementor-post__meta-data\">\n\t\t\t\t\t<span class=\"elementor-post-date\">\n\t\t\tMai 29, 2025\t\t<\/span>\n\t\t\t\t<span class=\"elementor-post-avatar\">\n\t\t\tKeine Kommentare\t\t<\/span>\n\t\t\t\t<\/div>\n\t\t\t\t\t<\/div>\n\t\t<\/article>\n\t\t\t\t<\/div>\n\t\t\n\t\t\t\t\t\t<\/div>\n\t\t\t\t<\/div>\n\t\t\t\t\t<\/div>\n\t\t\t\t<\/div>\n\t\t<div class=\"elementor-element elementor-element-5d630c3f e-flex e-con-boxed e-con e-parent\" data-id=\"5d630c3f\" data-element_type=\"container\" data-e-type=\"container\">\n\t\t\t\t\t<div class=\"e-con-inner\">\n\t\t\t\t<div class=\"elementor-element elementor-element-41f731d0 elementor-widget elementor-widget-spacer\" data-id=\"41f731d0\" data-element_type=\"widget\" data-e-type=\"widget\" data-widget_type=\"spacer.default\">\n\t\t\t\t<div class=\"elementor-widget-container\">\n\t\t\t\t\t\t\t<div class=\"elementor-spacer\">\n\t\t\t<div class=\"elementor-spacer-inner\"><\/div>\n\t\t<\/div>\n\t\t\t\t\t\t<\/div>\n\t\t\t\t<\/div>\n\t\t\t\t\t<\/div>\n\t\t\t\t<\/div>\n\t\t\t\t<\/div>\n\t\t","protected":false},"excerpt":{"rendered":"<p>Schmerzen verstehen Ratgeber -&gt; Schmerzen verstehen Wenn Schmerzen Signale senden \u2013 und geh\u00f6rt werden wollen Schmerzen sind Warnsignale Ihres K\u00f6rpers \u2013 aber oft steckt mehr dahinter. In dieser Rubrik erfahren Sie, wie Schmerzen entstehen, warum sie bleiben k\u00f6nnen und wie Sie sie besser einordnen, um gezielt gegenzusteuern.<\/p>\n","protected":false},"author":1,"featured_media":0,"parent":0,"menu_order":0,"comment_status":"closed","ping_status":"closed","template":"","meta":{"footnotes":""},"class_list":["post-2529","page","type-page","status-publish","hentry"],"yoast_head":"<!-- This site is optimized with the Yoast SEO plugin v25.1 - https:\/\/yoast.com\/wordpress\/plugins\/seo\/ -->\n<title>Schmerzen verstehen (Blog) - Physiotherapie und Gesundheit<\/title>\n<meta name=\"robots\" content=\"index, follow, max-snippet:-1, max-image-preview:large, max-video-preview:-1\" \/>\n<link rel=\"canonical\" href=\"https:\/\/physio-pb.de\/index.php\/schmerzen-verstehen\/\" \/>\n<meta property=\"og:locale\" content=\"de_DE\" \/>\n<meta property=\"og:type\" content=\"article\" \/>\n<meta property=\"og:title\" content=\"Schmerzen verstehen (Blog) - Physiotherapie und Gesundheit\" \/>\n<meta property=\"og:description\" content=\"Schmerzen verstehen Ratgeber -&gt; Schmerzen verstehen Wenn Schmerzen Signale senden \u2013 und geh\u00f6rt werden wollen Schmerzen sind Warnsignale Ihres K\u00f6rpers \u2013 aber oft steckt mehr dahinter. In dieser Rubrik erfahren Sie, wie Schmerzen entstehen, warum sie bleiben k\u00f6nnen und wie Sie sie besser einordnen, um gezielt gegenzusteuern.\" \/>\n<meta property=\"og:url\" content=\"https:\/\/physio-pb.de\/index.php\/schmerzen-verstehen\/\" \/>\n<meta property=\"og:site_name\" content=\"Physiotherapie und Gesundheit\" \/>\n<meta property=\"article:modified_time\" content=\"2025-05-23T09:58:28+00:00\" \/>\n<meta name=\"twitter:card\" content=\"summary_large_image\" \/>\n<meta name=\"twitter:label1\" content=\"Gesch\u00e4tzte Lesezeit\" \/>\n\t<meta name=\"twitter:data1\" content=\"5\u00a0Minuten\" \/>\n<script type=\"application\/ld+json\" class=\"yoast-schema-graph\">{\"@context\":\"https:\/\/schema.org\",\"@graph\":[{\"@type\":\"WebPage\",\"@id\":\"https:\/\/physio-pb.de\/index.php\/schmerzen-verstehen\/\",\"url\":\"https:\/\/physio-pb.de\/index.php\/schmerzen-verstehen\/\",\"name\":\"Schmerzen verstehen (Blog) - Physiotherapie und Gesundheit\",\"isPartOf\":{\"@id\":\"https:\/\/physio-pb.de\/#website\"},\"datePublished\":\"2025-05-21T12:52:59+00:00\",\"dateModified\":\"2025-05-23T09:58:28+00:00\",\"breadcrumb\":{\"@id\":\"https:\/\/physio-pb.de\/index.php\/schmerzen-verstehen\/#breadcrumb\"},\"inLanguage\":\"de\",\"potentialAction\":[{\"@type\":\"ReadAction\",\"target\":[\"https:\/\/physio-pb.de\/index.php\/schmerzen-verstehen\/\"]}]},{\"@type\":\"BreadcrumbList\",\"@id\":\"https:\/\/physio-pb.de\/index.php\/schmerzen-verstehen\/#breadcrumb\",\"itemListElement\":[{\"@type\":\"ListItem\",\"position\":1,\"name\":\"Startseite\",\"item\":\"https:\/\/physio-pb.de\/\"},{\"@type\":\"ListItem\",\"position\":2,\"name\":\"Schmerzen verstehen (Blog)\"}]},{\"@type\":\"WebSite\",\"@id\":\"https:\/\/physio-pb.de\/#website\",\"url\":\"https:\/\/physio-pb.de\/\",\"name\":\"Physiotherapie und Gesundheit\",\"description\":\"\",\"potentialAction\":[{\"@type\":\"SearchAction\",\"target\":{\"@type\":\"EntryPoint\",\"urlTemplate\":\"https:\/\/physio-pb.de\/?s={search_term_string}\"},\"query-input\":{\"@type\":\"PropertyValueSpecification\",\"valueRequired\":true,\"valueName\":\"search_term_string\"}}],\"inLanguage\":\"de\"}]}<\/script>\n<!-- \/ Yoast SEO plugin. -->","yoast_head_json":{"title":"Schmerzen verstehen (Blog) - Physiotherapie und Gesundheit","robots":{"index":"index","follow":"follow","max-snippet":"max-snippet:-1","max-image-preview":"max-image-preview:large","max-video-preview":"max-video-preview:-1"},"canonical":"https:\/\/physio-pb.de\/index.php\/schmerzen-verstehen\/","og_locale":"de_DE","og_type":"article","og_title":"Schmerzen verstehen (Blog) - Physiotherapie und Gesundheit","og_description":"Schmerzen verstehen Ratgeber -&gt; Schmerzen verstehen Wenn Schmerzen Signale senden \u2013 und geh\u00f6rt werden wollen Schmerzen sind Warnsignale Ihres K\u00f6rpers \u2013 aber oft steckt mehr dahinter. In dieser Rubrik erfahren Sie, wie Schmerzen entstehen, warum sie bleiben k\u00f6nnen und wie Sie sie besser einordnen, um gezielt gegenzusteuern.","og_url":"https:\/\/physio-pb.de\/index.php\/schmerzen-verstehen\/","og_site_name":"Physiotherapie und Gesundheit","article_modified_time":"2025-05-23T09:58:28+00:00","twitter_card":"summary_large_image","twitter_misc":{"Gesch\u00e4tzte Lesezeit":"5\u00a0Minuten"},"schema":{"@context":"https:\/\/schema.org","@graph":[{"@type":"WebPage","@id":"https:\/\/physio-pb.de\/index.php\/schmerzen-verstehen\/","url":"https:\/\/physio-pb.de\/index.php\/schmerzen-verstehen\/","name":"Schmerzen verstehen (Blog) - Physiotherapie und Gesundheit","isPartOf":{"@id":"https:\/\/physio-pb.de\/#website"},"datePublished":"2025-05-21T12:52:59+00:00","dateModified":"2025-05-23T09:58:28+00:00","breadcrumb":{"@id":"https:\/\/physio-pb.de\/index.php\/schmerzen-verstehen\/#breadcrumb"},"inLanguage":"de","potentialAction":[{"@type":"ReadAction","target":["https:\/\/physio-pb.de\/index.php\/schmerzen-verstehen\/"]}]},{"@type":"BreadcrumbList","@id":"https:\/\/physio-pb.de\/index.php\/schmerzen-verstehen\/#breadcrumb","itemListElement":[{"@type":"ListItem","position":1,"name":"Startseite","item":"https:\/\/physio-pb.de\/"},{"@type":"ListItem","position":2,"name":"Schmerzen verstehen (Blog)"}]},{"@type":"WebSite","@id":"https:\/\/physio-pb.de\/#website","url":"https:\/\/physio-pb.de\/","name":"Physiotherapie und Gesundheit","description":"","potentialAction":[{"@type":"SearchAction","target":{"@type":"EntryPoint","urlTemplate":"https:\/\/physio-pb.de\/?s={search_term_string}"},"query-input":{"@type":"PropertyValueSpecification","valueRequired":true,"valueName":"search_term_string"}}],"inLanguage":"de"}]}},"_links":{"self":[{"href":"https:\/\/physio-pb.de\/index.php\/wp-json\/wp\/v2\/pages\/2529","targetHints":{"allow":["GET"]}}],"collection":[{"href":"https:\/\/physio-pb.de\/index.php\/wp-json\/wp\/v2\/pages"}],"about":[{"href":"https:\/\/physio-pb.de\/index.php\/wp-json\/wp\/v2\/types\/page"}],"author":[{"embeddable":true,"href":"https:\/\/physio-pb.de\/index.php\/wp-json\/wp\/v2\/users\/1"}],"replies":[{"embeddable":true,"href":"https:\/\/physio-pb.de\/index.php\/wp-json\/wp\/v2\/comments?post=2529"}],"version-history":[{"count":88,"href":"https:\/\/physio-pb.de\/index.php\/wp-json\/wp\/v2\/pages\/2529\/revisions"}],"predecessor-version":[{"id":3121,"href":"https:\/\/physio-pb.de\/index.php\/wp-json\/wp\/v2\/pages\/2529\/revisions\/3121"}],"wp:attachment":[{"href":"https:\/\/physio-pb.de\/index.php\/wp-json\/wp\/v2\/media?parent=2529"}],"curies":[{"name":"wp","href":"https:\/\/api.w.org\/{rel}","templated":true}]}}