{"id":2589,"date":"2025-05-21T13:31:40","date_gmt":"2025-05-21T13:31:40","guid":{"rendered":"https:\/\/admiring-johnson.185-87-21-9.plesk.page\/?page_id=2589"},"modified":"2025-05-23T09:59:49","modified_gmt":"2025-05-23T09:59:49","slug":"therapieformen-erklart","status":"publish","type":"page","link":"https:\/\/physio-pb.de\/index.php\/therapieformen-erklart\/","title":{"rendered":"Therapieformen erkl\u00e4rt (Blog)"},"content":{"rendered":"\t\t<div data-elementor-type=\"wp-page\" data-elementor-id=\"2589\" class=\"elementor elementor-2589\" data-elementor-post-type=\"page\">\n\t\t\t\t\t\t<section class=\"elementor-section elementor-top-section elementor-element elementor-element-3b298501 elementor-section-content-middle elementor-section-boxed elementor-section-height-default elementor-section-height-default\" data-id=\"3b298501\" data-element_type=\"section\" data-e-type=\"section\" data-settings=\"{&quot;background_background&quot;:&quot;classic&quot;}\">\n\t\t\t\t\t\t\t<div class=\"elementor-background-overlay\"><\/div>\n\t\t\t\t\t\t\t<div class=\"elementor-container elementor-column-gap-no\">\n\t\t\t\t\t<div class=\"elementor-column elementor-col-100 elementor-top-column elementor-element elementor-element-1f0831dc\" data-id=\"1f0831dc\" data-element_type=\"column\" data-e-type=\"column\">\n\t\t\t<div class=\"elementor-widget-wrap elementor-element-populated\">\n\t\t\t\t\t\t<div class=\"elementor-element elementor-element-68061d26 elementor-widget elementor-widget-heading\" data-id=\"68061d26\" data-element_type=\"widget\" data-e-type=\"widget\" data-widget_type=\"heading.default\">\n\t\t\t\t<div class=\"elementor-widget-container\">\n\t\t\t\t\t<h1 class=\"elementor-heading-title elementor-size-default\">Therapieformen erkl\u00e4rt<\/h1>\t\t\t\t<\/div>\n\t\t\t\t<\/div>\n\t\t\t\t<div class=\"elementor-element elementor-element-db920d3 elementor-widget elementor-widget-text-editor\" data-id=\"db920d3\" data-element_type=\"widget\" data-e-type=\"widget\" data-widget_type=\"text-editor.default\">\n\t\t\t\t<div class=\"elementor-widget-container\">\n\t\t\t\t\t\t\t\t\t<p><span style=\"color: #999999;\"><a style=\"color: #999999;\" href=\"https:\/\/admiring-johnson.185-87-21-9.plesk.page\/index.php\/ratgeber\/\">Ratgeber<\/a> -&gt; <span style=\"color: #c7d408;\">Therapieformen erkl\u00e4rt<\/span><\/span><\/p>\t\t\t\t\t\t\t\t<\/div>\n\t\t\t\t<\/div>\n\t\t\t\t\t<\/div>\n\t\t<\/div>\n\t\t\t\t\t<\/div>\n\t\t<\/section>\n\t\t<div class=\"elementor-element elementor-element-7d397330 e-flex e-con-boxed e-con e-parent\" data-id=\"7d397330\" data-element_type=\"container\" data-e-type=\"container\">\n\t\t\t\t\t<div class=\"e-con-inner\">\n\t\t\t\t<div class=\"elementor-element elementor-element-5a456359 elementor-widget elementor-widget-heading\" data-id=\"5a456359\" data-element_type=\"widget\" data-e-type=\"widget\" data-widget_type=\"heading.default\">\n\t\t\t\t<div class=\"elementor-widget-container\">\n\t\t\t\t\t<h2 class=\"elementor-heading-title elementor-size-default\">Welche Behandlung passt zu mir?<\/h2>\t\t\t\t<\/div>\n\t\t\t\t<\/div>\n\t\t\t\t<div class=\"elementor-element elementor-element-2f0e94d0 elementor-widget__width-initial elementor-widget elementor-widget-text-editor\" data-id=\"2f0e94d0\" data-element_type=\"widget\" data-e-type=\"widget\" data-widget_type=\"text-editor.default\">\n\t\t\t\t<div class=\"elementor-widget-container\">\n\t\t\t\t\t\t\t\t\t<p>In der Physiotherapie gibt es viele verschiedene Methoden \u2013 doch nicht jede ist f\u00fcr jedes Beschwerdebild geeignet. Hier stellen wir bew\u00e4hrte Therapieformen verst\u00e4ndlich vor, zeigen ihre Anwendungsbereiche und helfen Ihnen dabei, die passende Behandlung besser einzuordnen.<\/p>\t\t\t\t\t\t\t\t<\/div>\n\t\t\t\t<\/div>\n\t\t\t\t\t<\/div>\n\t\t\t\t<\/div>\n\t\t<div class=\"elementor-element elementor-element-ee5b075 e-flex e-con-boxed e-con e-parent\" data-id=\"ee5b075\" data-element_type=\"container\" data-e-type=\"container\">\n\t\t\t\t\t<div class=\"e-con-inner\">\n\t\t\t\t<div class=\"elementor-element elementor-element-1516e9b elementor-grid-3 elementor-grid-tablet-2 elementor-grid-mobile-1 elementor-posts--thumbnail-top elementor-card-shadow-yes elementor-posts__hover-gradient elementor-widget elementor-widget-posts\" data-id=\"1516e9b\" data-element_type=\"widget\" data-e-type=\"widget\" data-settings=\"{&quot;cards_columns&quot;:&quot;3&quot;,&quot;cards_columns_tablet&quot;:&quot;2&quot;,&quot;cards_columns_mobile&quot;:&quot;1&quot;,&quot;cards_row_gap&quot;:{&quot;unit&quot;:&quot;px&quot;,&quot;size&quot;:35,&quot;sizes&quot;:[]},&quot;cards_row_gap_tablet&quot;:{&quot;unit&quot;:&quot;px&quot;,&quot;size&quot;:&quot;&quot;,&quot;sizes&quot;:[]},&quot;cards_row_gap_mobile&quot;:{&quot;unit&quot;:&quot;px&quot;,&quot;size&quot;:&quot;&quot;,&quot;sizes&quot;:[]}}\" data-widget_type=\"posts.cards\">\n\t\t\t\t<div class=\"elementor-widget-container\">\n\t\t\t\t\t\t\t<div class=\"elementor-posts-container elementor-posts elementor-posts--skin-cards elementor-grid\" role=\"list\">\n\t\t\t\t<article class=\"elementor-post elementor-grid-item post-5778 post type-post status-publish format-standard hentry category-therapieformen-erklaert\" role=\"listitem\">\n\t\t\t<div class=\"elementor-post__card\">\n\t\t\t\t<div class=\"elementor-post__text\">\n\t\t\t\t<h3 class=\"elementor-post__title\">\n\t\t\t<a href=\"https:\/\/physio-pb.de\/index.php\/2025\/05\/29\/medikamentse-therapie-wirkungen-unterschiede\/\" target=&quot;_blank&quot;>\n\t\t\t\tMedikament\u00f6se Therapie: Wirkungen &amp; Unterschiede\t\t\t<\/a>\n\t\t<\/h3>\n\t\t\t\t<div class=\"elementor-post__excerpt\">\n\t\t\t<p>F\u00fcr viele Menschen sind Medikamente ein fester Bestandteil des Alltags geworden. Ob bei Schmerzen, Infektionen oder chronischen Erkrankungen &#8211; Arzneimittel helfen, &lt;a style=&quot;text-decoration: underline;&quot; href=&quot;psychosomatische-beschwerden-warnsignale-richtig-deuten\/&#8220;&gt;Beschwerden<\/p>\n\t\t<\/div>\n\t\t\t\t\t<div class=\"elementor-post__read-more-wrapper\">\n\t\t\n\t\t<a class=\"elementor-post__read-more\" href=\"https:\/\/physio-pb.de\/index.php\/2025\/05\/29\/medikamentse-therapie-wirkungen-unterschiede\/\" aria-label=\"Mehr \u00fcber Medikament\u00f6se Therapie: Wirkungen &amp; Unterschiede\" tabindex=\"-1\" target=\"_blank\">\n\t\t\tweiterlesen \u00bb\t\t<\/a>\n\n\t\t\t\t\t<\/div>\n\t\t\t\t<\/div>\n\t\t\t\t<div class=\"elementor-post__meta-data\">\n\t\t\t\t\t<span class=\"elementor-post-date\">\n\t\t\tMai 29, 2025\t\t<\/span>\n\t\t\t\t<span class=\"elementor-post-avatar\">\n\t\t\tKeine Kommentare\t\t<\/span>\n\t\t\t\t<\/div>\n\t\t\t\t\t<\/div>\n\t\t<\/article>\n\t\t\t\t<article class=\"elementor-post elementor-grid-item post-5779 post type-post status-publish format-standard hentry category-therapieformen-erklaert\" role=\"listitem\">\n\t\t\t<div class=\"elementor-post__card\">\n\t\t\t\t<div class=\"elementor-post__text\">\n\t\t\t\t<h3 class=\"elementor-post__title\">\n\t\t\t<a href=\"https:\/\/physio-pb.de\/index.php\/2025\/05\/29\/psychotherapie-bei-chronischen-schmerzen-anstze\/\" target=&quot;_blank&quot;>\n\t\t\t\tPsychotherapie bei chronischen Schmerzen: Ans\u00e4tze\t\t\t<\/a>\n\t\t<\/h3>\n\t\t\t\t<div class=\"elementor-post__excerpt\">\n\t\t\t<p>Chronische Schmerzen beeintr\u00e4chtigen das Leben vieler Menschen. Sie hinterlassen Spuren im Alltag, in der Arbeit und im Familienleben. Oft bleibt die Hoffnung, die &lt;a style=&quot;text-decoration:<\/p>\n\t\t<\/div>\n\t\t\t\t\t<div class=\"elementor-post__read-more-wrapper\">\n\t\t\n\t\t<a class=\"elementor-post__read-more\" href=\"https:\/\/physio-pb.de\/index.php\/2025\/05\/29\/psychotherapie-bei-chronischen-schmerzen-anstze\/\" aria-label=\"Mehr \u00fcber Psychotherapie bei chronischen Schmerzen: Ans\u00e4tze\" tabindex=\"-1\" target=\"_blank\">\n\t\t\tweiterlesen \u00bb\t\t<\/a>\n\n\t\t\t\t\t<\/div>\n\t\t\t\t<\/div>\n\t\t\t\t<div class=\"elementor-post__meta-data\">\n\t\t\t\t\t<span class=\"elementor-post-date\">\n\t\t\tMai 29, 2025\t\t<\/span>\n\t\t\t\t<span class=\"elementor-post-avatar\">\n\t\t\tKeine Kommentare\t\t<\/span>\n\t\t\t\t<\/div>\n\t\t\t\t\t<\/div>\n\t\t<\/article>\n\t\t\t\t<article class=\"elementor-post elementor-grid-item post-5780 post type-post status-publish format-standard hentry category-therapieformen-erklaert\" role=\"listitem\">\n\t\t\t<div class=\"elementor-post__card\">\n\t\t\t\t<div class=\"elementor-post__text\">\n\t\t\t\t<h3 class=\"elementor-post__title\">\n\t\t\t<a href=\"https:\/\/physio-pb.de\/index.php\/2025\/05\/29\/alternative-therapieformen-methoden-im-vergleich\/\" target=&quot;_blank&quot;>\n\t\t\t\tAlternative Therapieformen: Methoden im Vergleich\t\t\t<\/a>\n\t\t<\/h3>\n\t\t\t\t<div class=\"elementor-post__excerpt\">\n\t\t\t<p>Immer mehr Menschen interessieren sich f\u00fcr alternative Therapieformen. Sie suchen nach sanften Methoden, um &lt;a style=&quot;text-decoration: underline;&quot; href=&quot;psychosomatische-beschwerden-warnsignale-richtig-deuten\/&#8220;&gt;Beschwerden zu lindern oder die Gesundheit zu f\u00f6rdern.<\/p>\n\t\t<\/div>\n\t\t\t\t\t<div class=\"elementor-post__read-more-wrapper\">\n\t\t\n\t\t<a class=\"elementor-post__read-more\" href=\"https:\/\/physio-pb.de\/index.php\/2025\/05\/29\/alternative-therapieformen-methoden-im-vergleich\/\" aria-label=\"Mehr \u00fcber Alternative Therapieformen: Methoden im Vergleich\" tabindex=\"-1\" target=\"_blank\">\n\t\t\tweiterlesen \u00bb\t\t<\/a>\n\n\t\t\t\t\t<\/div>\n\t\t\t\t<\/div>\n\t\t\t\t<div class=\"elementor-post__meta-data\">\n\t\t\t\t\t<span class=\"elementor-post-date\">\n\t\t\tMai 29, 2025\t\t<\/span>\n\t\t\t\t<span class=\"elementor-post-avatar\">\n\t\t\tKeine Kommentare\t\t<\/span>\n\t\t\t\t<\/div>\n\t\t\t\t\t<\/div>\n\t\t<\/article>\n\t\t\t\t<article class=\"elementor-post elementor-grid-item post-5781 post type-post status-publish format-standard hentry category-therapieformen-erklaert\" role=\"listitem\">\n\t\t\t<div class=\"elementor-post__card\">\n\t\t\t\t<div class=\"elementor-post__text\">\n\t\t\t\t<h3 class=\"elementor-post__title\">\n\t\t\t<a href=\"https:\/\/physio-pb.de\/index.php\/2025\/05\/29\/interdisziplinre-schmerztherapie-konzept-vorteile\/\" target=&quot;_blank&quot;>\n\t\t\t\tInterdisziplin\u00e4re Schmerztherapie: Konzept &amp; Vorteile\t\t\t<\/a>\n\t\t<\/h3>\n\t\t\t\t<div class=\"elementor-post__excerpt\">\n\t\t\t<p>Chronische Schmerzen sind f\u00fcr viele Menschen belastend und schr\u00e4nken die Lebensqualit\u00e4t stark ein. H\u00e4ufig reicht eine klassische Behandlung mit Tabletten oder Physiotherapie nicht aus, um<\/p>\n\t\t<\/div>\n\t\t\t\t\t<div class=\"elementor-post__read-more-wrapper\">\n\t\t\n\t\t<a class=\"elementor-post__read-more\" href=\"https:\/\/physio-pb.de\/index.php\/2025\/05\/29\/interdisziplinre-schmerztherapie-konzept-vorteile\/\" aria-label=\"Mehr \u00fcber Interdisziplin\u00e4re Schmerztherapie: Konzept &amp; Vorteile\" tabindex=\"-1\" target=\"_blank\">\n\t\t\tweiterlesen \u00bb\t\t<\/a>\n\n\t\t\t\t\t<\/div>\n\t\t\t\t<\/div>\n\t\t\t\t<div class=\"elementor-post__meta-data\">\n\t\t\t\t\t<span class=\"elementor-post-date\">\n\t\t\tMai 29, 2025\t\t<\/span>\n\t\t\t\t<span class=\"elementor-post-avatar\">\n\t\t\tKeine Kommentare\t\t<\/span>\n\t\t\t\t<\/div>\n\t\t\t\t\t<\/div>\n\t\t<\/article>\n\t\t\t\t<article class=\"elementor-post elementor-grid-item post-5782 post type-post status-publish format-standard hentry category-therapieformen-erklaert\" role=\"listitem\">\n\t\t\t<div class=\"elementor-post__card\">\n\t\t\t\t<div class=\"elementor-post__text\">\n\t\t\t\t<h3 class=\"elementor-post__title\">\n\t\t\t<a href=\"https:\/\/physio-pb.de\/index.php\/2025\/05\/29\/interventionelle-therapie-methoden-bei-starken-schmerzen\/\" target=&quot;_blank&quot;>\n\t\t\t\tInterventionelle Therapie: Methoden bei starken Schmerzen\t\t\t<\/a>\n\t\t<\/h3>\n\t\t\t\t<div class=\"elementor-post__excerpt\">\n\t\t\t<p>Starke Schmerzen belasten Betroffene oft stark. Klassische Schmerzmittel helfen bei chronischen &lt;a style=&quot;text-decoration: underline;&quot; href=&quot;psychosomatische-beschwerden-warnsignale-richtig-deuten\/&#8220;&gt;Beschwerden nicht immer. Interventionelle Methoden bieten dann eine weitere Behandlungsm\u00f6glichkeit. Sie<\/p>\n\t\t<\/div>\n\t\t\t\t\t<div class=\"elementor-post__read-more-wrapper\">\n\t\t\n\t\t<a class=\"elementor-post__read-more\" href=\"https:\/\/physio-pb.de\/index.php\/2025\/05\/29\/interventionelle-therapie-methoden-bei-starken-schmerzen\/\" aria-label=\"Mehr \u00fcber Interventionelle Therapie: Methoden bei starken Schmerzen\" tabindex=\"-1\" target=\"_blank\">\n\t\t\tweiterlesen \u00bb\t\t<\/a>\n\n\t\t\t\t\t<\/div>\n\t\t\t\t<\/div>\n\t\t\t\t<div class=\"elementor-post__meta-data\">\n\t\t\t\t\t<span class=\"elementor-post-date\">\n\t\t\tMai 29, 2025\t\t<\/span>\n\t\t\t\t<span class=\"elementor-post-avatar\">\n\t\t\tKeine Kommentare\t\t<\/span>\n\t\t\t\t<\/div>\n\t\t\t\t\t<\/div>\n\t\t<\/article>\n\t\t\t\t<article class=\"elementor-post elementor-grid-item post-5783 post type-post status-publish format-standard hentry category-therapieformen-erklaert\" role=\"listitem\">\n\t\t\t<div class=\"elementor-post__card\">\n\t\t\t\t<div class=\"elementor-post__text\">\n\t\t\t\t<h3 class=\"elementor-post__title\">\n\t\t\t<a href=\"https:\/\/physio-pb.de\/index.php\/2025\/05\/29\/patientenbeteiligung-selbstmanagement-als-therapieform\/\" target=&quot;_blank&quot;>\n\t\t\t\tPatientenbeteiligung: Selbstmanagement als Therapieform\t\t\t<\/a>\n\t\t<\/h3>\n\t\t\t\t<div class=\"elementor-post__excerpt\">\n\t\t\t<p>Die moderne Medizin ver\u00e4ndert sich rasant. Patienten m\u00f6chten nicht mehr nur Befehle befolgen, sondern aktiv an ihrer Gesundheit mitwirken. Das Konzept des Selbstmanagements r\u00fcckt dabei<\/p>\n\t\t<\/div>\n\t\t\t\t\t<div class=\"elementor-post__read-more-wrapper\">\n\t\t\n\t\t<a class=\"elementor-post__read-more\" href=\"https:\/\/physio-pb.de\/index.php\/2025\/05\/29\/patientenbeteiligung-selbstmanagement-als-therapieform\/\" aria-label=\"Mehr \u00fcber Patientenbeteiligung: Selbstmanagement als Therapieform\" tabindex=\"-1\" target=\"_blank\">\n\t\t\tweiterlesen \u00bb\t\t<\/a>\n\n\t\t\t\t\t<\/div>\n\t\t\t\t<\/div>\n\t\t\t\t<div class=\"elementor-post__meta-data\">\n\t\t\t\t\t<span class=\"elementor-post-date\">\n\t\t\tMai 29, 2025\t\t<\/span>\n\t\t\t\t<span class=\"elementor-post-avatar\">\n\t\t\tKeine Kommentare\t\t<\/span>\n\t\t\t\t<\/div>\n\t\t\t\t\t<\/div>\n\t\t<\/article>\n\t\t\t\t<\/div>\n\t\t\n\t\t\t\t\t\t<\/div>\n\t\t\t\t<\/div>\n\t\t\t\t\t<\/div>\n\t\t\t\t<\/div>\n\t\t<div class=\"elementor-element elementor-element-4924f8d4 e-flex e-con-boxed e-con e-parent\" data-id=\"4924f8d4\" data-element_type=\"container\" data-e-type=\"container\">\n\t\t\t\t\t<div class=\"e-con-inner\">\n\t\t\t\t<div class=\"elementor-element elementor-element-635c7bd9 elementor-widget elementor-widget-spacer\" data-id=\"635c7bd9\" data-element_type=\"widget\" data-e-type=\"widget\" data-widget_type=\"spacer.default\">\n\t\t\t\t<div class=\"elementor-widget-container\">\n\t\t\t\t\t\t\t<div class=\"elementor-spacer\">\n\t\t\t<div class=\"elementor-spacer-inner\"><\/div>\n\t\t<\/div>\n\t\t\t\t\t\t<\/div>\n\t\t\t\t<\/div>\n\t\t\t\t\t<\/div>\n\t\t\t\t<\/div>\n\t\t\t\t<\/div>\n\t\t","protected":false},"excerpt":{"rendered":"<p>Therapieformen erkl\u00e4rt Ratgeber -&gt; Therapieformen erkl\u00e4rt Welche Behandlung passt zu mir? In der Physiotherapie gibt es viele verschiedene Methoden \u2013 doch nicht jede ist f\u00fcr jedes Beschwerdebild geeignet. Hier stellen wir bew\u00e4hrte Therapieformen verst\u00e4ndlich vor, zeigen ihre Anwendungsbereiche und helfen Ihnen dabei, die passende Behandlung besser einzuordnen.<\/p>\n","protected":false},"author":1,"featured_media":0,"parent":0,"menu_order":0,"comment_status":"closed","ping_status":"closed","template":"","meta":{"footnotes":""},"class_list":["post-2589","page","type-page","status-publish","hentry"],"yoast_head":"<!-- This site is optimized with the Yoast SEO plugin v25.1 - https:\/\/yoast.com\/wordpress\/plugins\/seo\/ -->\n<title>Therapieformen erkl\u00e4rt (Blog) - Physiotherapie und Gesundheit<\/title>\n<meta name=\"robots\" content=\"index, follow, max-snippet:-1, max-image-preview:large, max-video-preview:-1\" \/>\n<link rel=\"canonical\" href=\"https:\/\/physio-pb.de\/index.php\/therapieformen-erklart\/\" \/>\n<meta property=\"og:locale\" content=\"de_DE\" \/>\n<meta property=\"og:type\" content=\"article\" \/>\n<meta property=\"og:title\" content=\"Therapieformen erkl\u00e4rt (Blog) - Physiotherapie und Gesundheit\" \/>\n<meta property=\"og:description\" content=\"Therapieformen erkl\u00e4rt Ratgeber -&gt; Therapieformen erkl\u00e4rt Welche Behandlung passt zu mir? In der Physiotherapie gibt es viele verschiedene Methoden \u2013 doch nicht jede ist f\u00fcr jedes Beschwerdebild geeignet. Hier stellen wir bew\u00e4hrte Therapieformen verst\u00e4ndlich vor, zeigen ihre Anwendungsbereiche und helfen Ihnen dabei, die passende Behandlung besser einzuordnen.\" \/>\n<meta property=\"og:url\" content=\"https:\/\/physio-pb.de\/index.php\/therapieformen-erklart\/\" \/>\n<meta property=\"og:site_name\" content=\"Physiotherapie und Gesundheit\" \/>\n<meta property=\"article:modified_time\" content=\"2025-05-23T09:59:49+00:00\" \/>\n<meta name=\"twitter:card\" content=\"summary_large_image\" \/>\n<meta name=\"twitter:label1\" content=\"Gesch\u00e4tzte Lesezeit\" \/>\n\t<meta name=\"twitter:data1\" content=\"1\u00a0Minute\" \/>\n<script type=\"application\/ld+json\" class=\"yoast-schema-graph\">{\"@context\":\"https:\/\/schema.org\",\"@graph\":[{\"@type\":\"WebPage\",\"@id\":\"https:\/\/physio-pb.de\/index.php\/therapieformen-erklart\/\",\"url\":\"https:\/\/physio-pb.de\/index.php\/therapieformen-erklart\/\",\"name\":\"Therapieformen erkl\u00e4rt (Blog) - Physiotherapie und Gesundheit\",\"isPartOf\":{\"@id\":\"https:\/\/physio-pb.de\/#website\"},\"datePublished\":\"2025-05-21T13:31:40+00:00\",\"dateModified\":\"2025-05-23T09:59:49+00:00\",\"breadcrumb\":{\"@id\":\"https:\/\/physio-pb.de\/index.php\/therapieformen-erklart\/#breadcrumb\"},\"inLanguage\":\"de\",\"potentialAction\":[{\"@type\":\"ReadAction\",\"target\":[\"https:\/\/physio-pb.de\/index.php\/therapieformen-erklart\/\"]}]},{\"@type\":\"BreadcrumbList\",\"@id\":\"https:\/\/physio-pb.de\/index.php\/therapieformen-erklart\/#breadcrumb\",\"itemListElement\":[{\"@type\":\"ListItem\",\"position\":1,\"name\":\"Startseite\",\"item\":\"https:\/\/physio-pb.de\/\"},{\"@type\":\"ListItem\",\"position\":2,\"name\":\"Therapieformen erkl\u00e4rt (Blog)\"}]},{\"@type\":\"WebSite\",\"@id\":\"https:\/\/physio-pb.de\/#website\",\"url\":\"https:\/\/physio-pb.de\/\",\"name\":\"Physiotherapie und Gesundheit\",\"description\":\"\",\"potentialAction\":[{\"@type\":\"SearchAction\",\"target\":{\"@type\":\"EntryPoint\",\"urlTemplate\":\"https:\/\/physio-pb.de\/?s={search_term_string}\"},\"query-input\":{\"@type\":\"PropertyValueSpecification\",\"valueRequired\":true,\"valueName\":\"search_term_string\"}}],\"inLanguage\":\"de\"}]}<\/script>\n<!-- \/ Yoast SEO plugin. -->","yoast_head_json":{"title":"Therapieformen erkl\u00e4rt (Blog) - Physiotherapie und Gesundheit","robots":{"index":"index","follow":"follow","max-snippet":"max-snippet:-1","max-image-preview":"max-image-preview:large","max-video-preview":"max-video-preview:-1"},"canonical":"https:\/\/physio-pb.de\/index.php\/therapieformen-erklart\/","og_locale":"de_DE","og_type":"article","og_title":"Therapieformen erkl\u00e4rt (Blog) - Physiotherapie und Gesundheit","og_description":"Therapieformen erkl\u00e4rt Ratgeber -&gt; Therapieformen erkl\u00e4rt Welche Behandlung passt zu mir? In der Physiotherapie gibt es viele verschiedene Methoden \u2013 doch nicht jede ist f\u00fcr jedes Beschwerdebild geeignet. Hier stellen wir bew\u00e4hrte Therapieformen verst\u00e4ndlich vor, zeigen ihre Anwendungsbereiche und helfen Ihnen dabei, die passende Behandlung besser einzuordnen.","og_url":"https:\/\/physio-pb.de\/index.php\/therapieformen-erklart\/","og_site_name":"Physiotherapie und Gesundheit","article_modified_time":"2025-05-23T09:59:49+00:00","twitter_card":"summary_large_image","twitter_misc":{"Gesch\u00e4tzte Lesezeit":"1\u00a0Minute"},"schema":{"@context":"https:\/\/schema.org","@graph":[{"@type":"WebPage","@id":"https:\/\/physio-pb.de\/index.php\/therapieformen-erklart\/","url":"https:\/\/physio-pb.de\/index.php\/therapieformen-erklart\/","name":"Therapieformen erkl\u00e4rt (Blog) - Physiotherapie und Gesundheit","isPartOf":{"@id":"https:\/\/physio-pb.de\/#website"},"datePublished":"2025-05-21T13:31:40+00:00","dateModified":"2025-05-23T09:59:49+00:00","breadcrumb":{"@id":"https:\/\/physio-pb.de\/index.php\/therapieformen-erklart\/#breadcrumb"},"inLanguage":"de","potentialAction":[{"@type":"ReadAction","target":["https:\/\/physio-pb.de\/index.php\/therapieformen-erklart\/"]}]},{"@type":"BreadcrumbList","@id":"https:\/\/physio-pb.de\/index.php\/therapieformen-erklart\/#breadcrumb","itemListElement":[{"@type":"ListItem","position":1,"name":"Startseite","item":"https:\/\/physio-pb.de\/"},{"@type":"ListItem","position":2,"name":"Therapieformen erkl\u00e4rt (Blog)"}]},{"@type":"WebSite","@id":"https:\/\/physio-pb.de\/#website","url":"https:\/\/physio-pb.de\/","name":"Physiotherapie und Gesundheit","description":"","potentialAction":[{"@type":"SearchAction","target":{"@type":"EntryPoint","urlTemplate":"https:\/\/physio-pb.de\/?s={search_term_string}"},"query-input":{"@type":"PropertyValueSpecification","valueRequired":true,"valueName":"search_term_string"}}],"inLanguage":"de"}]}},"_links":{"self":[{"href":"https:\/\/physio-pb.de\/index.php\/wp-json\/wp\/v2\/pages\/2589","targetHints":{"allow":["GET"]}}],"collection":[{"href":"https:\/\/physio-pb.de\/index.php\/wp-json\/wp\/v2\/pages"}],"about":[{"href":"https:\/\/physio-pb.de\/index.php\/wp-json\/wp\/v2\/types\/page"}],"author":[{"embeddable":true,"href":"https:\/\/physio-pb.de\/index.php\/wp-json\/wp\/v2\/users\/1"}],"replies":[{"embeddable":true,"href":"https:\/\/physio-pb.de\/index.php\/wp-json\/wp\/v2\/comments?post=2589"}],"version-history":[{"count":43,"href":"https:\/\/physio-pb.de\/index.php\/wp-json\/wp\/v2\/pages\/2589\/revisions"}],"predecessor-version":[{"id":3124,"href":"https:\/\/physio-pb.de\/index.php\/wp-json\/wp\/v2\/pages\/2589\/revisions\/3124"}],"wp:attachment":[{"href":"https:\/\/physio-pb.de\/index.php\/wp-json\/wp\/v2\/media?parent=2589"}],"curies":[{"name":"wp","href":"https:\/\/api.w.org\/{rel}","templated":true}]}}