{"id":2631,"date":"2025-05-21T13:50:14","date_gmt":"2025-05-21T13:50:14","guid":{"rendered":"https:\/\/admiring-johnson.185-87-21-9.plesk.page\/?page_id=2631"},"modified":"2025-05-23T10:00:11","modified_gmt":"2025-05-23T10:00:11","slug":"ruckengesundheit","status":"publish","type":"page","link":"https:\/\/physio-pb.de\/index.php\/ruckengesundheit\/","title":{"rendered":"R\u00fcckengesundheit (Blog)"},"content":{"rendered":"\t\t<div data-elementor-type=\"wp-page\" data-elementor-id=\"2631\" class=\"elementor elementor-2631\" data-elementor-post-type=\"page\">\n\t\t\t\t\t\t<section class=\"elementor-section elementor-top-section elementor-element elementor-element-18c11956 elementor-section-content-middle elementor-section-boxed elementor-section-height-default elementor-section-height-default\" data-id=\"18c11956\" data-element_type=\"section\" data-e-type=\"section\" data-settings=\"{&quot;background_background&quot;:&quot;classic&quot;}\">\n\t\t\t\t\t\t\t<div class=\"elementor-background-overlay\"><\/div>\n\t\t\t\t\t\t\t<div class=\"elementor-container elementor-column-gap-no\">\n\t\t\t\t\t<div class=\"elementor-column elementor-col-100 elementor-top-column elementor-element elementor-element-7d0aa9f5\" data-id=\"7d0aa9f5\" data-element_type=\"column\" data-e-type=\"column\">\n\t\t\t<div class=\"elementor-widget-wrap elementor-element-populated\">\n\t\t\t\t\t\t<div class=\"elementor-element elementor-element-616ca619 elementor-widget elementor-widget-heading\" data-id=\"616ca619\" data-element_type=\"widget\" data-e-type=\"widget\" data-widget_type=\"heading.default\">\n\t\t\t\t<div class=\"elementor-widget-container\">\n\t\t\t\t\t<h1 class=\"elementor-heading-title elementor-size-default\">R\u00fcckengesundheit<\/h1>\t\t\t\t<\/div>\n\t\t\t\t<\/div>\n\t\t\t\t<div class=\"elementor-element elementor-element-981420f elementor-widget elementor-widget-text-editor\" data-id=\"981420f\" data-element_type=\"widget\" data-e-type=\"widget\" data-widget_type=\"text-editor.default\">\n\t\t\t\t<div class=\"elementor-widget-container\">\n\t\t\t\t\t\t\t\t\t<p><span style=\"color: #999999;\"><a style=\"color: #999999;\" href=\"https:\/\/admiring-johnson.185-87-21-9.plesk.page\/index.php\/ratgeber\/\">Ratgeber<\/a> -&gt; <span style=\"color: #c7d408;\">R\u00fcckengesundheit<\/span><\/span><\/p>\t\t\t\t\t\t\t\t<\/div>\n\t\t\t\t<\/div>\n\t\t\t\t\t<\/div>\n\t\t<\/div>\n\t\t\t\t\t<\/div>\n\t\t<\/section>\n\t\t<div class=\"elementor-element elementor-element-6af67c72 e-flex e-con-boxed e-con e-parent\" data-id=\"6af67c72\" data-element_type=\"container\" data-e-type=\"container\">\n\t\t\t\t\t<div class=\"e-con-inner\">\n\t\t\t\t<div class=\"elementor-element elementor-element-2e2381f5 elementor-widget elementor-widget-heading\" data-id=\"2e2381f5\" data-element_type=\"widget\" data-e-type=\"widget\" data-widget_type=\"heading.default\">\n\t\t\t\t<div class=\"elementor-widget-container\">\n\t\t\t\t\t<h2 class=\"elementor-heading-title elementor-size-default\">Starker R\u00fccken \u2013 starker Alltag<\/h2>\t\t\t\t<\/div>\n\t\t\t\t<\/div>\n\t\t\t\t<div class=\"elementor-element elementor-element-7ebb7e06 elementor-widget__width-initial elementor-widget elementor-widget-text-editor\" data-id=\"7ebb7e06\" data-element_type=\"widget\" data-e-type=\"widget\" data-widget_type=\"text-editor.default\">\n\t\t\t\t<div class=\"elementor-widget-container\">\n\t\t\t\t\t\t\t\t\t<p>Der R\u00fccken tr\u00e4gt uns durchs Leben \u2013 umso wichtiger ist es, ihn gesund zu halten. In dieser Rubrik zeigen wir, wie R\u00fcckenschmerzen entstehen, was Sie im Alltag dagegen tun k\u00f6nnen und welche \u00dcbungen wirklich helfen, Verspannungen und Haltungssch\u00e4den vorzubeugen.<\/p>\t\t\t\t\t\t\t\t<\/div>\n\t\t\t\t<\/div>\n\t\t\t\t\t<\/div>\n\t\t\t\t<\/div>\n\t\t<div class=\"elementor-element elementor-element-686b664 e-flex e-con-boxed e-con e-parent\" data-id=\"686b664\" data-element_type=\"container\" data-e-type=\"container\">\n\t\t\t\t\t<div class=\"e-con-inner\">\n\t\t\t\t<div class=\"elementor-element elementor-element-cd5a600 elementor-grid-3 elementor-grid-tablet-2 elementor-grid-mobile-1 elementor-posts--thumbnail-top elementor-card-shadow-yes elementor-posts__hover-gradient elementor-widget elementor-widget-posts\" data-id=\"cd5a600\" data-element_type=\"widget\" data-e-type=\"widget\" data-settings=\"{&quot;cards_columns&quot;:&quot;3&quot;,&quot;cards_columns_tablet&quot;:&quot;2&quot;,&quot;cards_columns_mobile&quot;:&quot;1&quot;,&quot;cards_row_gap&quot;:{&quot;unit&quot;:&quot;px&quot;,&quot;size&quot;:35,&quot;sizes&quot;:[]},&quot;cards_row_gap_tablet&quot;:{&quot;unit&quot;:&quot;px&quot;,&quot;size&quot;:&quot;&quot;,&quot;sizes&quot;:[]},&quot;cards_row_gap_mobile&quot;:{&quot;unit&quot;:&quot;px&quot;,&quot;size&quot;:&quot;&quot;,&quot;sizes&quot;:[]}}\" data-widget_type=\"posts.cards\">\n\t\t\t\t<div class=\"elementor-widget-container\">\n\t\t\t\t\t\t\t<div class=\"elementor-posts-container elementor-posts elementor-posts--skin-cards elementor-grid\" role=\"list\">\n\t\t\t\t<article class=\"elementor-post elementor-grid-item post-5830 post type-post status-publish format-standard hentry category-rueckengesundheit\" role=\"listitem\">\n\t\t\t<div class=\"elementor-post__card\">\n\t\t\t\t<div class=\"elementor-post__text\">\n\t\t\t\t<h3 class=\"elementor-post__title\">\n\t\t\t<a href=\"https:\/\/physio-pb.de\/index.php\/2025\/05\/29\/faszientraining-und-bandscheiben-was-hilft-wirklich\/\" target=&quot;_blank&quot;>\n\t\t\t\tFaszientraining und Bandscheiben: Was hilft wirklich?\t\t\t<\/a>\n\t\t<\/h3>\n\t\t\t\t<div class=\"elementor-post__excerpt\">\n\t\t\t<p>R\u00fcckenschmerzen geh\u00f6ren zu den h\u00e4ufigsten &lt;a style=&quot;text-decoration: underline;&quot; href=&quot;psychosomatische-beschwerden-warnsignale-richtig-deuten\/&#8220;&gt;Beschwerden in unserer Gesellschaft. Viele Menschen suchen nach effektiven Methoden, um ihre Wirbels\u00e4ule zu entlasten und die<\/p>\n\t\t<\/div>\n\t\t\t\t\t<div class=\"elementor-post__read-more-wrapper\">\n\t\t\n\t\t<a class=\"elementor-post__read-more\" href=\"https:\/\/physio-pb.de\/index.php\/2025\/05\/29\/faszientraining-und-bandscheiben-was-hilft-wirklich\/\" aria-label=\"Mehr \u00fcber Faszientraining und Bandscheiben: Was hilft wirklich?\" tabindex=\"-1\" target=\"_blank\">\n\t\t\tweiterlesen \u00bb\t\t<\/a>\n\n\t\t\t\t\t<\/div>\n\t\t\t\t<\/div>\n\t\t\t\t<div class=\"elementor-post__meta-data\">\n\t\t\t\t\t<span class=\"elementor-post-date\">\n\t\t\tMai 29, 2025\t\t<\/span>\n\t\t\t\t<span class=\"elementor-post-avatar\">\n\t\t\tKeine Kommentare\t\t<\/span>\n\t\t\t\t<\/div>\n\t\t\t\t\t<\/div>\n\t\t<\/article>\n\t\t\t\t<article class=\"elementor-post elementor-grid-item post-5831 post type-post status-publish format-standard hentry category-rueckengesundheit\" role=\"listitem\">\n\t\t\t<div class=\"elementor-post__card\">\n\t\t\t\t<div class=\"elementor-post__text\">\n\t\t\t\t<h3 class=\"elementor-post__title\">\n\t\t\t<a href=\"https:\/\/physio-pb.de\/index.php\/2025\/05\/29\/ergonomie-am-arbeitsplatz-so-schtzen-sie-ihren-rcken\/\" target=&quot;_blank&quot;>\n\t\t\t\tErgonomie am Arbeitsplatz: So sch\u00fctzen Sie Ihren R\u00fccken\t\t\t<\/a>\n\t\t<\/h3>\n\t\t\t\t<div class=\"elementor-post__excerpt\">\n\t\t\t<p>Ein Arbeitsplatz kann Fluch und Segen zugleich sein. T\u00e4glich verbringen Millionen von Menschen viele Stunden an Schreibtischen oder in B\u00fcros. Doch oft wird dabei die<\/p>\n\t\t<\/div>\n\t\t\t\t\t<div class=\"elementor-post__read-more-wrapper\">\n\t\t\n\t\t<a class=\"elementor-post__read-more\" href=\"https:\/\/physio-pb.de\/index.php\/2025\/05\/29\/ergonomie-am-arbeitsplatz-so-schtzen-sie-ihren-rcken\/\" aria-label=\"Mehr \u00fcber Ergonomie am Arbeitsplatz: So sch\u00fctzen Sie Ihren R\u00fccken\" tabindex=\"-1\" target=\"_blank\">\n\t\t\tweiterlesen \u00bb\t\t<\/a>\n\n\t\t\t\t\t<\/div>\n\t\t\t\t<\/div>\n\t\t\t\t<div class=\"elementor-post__meta-data\">\n\t\t\t\t\t<span class=\"elementor-post-date\">\n\t\t\tMai 29, 2025\t\t<\/span>\n\t\t\t\t<span class=\"elementor-post-avatar\">\n\t\t\tKeine Kommentare\t\t<\/span>\n\t\t\t\t<\/div>\n\t\t\t\t\t<\/div>\n\t\t<\/article>\n\t\t\t\t<article class=\"elementor-post elementor-grid-item post-5832 post type-post status-publish format-standard hentry category-rueckengesundheit\" role=\"listitem\">\n\t\t\t<div class=\"elementor-post__card\">\n\t\t\t\t<div class=\"elementor-post__text\">\n\t\t\t\t<h3 class=\"elementor-post__title\">\n\t\t\t<a href=\"https:\/\/physio-pb.de\/index.php\/2025\/05\/29\/rckenschmerzen-wann-zum-arzt-und-welche-diagnose\/\" target=&quot;_blank&quot;>\n\t\t\t\tR\u00fcckenschmerzen: Wann zum Arzt und welche Diagnose?\t\t\t<\/a>\n\t\t<\/h3>\n\t\t\t\t<div class=\"elementor-post__excerpt\">\n\t\t\t<p>R\u00fcckenschmerzen betreffen Millionen Menschen in Deutschland. Wer kennt es nicht? Ein stechender Schmerz am Morgen, ein Ziehen beim B\u00fccken oder anhaltende &lt;a style=&quot;text-decoration: underline;&quot; href=&quot;psychosomatische-beschwerden-warnsignale-richtig-deuten\/&#8220;&gt;Beschwerden<\/p>\n\t\t<\/div>\n\t\t\t\t\t<div class=\"elementor-post__read-more-wrapper\">\n\t\t\n\t\t<a class=\"elementor-post__read-more\" href=\"https:\/\/physio-pb.de\/index.php\/2025\/05\/29\/rckenschmerzen-wann-zum-arzt-und-welche-diagnose\/\" aria-label=\"Mehr \u00fcber R\u00fcckenschmerzen: Wann zum Arzt und welche Diagnose?\" tabindex=\"-1\" target=\"_blank\">\n\t\t\tweiterlesen \u00bb\t\t<\/a>\n\n\t\t\t\t\t<\/div>\n\t\t\t\t<\/div>\n\t\t\t\t<div class=\"elementor-post__meta-data\">\n\t\t\t\t\t<span class=\"elementor-post-date\">\n\t\t\tMai 29, 2025\t\t<\/span>\n\t\t\t\t<span class=\"elementor-post-avatar\">\n\t\t\tKeine Kommentare\t\t<\/span>\n\t\t\t\t<\/div>\n\t\t\t\t\t<\/div>\n\t\t<\/article>\n\t\t\t\t<article class=\"elementor-post elementor-grid-item post-5833 post type-post status-publish format-standard hentry category-rueckengesundheit\" role=\"listitem\">\n\t\t\t<div class=\"elementor-post__card\">\n\t\t\t\t<div class=\"elementor-post__text\">\n\t\t\t\t<h3 class=\"elementor-post__title\">\n\t\t\t<a href=\"https:\/\/physio-pb.de\/index.php\/2025\/05\/29\/rckengesundheit-fr-den-alltag-die-besten-routinen\/\" target=&quot;_blank&quot;>\n\t\t\t\tR\u00fcckengesundheit f\u00fcr den Alltag: Die besten Routinen\t\t\t<\/a>\n\t\t<\/h3>\n\t\t\t\t<div class=\"elementor-post__excerpt\">\n\t\t\t<p>Im hektischen Alltag r\u00fcckt das Thema R\u00fcckengesundheit oft in den Hintergrund. Doch R\u00fcckenschmerzen z\u00e4hlen weltweit zu den h\u00e4ufigsten &lt;a style=&quot;text-decoration: underline;&quot; href=&quot;psychosomatische-beschwerden-warnsignale-richtig-deuten\/&#8220;&gt;Beschwerden &#8211; und das<\/p>\n\t\t<\/div>\n\t\t\t\t\t<div class=\"elementor-post__read-more-wrapper\">\n\t\t\n\t\t<a class=\"elementor-post__read-more\" href=\"https:\/\/physio-pb.de\/index.php\/2025\/05\/29\/rckengesundheit-fr-den-alltag-die-besten-routinen\/\" aria-label=\"Mehr \u00fcber R\u00fcckengesundheit f\u00fcr den Alltag: Die besten Routinen\" tabindex=\"-1\" target=\"_blank\">\n\t\t\tweiterlesen \u00bb\t\t<\/a>\n\n\t\t\t\t\t<\/div>\n\t\t\t\t<\/div>\n\t\t\t\t<div class=\"elementor-post__meta-data\">\n\t\t\t\t\t<span class=\"elementor-post-date\">\n\t\t\tMai 29, 2025\t\t<\/span>\n\t\t\t\t<span class=\"elementor-post-avatar\">\n\t\t\tKeine Kommentare\t\t<\/span>\n\t\t\t\t<\/div>\n\t\t\t\t\t<\/div>\n\t\t<\/article>\n\t\t\t\t<article class=\"elementor-post elementor-grid-item post-5834 post type-post status-publish format-standard hentry category-rueckengesundheit\" role=\"listitem\">\n\t\t\t<div class=\"elementor-post__card\">\n\t\t\t\t<div class=\"elementor-post__text\">\n\t\t\t\t<h3 class=\"elementor-post__title\">\n\t\t\t<a href=\"https:\/\/physio-pb.de\/index.php\/2025\/05\/29\/rckengesund-alt-werden-prvention-im-alter\/\" target=&quot;_blank&quot;>\n\t\t\t\tR\u00fcckengesund alt werden: Pr\u00e4vention im Alter\t\t\t<\/a>\n\t\t<\/h3>\n\t\t\t\t<div class=\"elementor-post__excerpt\">\n\t\t\t<p>Ein gesunder R\u00fccken ist das Fundament f\u00fcr Lebensqualit\u00e4t &#8211; besonders im Alter. R\u00fcckenschmerzen z\u00e4hlen zu den h\u00e4ufigsten &lt;a style=&quot;text-decoration: underline;&quot; href=&quot;psychosomatische-beschwerden-warnsignale-richtig-deuten\/&#8220;&gt;Beschwerden bei \u00e4lteren Menschen. Doch<\/p>\n\t\t<\/div>\n\t\t\t\t\t<div class=\"elementor-post__read-more-wrapper\">\n\t\t\n\t\t<a class=\"elementor-post__read-more\" href=\"https:\/\/physio-pb.de\/index.php\/2025\/05\/29\/rckengesund-alt-werden-prvention-im-alter\/\" aria-label=\"Mehr \u00fcber R\u00fcckengesund alt werden: Pr\u00e4vention im Alter\" tabindex=\"-1\" target=\"_blank\">\n\t\t\tweiterlesen \u00bb\t\t<\/a>\n\n\t\t\t\t\t<\/div>\n\t\t\t\t<\/div>\n\t\t\t\t<div class=\"elementor-post__meta-data\">\n\t\t\t\t\t<span class=\"elementor-post-date\">\n\t\t\tMai 29, 2025\t\t<\/span>\n\t\t\t\t<span class=\"elementor-post-avatar\">\n\t\t\tKeine Kommentare\t\t<\/span>\n\t\t\t\t<\/div>\n\t\t\t\t\t<\/div>\n\t\t<\/article>\n\t\t\t\t<article class=\"elementor-post elementor-grid-item post-5825 post type-post status-publish format-standard hentry category-rueckengesundheit\" role=\"listitem\">\n\t\t\t<div class=\"elementor-post__card\">\n\t\t\t\t<div class=\"elementor-post__text\">\n\t\t\t\t<h3 class=\"elementor-post__title\">\n\t\t\t<a href=\"https:\/\/physio-pb.de\/index.php\/2025\/05\/29\/rckengesundheit-die-wichtigsten-grundlagen\/\" target=&quot;_blank&quot;>\n\t\t\t\tR\u00fcckengesundheit: Die wichtigsten Grundlagen\t\t\t<\/a>\n\t\t<\/h3>\n\t\t\t\t<div class=\"elementor-post__excerpt\">\n\t\t\t<p>Der R\u00fccken tr\u00e4gt uns durchs Leben und ist im Alltag oft stark gefordert. Dennoch schenken viele Menschen ihm erst Beachtung, wenn Schmerzen auftreten. Dabei ist<\/p>\n\t\t<\/div>\n\t\t\t\t\t<div class=\"elementor-post__read-more-wrapper\">\n\t\t\n\t\t<a class=\"elementor-post__read-more\" href=\"https:\/\/physio-pb.de\/index.php\/2025\/05\/29\/rckengesundheit-die-wichtigsten-grundlagen\/\" aria-label=\"Mehr \u00fcber R\u00fcckengesundheit: Die wichtigsten Grundlagen\" tabindex=\"-1\" target=\"_blank\">\n\t\t\tweiterlesen \u00bb\t\t<\/a>\n\n\t\t\t\t\t<\/div>\n\t\t\t\t<\/div>\n\t\t\t\t<div class=\"elementor-post__meta-data\">\n\t\t\t\t\t<span class=\"elementor-post-date\">\n\t\t\tMai 29, 2025\t\t<\/span>\n\t\t\t\t<span class=\"elementor-post-avatar\">\n\t\t\tKeine Kommentare\t\t<\/span>\n\t\t\t\t<\/div>\n\t\t\t\t\t<\/div>\n\t\t<\/article>\n\t\t\t\t<\/div>\n\t\t\n\t\t\t\t\t\t<\/div>\n\t\t\t\t<\/div>\n\t\t\t\t\t<\/div>\n\t\t\t\t<\/div>\n\t\t<div class=\"elementor-element elementor-element-7fb0573f e-flex e-con-boxed e-con e-parent\" data-id=\"7fb0573f\" data-element_type=\"container\" data-e-type=\"container\">\n\t\t\t\t\t<div class=\"e-con-inner\">\n\t\t\t\t<div class=\"elementor-element elementor-element-b9ae2ea elementor-widget elementor-widget-spacer\" data-id=\"b9ae2ea\" data-element_type=\"widget\" data-e-type=\"widget\" data-widget_type=\"spacer.default\">\n\t\t\t\t<div class=\"elementor-widget-container\">\n\t\t\t\t\t\t\t<div class=\"elementor-spacer\">\n\t\t\t<div class=\"elementor-spacer-inner\"><\/div>\n\t\t<\/div>\n\t\t\t\t\t\t<\/div>\n\t\t\t\t<\/div>\n\t\t\t\t\t<\/div>\n\t\t\t\t<\/div>\n\t\t\t\t<\/div>\n\t\t","protected":false},"excerpt":{"rendered":"<p>R\u00fcckengesundheit Ratgeber -&gt; R\u00fcckengesundheit Starker R\u00fccken \u2013 starker Alltag Der R\u00fccken tr\u00e4gt uns durchs Leben \u2013 umso wichtiger ist es, ihn gesund zu halten. In dieser Rubrik zeigen wir, wie R\u00fcckenschmerzen entstehen, was Sie im Alltag dagegen tun k\u00f6nnen und welche \u00dcbungen wirklich helfen, Verspannungen und Haltungssch\u00e4den vorzubeugen.<\/p>\n","protected":false},"author":1,"featured_media":0,"parent":0,"menu_order":0,"comment_status":"closed","ping_status":"closed","template":"","meta":{"footnotes":""},"class_list":["post-2631","page","type-page","status-publish","hentry"],"yoast_head":"<!-- This site is optimized with the Yoast SEO plugin v25.1 - https:\/\/yoast.com\/wordpress\/plugins\/seo\/ -->\n<title>R\u00fcckengesundheit (Blog) - Physiotherapie und Gesundheit<\/title>\n<meta name=\"robots\" content=\"index, follow, max-snippet:-1, max-image-preview:large, max-video-preview:-1\" \/>\n<link rel=\"canonical\" href=\"https:\/\/physio-pb.de\/index.php\/ruckengesundheit\/\" \/>\n<meta property=\"og:locale\" content=\"de_DE\" \/>\n<meta property=\"og:type\" content=\"article\" \/>\n<meta property=\"og:title\" content=\"R\u00fcckengesundheit (Blog) - Physiotherapie und Gesundheit\" \/>\n<meta property=\"og:description\" content=\"R\u00fcckengesundheit Ratgeber -&gt; R\u00fcckengesundheit Starker R\u00fccken \u2013 starker Alltag Der R\u00fccken tr\u00e4gt uns durchs Leben \u2013 umso wichtiger ist es, ihn gesund zu halten. In dieser Rubrik zeigen wir, wie R\u00fcckenschmerzen entstehen, was Sie im Alltag dagegen tun k\u00f6nnen und welche \u00dcbungen wirklich helfen, Verspannungen und Haltungssch\u00e4den vorzubeugen.\" \/>\n<meta property=\"og:url\" content=\"https:\/\/physio-pb.de\/index.php\/ruckengesundheit\/\" \/>\n<meta property=\"og:site_name\" content=\"Physiotherapie und Gesundheit\" \/>\n<meta property=\"article:modified_time\" content=\"2025-05-23T10:00:11+00:00\" \/>\n<meta name=\"twitter:card\" content=\"summary_large_image\" \/>\n<meta name=\"twitter:label1\" content=\"Gesch\u00e4tzte Lesezeit\" \/>\n\t<meta name=\"twitter:data1\" content=\"2\u00a0Minuten\" \/>\n<script type=\"application\/ld+json\" class=\"yoast-schema-graph\">{\"@context\":\"https:\/\/schema.org\",\"@graph\":[{\"@type\":\"WebPage\",\"@id\":\"https:\/\/physio-pb.de\/index.php\/ruckengesundheit\/\",\"url\":\"https:\/\/physio-pb.de\/index.php\/ruckengesundheit\/\",\"name\":\"R\u00fcckengesundheit (Blog) - Physiotherapie und Gesundheit\",\"isPartOf\":{\"@id\":\"https:\/\/physio-pb.de\/#website\"},\"datePublished\":\"2025-05-21T13:50:14+00:00\",\"dateModified\":\"2025-05-23T10:00:11+00:00\",\"breadcrumb\":{\"@id\":\"https:\/\/physio-pb.de\/index.php\/ruckengesundheit\/#breadcrumb\"},\"inLanguage\":\"de\",\"potentialAction\":[{\"@type\":\"ReadAction\",\"target\":[\"https:\/\/physio-pb.de\/index.php\/ruckengesundheit\/\"]}]},{\"@type\":\"BreadcrumbList\",\"@id\":\"https:\/\/physio-pb.de\/index.php\/ruckengesundheit\/#breadcrumb\",\"itemListElement\":[{\"@type\":\"ListItem\",\"position\":1,\"name\":\"Startseite\",\"item\":\"https:\/\/physio-pb.de\/\"},{\"@type\":\"ListItem\",\"position\":2,\"name\":\"R\u00fcckengesundheit (Blog)\"}]},{\"@type\":\"WebSite\",\"@id\":\"https:\/\/physio-pb.de\/#website\",\"url\":\"https:\/\/physio-pb.de\/\",\"name\":\"Physiotherapie und Gesundheit\",\"description\":\"\",\"potentialAction\":[{\"@type\":\"SearchAction\",\"target\":{\"@type\":\"EntryPoint\",\"urlTemplate\":\"https:\/\/physio-pb.de\/?s={search_term_string}\"},\"query-input\":{\"@type\":\"PropertyValueSpecification\",\"valueRequired\":true,\"valueName\":\"search_term_string\"}}],\"inLanguage\":\"de\"}]}<\/script>\n<!-- \/ Yoast SEO plugin. -->","yoast_head_json":{"title":"R\u00fcckengesundheit (Blog) - Physiotherapie und Gesundheit","robots":{"index":"index","follow":"follow","max-snippet":"max-snippet:-1","max-image-preview":"max-image-preview:large","max-video-preview":"max-video-preview:-1"},"canonical":"https:\/\/physio-pb.de\/index.php\/ruckengesundheit\/","og_locale":"de_DE","og_type":"article","og_title":"R\u00fcckengesundheit (Blog) - Physiotherapie und Gesundheit","og_description":"R\u00fcckengesundheit Ratgeber -&gt; R\u00fcckengesundheit Starker R\u00fccken \u2013 starker Alltag Der R\u00fccken tr\u00e4gt uns durchs Leben \u2013 umso wichtiger ist es, ihn gesund zu halten. In dieser Rubrik zeigen wir, wie R\u00fcckenschmerzen entstehen, was Sie im Alltag dagegen tun k\u00f6nnen und welche \u00dcbungen wirklich helfen, Verspannungen und Haltungssch\u00e4den vorzubeugen.","og_url":"https:\/\/physio-pb.de\/index.php\/ruckengesundheit\/","og_site_name":"Physiotherapie und Gesundheit","article_modified_time":"2025-05-23T10:00:11+00:00","twitter_card":"summary_large_image","twitter_misc":{"Gesch\u00e4tzte Lesezeit":"2\u00a0Minuten"},"schema":{"@context":"https:\/\/schema.org","@graph":[{"@type":"WebPage","@id":"https:\/\/physio-pb.de\/index.php\/ruckengesundheit\/","url":"https:\/\/physio-pb.de\/index.php\/ruckengesundheit\/","name":"R\u00fcckengesundheit (Blog) - Physiotherapie und Gesundheit","isPartOf":{"@id":"https:\/\/physio-pb.de\/#website"},"datePublished":"2025-05-21T13:50:14+00:00","dateModified":"2025-05-23T10:00:11+00:00","breadcrumb":{"@id":"https:\/\/physio-pb.de\/index.php\/ruckengesundheit\/#breadcrumb"},"inLanguage":"de","potentialAction":[{"@type":"ReadAction","target":["https:\/\/physio-pb.de\/index.php\/ruckengesundheit\/"]}]},{"@type":"BreadcrumbList","@id":"https:\/\/physio-pb.de\/index.php\/ruckengesundheit\/#breadcrumb","itemListElement":[{"@type":"ListItem","position":1,"name":"Startseite","item":"https:\/\/physio-pb.de\/"},{"@type":"ListItem","position":2,"name":"R\u00fcckengesundheit (Blog)"}]},{"@type":"WebSite","@id":"https:\/\/physio-pb.de\/#website","url":"https:\/\/physio-pb.de\/","name":"Physiotherapie und Gesundheit","description":"","potentialAction":[{"@type":"SearchAction","target":{"@type":"EntryPoint","urlTemplate":"https:\/\/physio-pb.de\/?s={search_term_string}"},"query-input":{"@type":"PropertyValueSpecification","valueRequired":true,"valueName":"search_term_string"}}],"inLanguage":"de"}]}},"_links":{"self":[{"href":"https:\/\/physio-pb.de\/index.php\/wp-json\/wp\/v2\/pages\/2631","targetHints":{"allow":["GET"]}}],"collection":[{"href":"https:\/\/physio-pb.de\/index.php\/wp-json\/wp\/v2\/pages"}],"about":[{"href":"https:\/\/physio-pb.de\/index.php\/wp-json\/wp\/v2\/types\/page"}],"author":[{"embeddable":true,"href":"https:\/\/physio-pb.de\/index.php\/wp-json\/wp\/v2\/users\/1"}],"replies":[{"embeddable":true,"href":"https:\/\/physio-pb.de\/index.php\/wp-json\/wp\/v2\/comments?post=2631"}],"version-history":[{"count":28,"href":"https:\/\/physio-pb.de\/index.php\/wp-json\/wp\/v2\/pages\/2631\/revisions"}],"predecessor-version":[{"id":3127,"href":"https:\/\/physio-pb.de\/index.php\/wp-json\/wp\/v2\/pages\/2631\/revisions\/3127"}],"wp:attachment":[{"href":"https:\/\/physio-pb.de\/index.php\/wp-json\/wp\/v2\/media?parent=2631"}],"curies":[{"name":"wp","href":"https:\/\/api.w.org\/{rel}","templated":true}]}}