{"id":2656,"date":"2025-05-21T14:12:38","date_gmt":"2025-05-21T14:12:38","guid":{"rendered":"https:\/\/admiring-johnson.185-87-21-9.plesk.page\/?page_id=2656"},"modified":"2025-05-23T10:00:28","modified_gmt":"2025-05-23T10:00:28","slug":"fit-im-alltag-amp-beruf","status":"publish","type":"page","link":"https:\/\/physio-pb.de\/index.php\/fit-im-alltag-amp-beruf\/","title":{"rendered":"Fit im Alltag &amp; Beruf (Blog)"},"content":{"rendered":"\t\t<div data-elementor-type=\"wp-page\" data-elementor-id=\"2656\" class=\"elementor elementor-2656\" data-elementor-post-type=\"page\">\n\t\t\t\t\t\t<section class=\"elementor-section elementor-top-section elementor-element elementor-element-2568b27a elementor-section-content-middle elementor-section-boxed elementor-section-height-default elementor-section-height-default\" data-id=\"2568b27a\" data-element_type=\"section\" data-e-type=\"section\" data-settings=\"{&quot;background_background&quot;:&quot;classic&quot;}\">\n\t\t\t\t\t\t\t<div class=\"elementor-background-overlay\"><\/div>\n\t\t\t\t\t\t\t<div class=\"elementor-container elementor-column-gap-no\">\n\t\t\t\t\t<div class=\"elementor-column elementor-col-100 elementor-top-column elementor-element elementor-element-53307ca6\" data-id=\"53307ca6\" data-element_type=\"column\" data-e-type=\"column\">\n\t\t\t<div class=\"elementor-widget-wrap elementor-element-populated\">\n\t\t\t\t\t\t<div class=\"elementor-element elementor-element-3b12f7aa elementor-widget elementor-widget-heading\" data-id=\"3b12f7aa\" data-element_type=\"widget\" data-e-type=\"widget\" data-widget_type=\"heading.default\">\n\t\t\t\t<div class=\"elementor-widget-container\">\n\t\t\t\t\t<h1 class=\"elementor-heading-title elementor-size-default\">Fit im Alltag &amp; Beruf<\/h1>\t\t\t\t<\/div>\n\t\t\t\t<\/div>\n\t\t\t\t<div class=\"elementor-element elementor-element-dfb7ac4 elementor-widget elementor-widget-text-editor\" data-id=\"dfb7ac4\" data-element_type=\"widget\" data-e-type=\"widget\" data-widget_type=\"text-editor.default\">\n\t\t\t\t<div class=\"elementor-widget-container\">\n\t\t\t\t\t\t\t\t\t<p><span style=\"color: #999999;\"><a style=\"color: #999999;\" href=\"https:\/\/admiring-johnson.185-87-21-9.plesk.page\/index.php\/ratgeber\/\">Ratgeber<\/a> -&gt; <span style=\"color: #c7d408;\">Fit im Alltag &amp; Beruf<\/span><\/span><\/p>\t\t\t\t\t\t\t\t<\/div>\n\t\t\t\t<\/div>\n\t\t\t\t\t<\/div>\n\t\t<\/div>\n\t\t\t\t\t<\/div>\n\t\t<\/section>\n\t\t<div class=\"elementor-element elementor-element-2d98cde2 e-flex e-con-boxed e-con e-parent\" data-id=\"2d98cde2\" data-element_type=\"container\" data-e-type=\"container\">\n\t\t\t\t\t<div class=\"e-con-inner\">\n\t\t\t\t<div class=\"elementor-element elementor-element-2d197646 elementor-widget elementor-widget-heading\" data-id=\"2d197646\" data-element_type=\"widget\" data-e-type=\"widget\" data-widget_type=\"heading.default\">\n\t\t\t\t<div class=\"elementor-widget-container\">\n\t\t\t\t\t<h2 class=\"elementor-heading-title elementor-size-default\">Bewegung, die mit Ihrem Leben funktioniert<\/h2>\t\t\t\t<\/div>\n\t\t\t\t<\/div>\n\t\t\t\t<div class=\"elementor-element elementor-element-646500ff elementor-widget__width-initial elementor-widget elementor-widget-text-editor\" data-id=\"646500ff\" data-element_type=\"widget\" data-e-type=\"widget\" data-widget_type=\"text-editor.default\">\n\t\t\t\t<div class=\"elementor-widget-container\">\n\t\t\t\t\t\t\t\t\t<p>Stundenlanges Sitzen, Stress und Bewegungsmangel hinterlassen Spuren im K\u00f6rper. In dieser Rubrik zeigen wir Ihnen, wie Sie mit kleinen Ver\u00e4nderungen und gezielten \u00dcbungen Ihren Alltag ges\u00fcnder gestalten \u2013 ob im B\u00fcro, zu Hause oder unterwegs.<\/p>\t\t\t\t\t\t\t\t<\/div>\n\t\t\t\t<\/div>\n\t\t\t\t\t<\/div>\n\t\t\t\t<\/div>\n\t\t<div class=\"elementor-element elementor-element-a8fd339 e-flex e-con-boxed e-con e-parent\" data-id=\"a8fd339\" data-element_type=\"container\" data-e-type=\"container\">\n\t\t\t\t\t<div class=\"e-con-inner\">\n\t\t\t\t<div class=\"elementor-element elementor-element-7e7c927 elementor-grid-3 elementor-grid-tablet-2 elementor-grid-mobile-1 elementor-posts--thumbnail-top elementor-card-shadow-yes elementor-posts__hover-gradient elementor-widget elementor-widget-posts\" data-id=\"7e7c927\" data-element_type=\"widget\" data-e-type=\"widget\" data-settings=\"{&quot;cards_columns&quot;:&quot;3&quot;,&quot;cards_columns_tablet&quot;:&quot;2&quot;,&quot;cards_columns_mobile&quot;:&quot;1&quot;,&quot;cards_row_gap&quot;:{&quot;unit&quot;:&quot;px&quot;,&quot;size&quot;:35,&quot;sizes&quot;:[]},&quot;cards_row_gap_tablet&quot;:{&quot;unit&quot;:&quot;px&quot;,&quot;size&quot;:&quot;&quot;,&quot;sizes&quot;:[]},&quot;cards_row_gap_mobile&quot;:{&quot;unit&quot;:&quot;px&quot;,&quot;size&quot;:&quot;&quot;,&quot;sizes&quot;:[]}}\" data-widget_type=\"posts.cards\">\n\t\t\t\t<div class=\"elementor-widget-container\">\n\t\t\t\t\t\t\t<div class=\"elementor-posts-container elementor-posts elementor-posts--skin-cards elementor-grid\" role=\"list\">\n\t\t\t\t<article class=\"elementor-post elementor-grid-item post-5792 post type-post status-publish format-standard hentry category-fit-im-alltag-beruf\" role=\"listitem\">\n\t\t\t<div class=\"elementor-post__card\">\n\t\t\t\t<div class=\"elementor-post__text\">\n\t\t\t\t<h3 class=\"elementor-post__title\">\n\t\t\t<a href=\"https:\/\/physio-pb.de\/index.php\/2025\/05\/29\/wege-zur-arbeit-chancen-fr-mehr-mobilitt-nutzen\/\" target=&quot;_blank&quot;>\n\t\t\t\tWege zur Arbeit: Chancen f\u00fcr mehr Mobilit\u00e4t nutzen\t\t\t<\/a>\n\t\t<\/h3>\n\t\t\t\t<div class=\"elementor-post__excerpt\">\n\t\t\t<p>Der t\u00e4gliche Arbeitsweg bestimmt f\u00fcr viele Menschen den Start in den Tag. Dabei bietet er weitaus mehr Potenzial als reinen Transfer von Zuhause ins B\u00fcro.<\/p>\n\t\t<\/div>\n\t\t\t\t\t<div class=\"elementor-post__read-more-wrapper\">\n\t\t\n\t\t<a class=\"elementor-post__read-more\" href=\"https:\/\/physio-pb.de\/index.php\/2025\/05\/29\/wege-zur-arbeit-chancen-fr-mehr-mobilitt-nutzen\/\" aria-label=\"Mehr \u00fcber Wege zur Arbeit: Chancen f\u00fcr mehr Mobilit\u00e4t nutzen\" tabindex=\"-1\" target=\"_blank\">\n\t\t\tweiterlesen \u00bb\t\t<\/a>\n\n\t\t\t\t\t<\/div>\n\t\t\t\t<\/div>\n\t\t\t\t<div class=\"elementor-post__meta-data\">\n\t\t\t\t\t<span class=\"elementor-post-date\">\n\t\t\tMai 29, 2025\t\t<\/span>\n\t\t\t\t<span class=\"elementor-post-avatar\">\n\t\t\tKeine Kommentare\t\t<\/span>\n\t\t\t\t<\/div>\n\t\t\t\t\t<\/div>\n\t\t<\/article>\n\t\t\t\t<article class=\"elementor-post elementor-grid-item post-5793 post type-post status-publish format-standard hentry category-fit-im-alltag-beruf\" role=\"listitem\">\n\t\t\t<div class=\"elementor-post__card\">\n\t\t\t\t<div class=\"elementor-post__text\">\n\t\t\t\t<h3 class=\"elementor-post__title\">\n\t\t\t<a href=\"https:\/\/physio-pb.de\/index.php\/2025\/05\/29\/stressreduktion-bewegung-entspannung-im-bro-zuhause\/\" target=&quot;_blank&quot;>\n\t\t\t\tStressreduktion &amp; Bewegung: Entspannung im B\u00fcro &amp; Zuhause\t\t\t<\/a>\n\t\t<\/h3>\n\t\t\t\t<div class=\"elementor-post__excerpt\">\n\t\t\t<p>Stress trifft jeden. Vor allem im hektischen Alltag kann der Druck wachsen &#8211; im B\u00fcro und auch zuhause. Viele Menschen suchen nach Wegen, Stress abzubauen<\/p>\n\t\t<\/div>\n\t\t\t\t\t<div class=\"elementor-post__read-more-wrapper\">\n\t\t\n\t\t<a class=\"elementor-post__read-more\" href=\"https:\/\/physio-pb.de\/index.php\/2025\/05\/29\/stressreduktion-bewegung-entspannung-im-bro-zuhause\/\" aria-label=\"Mehr \u00fcber Stressreduktion &amp; Bewegung: Entspannung im B\u00fcro &amp; Zuhause\" tabindex=\"-1\" target=\"_blank\">\n\t\t\tweiterlesen \u00bb\t\t<\/a>\n\n\t\t\t\t\t<\/div>\n\t\t\t\t<\/div>\n\t\t\t\t<div class=\"elementor-post__meta-data\">\n\t\t\t\t\t<span class=\"elementor-post-date\">\n\t\t\tMai 29, 2025\t\t<\/span>\n\t\t\t\t<span class=\"elementor-post-avatar\">\n\t\t\tKeine Kommentare\t\t<\/span>\n\t\t\t\t<\/div>\n\t\t\t\t\t<\/div>\n\t\t<\/article>\n\t\t\t\t<article class=\"elementor-post elementor-grid-item post-5794 post type-post status-publish format-standard hentry category-fit-im-alltag-beruf\" role=\"listitem\">\n\t\t\t<div class=\"elementor-post__card\">\n\t\t\t\t<div class=\"elementor-post__text\">\n\t\t\t\t<h3 class=\"elementor-post__title\">\n\t\t\t<a href=\"https:\/\/physio-pb.de\/index.php\/2025\/05\/29\/dranbleiben-motivationstipps-fr-dauerhaft-mehr-bewegung\/\" target=&quot;_blank&quot;>\n\t\t\t\tDranbleiben: Motivationstipps f\u00fcr dauerhaft mehr Bewegung\t\t\t<\/a>\n\t\t<\/h3>\n\t\t\t\t<div class=\"elementor-post__excerpt\">\n\t\t\t<p>Im hektischen Alltag f\u00e4llt es vielen Menschen schwer, sich regelm\u00e4\u00dfig zu bewegen. Die meisten verbringen viel Zeit im B\u00fcro oder am Schreibtisch. F\u00fcr mehr Gesundheit<\/p>\n\t\t<\/div>\n\t\t\t\t\t<div class=\"elementor-post__read-more-wrapper\">\n\t\t\n\t\t<a class=\"elementor-post__read-more\" href=\"https:\/\/physio-pb.de\/index.php\/2025\/05\/29\/dranbleiben-motivationstipps-fr-dauerhaft-mehr-bewegung\/\" aria-label=\"Mehr \u00fcber Dranbleiben: Motivationstipps f\u00fcr dauerhaft mehr Bewegung\" tabindex=\"-1\" target=\"_blank\">\n\t\t\tweiterlesen \u00bb\t\t<\/a>\n\n\t\t\t\t\t<\/div>\n\t\t\t\t<\/div>\n\t\t\t\t<div class=\"elementor-post__meta-data\">\n\t\t\t\t\t<span class=\"elementor-post-date\">\n\t\t\tMai 29, 2025\t\t<\/span>\n\t\t\t\t<span class=\"elementor-post-avatar\">\n\t\t\tKeine Kommentare\t\t<\/span>\n\t\t\t\t<\/div>\n\t\t\t\t\t<\/div>\n\t\t<\/article>\n\t\t\t\t<article class=\"elementor-post elementor-grid-item post-5785 post type-post status-publish format-standard hentry category-fit-im-alltag-beruf\" role=\"listitem\">\n\t\t\t<div class=\"elementor-post__card\">\n\t\t\t\t<div class=\"elementor-post__text\">\n\t\t\t\t<h3 class=\"elementor-post__title\">\n\t\t\t<a href=\"https:\/\/physio-pb.de\/index.php\/2025\/05\/29\/fit-im-alltag-warum-bewegung-so-wichtig-ist\/\" target=&quot;_blank&quot;>\n\t\t\t\tFit im Alltag: Warum Bewegung so wichtig ist\t\t\t<\/a>\n\t\t<\/h3>\n\t\t\t\t<div class=\"elementor-post__excerpt\">\n\t\t\t<p>Der Alltag vieler Menschen ist gepr\u00e4gt von Sitzen und Stress. Immer mehr Zeit verbringen wir am Schreibtisch, im Auto oder auf dem Sofa. Doch unser<\/p>\n\t\t<\/div>\n\t\t\t\t\t<div class=\"elementor-post__read-more-wrapper\">\n\t\t\n\t\t<a class=\"elementor-post__read-more\" href=\"https:\/\/physio-pb.de\/index.php\/2025\/05\/29\/fit-im-alltag-warum-bewegung-so-wichtig-ist\/\" aria-label=\"Mehr \u00fcber Fit im Alltag: Warum Bewegung so wichtig ist\" tabindex=\"-1\" target=\"_blank\">\n\t\t\tweiterlesen \u00bb\t\t<\/a>\n\n\t\t\t\t\t<\/div>\n\t\t\t\t<\/div>\n\t\t\t\t<div class=\"elementor-post__meta-data\">\n\t\t\t\t\t<span class=\"elementor-post-date\">\n\t\t\tMai 29, 2025\t\t<\/span>\n\t\t\t\t<span class=\"elementor-post-avatar\">\n\t\t\tKeine Kommentare\t\t<\/span>\n\t\t\t\t<\/div>\n\t\t\t\t\t<\/div>\n\t\t<\/article>\n\t\t\t\t<article class=\"elementor-post elementor-grid-item post-5786 post type-post status-publish format-standard hentry category-fit-im-alltag-beruf\" role=\"listitem\">\n\t\t\t<div class=\"elementor-post__card\">\n\t\t\t\t<div class=\"elementor-post__text\">\n\t\t\t\t<h3 class=\"elementor-post__title\">\n\t\t\t<a href=\"https:\/\/physio-pb.de\/index.php\/2025\/05\/29\/ergonomisch-sitzen-im-bro-die-besten-grundregeln\/\" target=&quot;_blank&quot;>\n\t\t\t\tErgonomisch sitzen im B\u00fcro: Die besten Grundregeln\t\t\t<\/a>\n\t\t<\/h3>\n\t\t\t\t<div class=\"elementor-post__excerpt\">\n\t\t\t<p>Immer mehr Menschen verbringen ihren Arbeitsalltag im B\u00fcro und damit viele Stunden im Sitzen. Das hat Folgen f\u00fcr den R\u00fccken, f\u00fcr die Haltung und das<\/p>\n\t\t<\/div>\n\t\t\t\t\t<div class=\"elementor-post__read-more-wrapper\">\n\t\t\n\t\t<a class=\"elementor-post__read-more\" href=\"https:\/\/physio-pb.de\/index.php\/2025\/05\/29\/ergonomisch-sitzen-im-bro-die-besten-grundregeln\/\" aria-label=\"Mehr \u00fcber Ergonomisch sitzen im B\u00fcro: Die besten Grundregeln\" tabindex=\"-1\" target=\"_blank\">\n\t\t\tweiterlesen \u00bb\t\t<\/a>\n\n\t\t\t\t\t<\/div>\n\t\t\t\t<\/div>\n\t\t\t\t<div class=\"elementor-post__meta-data\">\n\t\t\t\t\t<span class=\"elementor-post-date\">\n\t\t\tMai 29, 2025\t\t<\/span>\n\t\t\t\t<span class=\"elementor-post-avatar\">\n\t\t\tKeine Kommentare\t\t<\/span>\n\t\t\t\t<\/div>\n\t\t\t\t\t<\/div>\n\t\t<\/article>\n\t\t\t\t<article class=\"elementor-post elementor-grid-item post-5787 post type-post status-publish format-standard hentry category-fit-im-alltag-beruf\" role=\"listitem\">\n\t\t\t<div class=\"elementor-post__card\">\n\t\t\t\t<div class=\"elementor-post__text\">\n\t\t\t\t<h3 class=\"elementor-post__title\">\n\t\t\t<a href=\"https:\/\/physio-pb.de\/index.php\/2025\/05\/29\/effektive-dehnbungen-fr-lange-brotage\/\" target=&quot;_blank&quot;>\n\t\t\t\tEffektive Dehn\u00fcbungen f\u00fcr lange B\u00fcrotage\t\t\t<\/a>\n\t\t<\/h3>\n\t\t\t\t<div class=\"elementor-post__excerpt\">\n\t\t\t<p>Lange Stunden am Schreibtisch f\u00fchren h\u00e4ufig zu R\u00fcckenschmerzen und unangenehmen Verspannungen. Viele Menschen verbringen den Gro\u00dfteil ihres Alltags im B\u00fcro, oft in der gleichen Position.<\/p>\n\t\t<\/div>\n\t\t\t\t\t<div class=\"elementor-post__read-more-wrapper\">\n\t\t\n\t\t<a class=\"elementor-post__read-more\" href=\"https:\/\/physio-pb.de\/index.php\/2025\/05\/29\/effektive-dehnbungen-fr-lange-brotage\/\" aria-label=\"Mehr \u00fcber Effektive Dehn\u00fcbungen f\u00fcr lange B\u00fcrotage\" tabindex=\"-1\" target=\"_blank\">\n\t\t\tweiterlesen \u00bb\t\t<\/a>\n\n\t\t\t\t\t<\/div>\n\t\t\t\t<\/div>\n\t\t\t\t<div class=\"elementor-post__meta-data\">\n\t\t\t\t\t<span class=\"elementor-post-date\">\n\t\t\tMai 29, 2025\t\t<\/span>\n\t\t\t\t<span class=\"elementor-post-avatar\">\n\t\t\tKeine Kommentare\t\t<\/span>\n\t\t\t\t<\/div>\n\t\t\t\t\t<\/div>\n\t\t<\/article>\n\t\t\t\t<\/div>\n\t\t\n\t\t\t\t\t\t<\/div>\n\t\t\t\t<\/div>\n\t\t\t\t\t<\/div>\n\t\t\t\t<\/div>\n\t\t<div class=\"elementor-element elementor-element-9e35e6 e-flex e-con-boxed e-con e-parent\" data-id=\"9e35e6\" data-element_type=\"container\" data-e-type=\"container\">\n\t\t\t\t\t<div class=\"e-con-inner\">\n\t\t\t\t<div class=\"elementor-element elementor-element-34fe303 elementor-widget elementor-widget-spacer\" data-id=\"34fe303\" data-element_type=\"widget\" data-e-type=\"widget\" data-widget_type=\"spacer.default\">\n\t\t\t\t<div class=\"elementor-widget-container\">\n\t\t\t\t\t\t\t<div class=\"elementor-spacer\">\n\t\t\t<div class=\"elementor-spacer-inner\"><\/div>\n\t\t<\/div>\n\t\t\t\t\t\t<\/div>\n\t\t\t\t<\/div>\n\t\t\t\t\t<\/div>\n\t\t\t\t<\/div>\n\t\t\t\t<\/div>\n\t\t","protected":false},"excerpt":{"rendered":"<p>Fit im Alltag &#038; Beruf Ratgeber -&gt; Fit im Alltag &amp; Beruf Bewegung, die mit Ihrem Leben funktioniert Stundenlanges Sitzen, Stress und Bewegungsmangel hinterlassen Spuren im K\u00f6rper. In dieser Rubrik zeigen wir Ihnen, wie Sie mit kleinen Ver\u00e4nderungen und gezielten \u00dcbungen Ihren Alltag ges\u00fcnder gestalten \u2013 ob im B\u00fcro, zu Hause oder unterwegs.<\/p>\n","protected":false},"author":1,"featured_media":0,"parent":0,"menu_order":0,"comment_status":"closed","ping_status":"closed","template":"","meta":{"footnotes":""},"class_list":["post-2656","page","type-page","status-publish","hentry"],"yoast_head":"<!-- This site is optimized with the Yoast SEO plugin v25.1 - https:\/\/yoast.com\/wordpress\/plugins\/seo\/ -->\n<title>Fit im Alltag &amp; Beruf (Blog) - Physiotherapie und Gesundheit<\/title>\n<meta name=\"robots\" content=\"index, follow, max-snippet:-1, max-image-preview:large, max-video-preview:-1\" \/>\n<link rel=\"canonical\" href=\"https:\/\/physio-pb.de\/index.php\/fit-im-alltag-amp-beruf\/\" \/>\n<meta property=\"og:locale\" content=\"de_DE\" \/>\n<meta property=\"og:type\" content=\"article\" \/>\n<meta property=\"og:title\" content=\"Fit im Alltag &amp; Beruf (Blog) - Physiotherapie und Gesundheit\" \/>\n<meta property=\"og:description\" content=\"Fit im Alltag &#038; Beruf Ratgeber -&gt; Fit im Alltag &amp; Beruf Bewegung, die mit Ihrem Leben funktioniert Stundenlanges Sitzen, Stress und Bewegungsmangel hinterlassen Spuren im K\u00f6rper. In dieser Rubrik zeigen wir Ihnen, wie Sie mit kleinen Ver\u00e4nderungen und gezielten \u00dcbungen Ihren Alltag ges\u00fcnder gestalten \u2013 ob im B\u00fcro, zu Hause oder unterwegs.\" \/>\n<meta property=\"og:url\" content=\"https:\/\/physio-pb.de\/index.php\/fit-im-alltag-amp-beruf\/\" \/>\n<meta property=\"og:site_name\" content=\"Physiotherapie und Gesundheit\" \/>\n<meta property=\"article:modified_time\" content=\"2025-05-23T10:00:28+00:00\" \/>\n<meta name=\"twitter:card\" content=\"summary_large_image\" \/>\n<meta name=\"twitter:label1\" content=\"Gesch\u00e4tzte Lesezeit\" \/>\n\t<meta name=\"twitter:data1\" content=\"1\u00a0Minute\" \/>\n<script type=\"application\/ld+json\" class=\"yoast-schema-graph\">{\"@context\":\"https:\/\/schema.org\",\"@graph\":[{\"@type\":\"WebPage\",\"@id\":\"https:\/\/physio-pb.de\/index.php\/fit-im-alltag-amp-beruf\/\",\"url\":\"https:\/\/physio-pb.de\/index.php\/fit-im-alltag-amp-beruf\/\",\"name\":\"Fit im Alltag &amp; Beruf (Blog) - Physiotherapie und Gesundheit\",\"isPartOf\":{\"@id\":\"https:\/\/physio-pb.de\/#website\"},\"datePublished\":\"2025-05-21T14:12:38+00:00\",\"dateModified\":\"2025-05-23T10:00:28+00:00\",\"breadcrumb\":{\"@id\":\"https:\/\/physio-pb.de\/index.php\/fit-im-alltag-amp-beruf\/#breadcrumb\"},\"inLanguage\":\"de\",\"potentialAction\":[{\"@type\":\"ReadAction\",\"target\":[\"https:\/\/physio-pb.de\/index.php\/fit-im-alltag-amp-beruf\/\"]}]},{\"@type\":\"BreadcrumbList\",\"@id\":\"https:\/\/physio-pb.de\/index.php\/fit-im-alltag-amp-beruf\/#breadcrumb\",\"itemListElement\":[{\"@type\":\"ListItem\",\"position\":1,\"name\":\"Startseite\",\"item\":\"https:\/\/physio-pb.de\/\"},{\"@type\":\"ListItem\",\"position\":2,\"name\":\"Fit im Alltag &amp; Beruf (Blog)\"}]},{\"@type\":\"WebSite\",\"@id\":\"https:\/\/physio-pb.de\/#website\",\"url\":\"https:\/\/physio-pb.de\/\",\"name\":\"Physiotherapie und Gesundheit\",\"description\":\"\",\"potentialAction\":[{\"@type\":\"SearchAction\",\"target\":{\"@type\":\"EntryPoint\",\"urlTemplate\":\"https:\/\/physio-pb.de\/?s={search_term_string}\"},\"query-input\":{\"@type\":\"PropertyValueSpecification\",\"valueRequired\":true,\"valueName\":\"search_term_string\"}}],\"inLanguage\":\"de\"}]}<\/script>\n<!-- \/ Yoast SEO plugin. -->","yoast_head_json":{"title":"Fit im Alltag &amp; Beruf (Blog) - Physiotherapie und Gesundheit","robots":{"index":"index","follow":"follow","max-snippet":"max-snippet:-1","max-image-preview":"max-image-preview:large","max-video-preview":"max-video-preview:-1"},"canonical":"https:\/\/physio-pb.de\/index.php\/fit-im-alltag-amp-beruf\/","og_locale":"de_DE","og_type":"article","og_title":"Fit im Alltag &amp; Beruf (Blog) - Physiotherapie und Gesundheit","og_description":"Fit im Alltag &#038; Beruf Ratgeber -&gt; Fit im Alltag &amp; Beruf Bewegung, die mit Ihrem Leben funktioniert Stundenlanges Sitzen, Stress und Bewegungsmangel hinterlassen Spuren im K\u00f6rper. In dieser Rubrik zeigen wir Ihnen, wie Sie mit kleinen Ver\u00e4nderungen und gezielten \u00dcbungen Ihren Alltag ges\u00fcnder gestalten \u2013 ob im B\u00fcro, zu Hause oder unterwegs.","og_url":"https:\/\/physio-pb.de\/index.php\/fit-im-alltag-amp-beruf\/","og_site_name":"Physiotherapie und Gesundheit","article_modified_time":"2025-05-23T10:00:28+00:00","twitter_card":"summary_large_image","twitter_misc":{"Gesch\u00e4tzte Lesezeit":"1\u00a0Minute"},"schema":{"@context":"https:\/\/schema.org","@graph":[{"@type":"WebPage","@id":"https:\/\/physio-pb.de\/index.php\/fit-im-alltag-amp-beruf\/","url":"https:\/\/physio-pb.de\/index.php\/fit-im-alltag-amp-beruf\/","name":"Fit im Alltag &amp; Beruf (Blog) - Physiotherapie und Gesundheit","isPartOf":{"@id":"https:\/\/physio-pb.de\/#website"},"datePublished":"2025-05-21T14:12:38+00:00","dateModified":"2025-05-23T10:00:28+00:00","breadcrumb":{"@id":"https:\/\/physio-pb.de\/index.php\/fit-im-alltag-amp-beruf\/#breadcrumb"},"inLanguage":"de","potentialAction":[{"@type":"ReadAction","target":["https:\/\/physio-pb.de\/index.php\/fit-im-alltag-amp-beruf\/"]}]},{"@type":"BreadcrumbList","@id":"https:\/\/physio-pb.de\/index.php\/fit-im-alltag-amp-beruf\/#breadcrumb","itemListElement":[{"@type":"ListItem","position":1,"name":"Startseite","item":"https:\/\/physio-pb.de\/"},{"@type":"ListItem","position":2,"name":"Fit im Alltag &amp; Beruf (Blog)"}]},{"@type":"WebSite","@id":"https:\/\/physio-pb.de\/#website","url":"https:\/\/physio-pb.de\/","name":"Physiotherapie und Gesundheit","description":"","potentialAction":[{"@type":"SearchAction","target":{"@type":"EntryPoint","urlTemplate":"https:\/\/physio-pb.de\/?s={search_term_string}"},"query-input":{"@type":"PropertyValueSpecification","valueRequired":true,"valueName":"search_term_string"}}],"inLanguage":"de"}]}},"_links":{"self":[{"href":"https:\/\/physio-pb.de\/index.php\/wp-json\/wp\/v2\/pages\/2656","targetHints":{"allow":["GET"]}}],"collection":[{"href":"https:\/\/physio-pb.de\/index.php\/wp-json\/wp\/v2\/pages"}],"about":[{"href":"https:\/\/physio-pb.de\/index.php\/wp-json\/wp\/v2\/types\/page"}],"author":[{"embeddable":true,"href":"https:\/\/physio-pb.de\/index.php\/wp-json\/wp\/v2\/users\/1"}],"replies":[{"embeddable":true,"href":"https:\/\/physio-pb.de\/index.php\/wp-json\/wp\/v2\/comments?post=2656"}],"version-history":[{"count":28,"href":"https:\/\/physio-pb.de\/index.php\/wp-json\/wp\/v2\/pages\/2656\/revisions"}],"predecessor-version":[{"id":3130,"href":"https:\/\/physio-pb.de\/index.php\/wp-json\/wp\/v2\/pages\/2656\/revisions\/3130"}],"wp:attachment":[{"href":"https:\/\/physio-pb.de\/index.php\/wp-json\/wp\/v2\/media?parent=2656"}],"curies":[{"name":"wp","href":"https:\/\/api.w.org\/{rel}","templated":true}]}}