{"id":2891,"date":"2025-05-23T08:14:57","date_gmt":"2025-05-23T08:14:57","guid":{"rendered":"https:\/\/admiring-johnson.185-87-21-9.plesk.page\/?page_id=2891"},"modified":"2025-05-23T10:01:04","modified_gmt":"2025-05-23T10:01:04","slug":"sport-und-pravention","status":"publish","type":"page","link":"https:\/\/physio-pb.de\/index.php\/sport-und-pravention\/","title":{"rendered":"Sport &amp; Pr\u00e4vention"},"content":{"rendered":"\t\t<div data-elementor-type=\"wp-page\" data-elementor-id=\"2891\" class=\"elementor elementor-2891\" data-elementor-post-type=\"page\">\n\t\t\t\t\t\t<section class=\"elementor-section elementor-top-section elementor-element elementor-element-55a1d46a elementor-section-content-middle elementor-section-boxed elementor-section-height-default elementor-section-height-default\" data-id=\"55a1d46a\" data-element_type=\"section\" data-e-type=\"section\" data-settings=\"{&quot;background_background&quot;:&quot;classic&quot;}\">\n\t\t\t\t\t\t\t<div class=\"elementor-background-overlay\"><\/div>\n\t\t\t\t\t\t\t<div class=\"elementor-container elementor-column-gap-no\">\n\t\t\t\t\t<div class=\"elementor-column elementor-col-100 elementor-top-column elementor-element elementor-element-4a58f86b\" data-id=\"4a58f86b\" data-element_type=\"column\" data-e-type=\"column\">\n\t\t\t<div class=\"elementor-widget-wrap elementor-element-populated\">\n\t\t\t\t\t\t<div class=\"elementor-element elementor-element-4fb1210e elementor-widget elementor-widget-heading\" data-id=\"4fb1210e\" data-element_type=\"widget\" data-e-type=\"widget\" data-widget_type=\"heading.default\">\n\t\t\t\t<div class=\"elementor-widget-container\">\n\t\t\t\t\t<h1 class=\"elementor-heading-title elementor-size-default\">Sport &amp; Pr\u00e4vention<\/h1>\t\t\t\t<\/div>\n\t\t\t\t<\/div>\n\t\t\t\t<div class=\"elementor-element elementor-element-48dc4bf6 elementor-widget elementor-widget-text-editor\" data-id=\"48dc4bf6\" data-element_type=\"widget\" data-e-type=\"widget\" data-widget_type=\"text-editor.default\">\n\t\t\t\t<div class=\"elementor-widget-container\">\n\t\t\t\t\t\t\t\t\t<p><span style=\"color: #999999;\"><a style=\"color: #999999;\" href=\"https:\/\/admiring-johnson.185-87-21-9.plesk.page\/index.php\/ratgeber\/\">Ratgeber<\/a> -&gt; <span style=\"color: #c7d408;\">Sport &amp; Pr\u00e4vention<\/span><\/span><\/p>\t\t\t\t\t\t\t\t<\/div>\n\t\t\t\t<\/div>\n\t\t\t\t\t<\/div>\n\t\t<\/div>\n\t\t\t\t\t<\/div>\n\t\t<\/section>\n\t\t<div class=\"elementor-element elementor-element-66179e81 e-flex e-con-boxed e-con e-parent\" data-id=\"66179e81\" data-element_type=\"container\" data-e-type=\"container\">\n\t\t\t\t\t<div class=\"e-con-inner\">\n\t\t\t\t<div class=\"elementor-element elementor-element-38292f11 elementor-widget elementor-widget-heading\" data-id=\"38292f11\" data-element_type=\"widget\" data-e-type=\"widget\" data-widget_type=\"heading.default\">\n\t\t\t\t<div class=\"elementor-widget-container\">\n\t\t\t\t\t<h2 class=\"elementor-heading-title elementor-size-default\">Training, das vorbeugt und Potenzial entfaltet<\/h2>\t\t\t\t<\/div>\n\t\t\t\t<\/div>\n\t\t\t\t<div class=\"elementor-element elementor-element-7934ae05 elementor-widget__width-initial elementor-widget elementor-widget-text-editor\" data-id=\"7934ae05\" data-element_type=\"widget\" data-e-type=\"widget\" data-widget_type=\"text-editor.default\">\n\t\t\t\t<div class=\"elementor-widget-container\">\n\t\t\t\t\t\t\t\t\t<p>Ob Hobbysport oder Alltag mit k\u00f6rperlicher Belastung \u2013 wer sich bewegt, will leistungsf\u00e4hig bleiben und Verletzungen vermeiden. In dieser Rubrik zeigen wir Ihnen, wie Sie durch gezielte Pr\u00e4vention, effektive \u00dcbungen und smarte Routinen Ihre k\u00f6rperliche Leistungsf\u00e4higkeit steigern und typischen Beschwerden vorbeugen \u2013 sicher, alltagstauglich und nachhaltig.<\/p>\t\t\t\t\t\t\t\t<\/div>\n\t\t\t\t<\/div>\n\t\t\t\t\t<\/div>\n\t\t\t\t<\/div>\n\t\t<div class=\"elementor-element elementor-element-c229783 e-flex e-con-boxed e-con e-parent\" data-id=\"c229783\" data-element_type=\"container\" data-e-type=\"container\">\n\t\t\t\t\t<div class=\"e-con-inner\">\n\t\t\t\t<div class=\"elementor-element elementor-element-2c15e3cb elementor-grid-3 elementor-grid-tablet-2 elementor-grid-mobile-1 elementor-posts--thumbnail-top elementor-card-shadow-yes elementor-posts__hover-gradient elementor-widget elementor-widget-posts\" data-id=\"2c15e3cb\" data-element_type=\"widget\" data-e-type=\"widget\" data-settings=\"{&quot;cards_columns&quot;:&quot;3&quot;,&quot;cards_columns_tablet&quot;:&quot;2&quot;,&quot;cards_columns_mobile&quot;:&quot;1&quot;,&quot;cards_row_gap&quot;:{&quot;unit&quot;:&quot;px&quot;,&quot;size&quot;:35,&quot;sizes&quot;:[]},&quot;cards_row_gap_tablet&quot;:{&quot;unit&quot;:&quot;px&quot;,&quot;size&quot;:&quot;&quot;,&quot;sizes&quot;:[]},&quot;cards_row_gap_mobile&quot;:{&quot;unit&quot;:&quot;px&quot;,&quot;size&quot;:&quot;&quot;,&quot;sizes&quot;:[]}}\" data-widget_type=\"posts.cards\">\n\t\t\t\t<div class=\"elementor-widget-container\">\n\t\t\t\t\t\t\t<div class=\"elementor-posts-container elementor-posts elementor-posts--skin-cards elementor-grid\" role=\"list\">\n\t\t\t\t<article class=\"elementor-post elementor-grid-item post-5857 post type-post status-publish format-standard hentry category-sport-praevention\" role=\"listitem\">\n\t\t\t<div class=\"elementor-post__card\">\n\t\t\t\t<div class=\"elementor-post__text\">\n\t\t\t\t<h3 class=\"elementor-post__title\">\n\t\t\t<a href=\"https:\/\/physio-pb.de\/index.php\/2025\/05\/29\/aufwrmen-richtig-gemacht-verletzungen-vorbeugen\/\" target=&quot;_blank&quot;>\n\t\t\t\tAufw\u00e4rmen richtig gemacht: Verletzungen vorbeugen\t\t\t<\/a>\n\t\t<\/h3>\n\t\t\t\t<div class=\"elementor-post__excerpt\">\n\t\t\t<p>Sport und Bewegung bringen viele Vorteile. Sie machen fit, f\u00f6rdern das Wohlbefinden und steigern die Leistungsf\u00e4higkeit. Doch jede sportliche Aktivit\u00e4t birgt auch Risiken. Besonders Verletzungen<\/p>\n\t\t<\/div>\n\t\t\t\t\t<div class=\"elementor-post__read-more-wrapper\">\n\t\t\n\t\t<a class=\"elementor-post__read-more\" href=\"https:\/\/physio-pb.de\/index.php\/2025\/05\/29\/aufwrmen-richtig-gemacht-verletzungen-vorbeugen\/\" aria-label=\"Mehr \u00fcber Aufw\u00e4rmen richtig gemacht: Verletzungen vorbeugen\" tabindex=\"-1\" target=\"_blank\">\n\t\t\tweiterlesen \u00bb\t\t<\/a>\n\n\t\t\t\t\t<\/div>\n\t\t\t\t<\/div>\n\t\t\t\t<div class=\"elementor-post__meta-data\">\n\t\t\t\t\t<span class=\"elementor-post-date\">\n\t\t\tMai 29, 2025\t\t<\/span>\n\t\t\t\t<span class=\"elementor-post-avatar\">\n\t\t\tKeine Kommentare\t\t<\/span>\n\t\t\t\t<\/div>\n\t\t\t\t\t<\/div>\n\t\t<\/article>\n\t\t\t\t<article class=\"elementor-post elementor-grid-item post-5858 post type-post status-publish format-standard hentry category-sport-praevention\" role=\"listitem\">\n\t\t\t<div class=\"elementor-post__card\">\n\t\t\t\t<div class=\"elementor-post__text\">\n\t\t\t\t<h3 class=\"elementor-post__title\">\n\t\t\t<a href=\"https:\/\/physio-pb.de\/index.php\/2025\/05\/29\/richtiges-dehnen-im-sport-mythen-empfehlungen\/\" target=&quot;_blank&quot;>\n\t\t\t\tRichtiges Dehnen im Sport: Mythen &amp; Empfehlungen\t\t\t<\/a>\n\t\t<\/h3>\n\t\t\t\t<div class=\"elementor-post__excerpt\">\n\t\t\t<p>Sich geschmeidig bewegen, Verletzungen vermeiden und die eigene Leistung verbessern &#8211; Dehnen wird oft als Wundermittel im Sport verkauft. Doch nicht alles, was verbreitet wird,<\/p>\n\t\t<\/div>\n\t\t\t\t\t<div class=\"elementor-post__read-more-wrapper\">\n\t\t\n\t\t<a class=\"elementor-post__read-more\" href=\"https:\/\/physio-pb.de\/index.php\/2025\/05\/29\/richtiges-dehnen-im-sport-mythen-empfehlungen\/\" aria-label=\"Mehr \u00fcber Richtiges Dehnen im Sport: Mythen &amp; Empfehlungen\" tabindex=\"-1\" target=\"_blank\">\n\t\t\tweiterlesen \u00bb\t\t<\/a>\n\n\t\t\t\t\t<\/div>\n\t\t\t\t<\/div>\n\t\t\t\t<div class=\"elementor-post__meta-data\">\n\t\t\t\t\t<span class=\"elementor-post-date\">\n\t\t\tMai 29, 2025\t\t<\/span>\n\t\t\t\t<span class=\"elementor-post-avatar\">\n\t\t\tKeine Kommentare\t\t<\/span>\n\t\t\t\t<\/div>\n\t\t\t\t\t<\/div>\n\t\t<\/article>\n\t\t\t\t<article class=\"elementor-post elementor-grid-item post-5859 post type-post status-publish format-standard hentry category-sport-praevention\" role=\"listitem\">\n\t\t\t<div class=\"elementor-post__card\">\n\t\t\t\t<div class=\"elementor-post__text\">\n\t\t\t\t<h3 class=\"elementor-post__title\">\n\t\t\t<a href=\"https:\/\/physio-pb.de\/index.php\/2025\/05\/29\/die-rolle-der-ernhrung-prvention-leistung\/\" target=&quot;_blank&quot;>\n\t\t\t\tDie Rolle der Ern\u00e4hrung: Pr\u00e4vention &amp; Leistung\t\t\t<\/a>\n\t\t<\/h3>\n\t\t\t\t<div class=\"elementor-post__excerpt\">\n\t\t\t<p>Eine ausgewogene Ern\u00e4hrung ist die Grundlage f\u00fcr ein gesundes und leistungsf\u00e4higes Leben. Sie hilft uns, Krankheiten vorzubeugen, schneller zu regenerieren und unsere Leistungsf\u00e4higkeit im Alltag<\/p>\n\t\t<\/div>\n\t\t\t\t\t<div class=\"elementor-post__read-more-wrapper\">\n\t\t\n\t\t<a class=\"elementor-post__read-more\" href=\"https:\/\/physio-pb.de\/index.php\/2025\/05\/29\/die-rolle-der-ernhrung-prvention-leistung\/\" aria-label=\"Mehr \u00fcber Die Rolle der Ern\u00e4hrung: Pr\u00e4vention &amp; Leistung\" tabindex=\"-1\" target=\"_blank\">\n\t\t\tweiterlesen \u00bb\t\t<\/a>\n\n\t\t\t\t\t<\/div>\n\t\t\t\t<\/div>\n\t\t\t\t<div class=\"elementor-post__meta-data\">\n\t\t\t\t\t<span class=\"elementor-post-date\">\n\t\t\tMai 29, 2025\t\t<\/span>\n\t\t\t\t<span class=\"elementor-post-avatar\">\n\t\t\tKeine Kommentare\t\t<\/span>\n\t\t\t\t<\/div>\n\t\t\t\t\t<\/div>\n\t\t<\/article>\n\t\t\t\t<article class=\"elementor-post elementor-grid-item post-5860 post type-post status-publish format-standard hentry category-sport-praevention\" role=\"listitem\">\n\t\t\t<div class=\"elementor-post__card\">\n\t\t\t\t<div class=\"elementor-post__text\">\n\t\t\t\t<h3 class=\"elementor-post__title\">\n\t\t\t<a href=\"https:\/\/physio-pb.de\/index.php\/2025\/05\/29\/trainingsplanung-fr-nachhaltigen-erfolg-prvention\/\" target=&quot;_blank&quot;>\n\t\t\t\tTrainingsplanung f\u00fcr nachhaltigen Erfolg &amp; Pr\u00e4vention\t\t\t<\/a>\n\t\t<\/h3>\n\t\t\t\t<div class=\"elementor-post__excerpt\">\n\t\t\t<p>Ein gut strukturierter Trainingsplan bildet das Fundament f\u00fcr langfristige sportliche Erfolge. Ohne ein durchdachtes Konzept riskierst du, dich zu \u00fcberlasten oder sogar Verletzungen zu erleiden.<\/p>\n\t\t<\/div>\n\t\t\t\t\t<div class=\"elementor-post__read-more-wrapper\">\n\t\t\n\t\t<a class=\"elementor-post__read-more\" href=\"https:\/\/physio-pb.de\/index.php\/2025\/05\/29\/trainingsplanung-fr-nachhaltigen-erfolg-prvention\/\" aria-label=\"Mehr \u00fcber Trainingsplanung f\u00fcr nachhaltigen Erfolg &amp; Pr\u00e4vention\" tabindex=\"-1\" target=\"_blank\">\n\t\t\tweiterlesen \u00bb\t\t<\/a>\n\n\t\t\t\t\t<\/div>\n\t\t\t\t<\/div>\n\t\t\t\t<div class=\"elementor-post__meta-data\">\n\t\t\t\t\t<span class=\"elementor-post-date\">\n\t\t\tMai 29, 2025\t\t<\/span>\n\t\t\t\t<span class=\"elementor-post-avatar\">\n\t\t\tKeine Kommentare\t\t<\/span>\n\t\t\t\t<\/div>\n\t\t\t\t\t<\/div>\n\t\t<\/article>\n\t\t\t\t<article class=\"elementor-post elementor-grid-item post-5861 post type-post status-publish format-standard hentry category-sport-praevention\" role=\"listitem\">\n\t\t\t<div class=\"elementor-post__card\">\n\t\t\t\t<div class=\"elementor-post__text\">\n\t\t\t\t<h3 class=\"elementor-post__title\">\n\t\t\t<a href=\"https:\/\/physio-pb.de\/index.php\/2025\/05\/29\/regeneration-der-unterschtzte-schlssel-zur-prvention\/\" target=&quot;_blank&quot;>\n\t\t\t\tRegeneration: Der untersch\u00e4tzte Schl\u00fcssel zur Pr\u00e4vention\t\t\t<\/a>\n\t\t<\/h3>\n\t\t\t\t<div class=\"elementor-post__excerpt\">\n\t\t\t<p>Viele Menschen vergessen die Bedeutung der Regeneration im Alltag und Sport. Dabei ist sie ein entscheidender Faktor, um Verletzungen zu vermeiden und dauerhaft gesund zu<\/p>\n\t\t<\/div>\n\t\t\t\t\t<div class=\"elementor-post__read-more-wrapper\">\n\t\t\n\t\t<a class=\"elementor-post__read-more\" href=\"https:\/\/physio-pb.de\/index.php\/2025\/05\/29\/regeneration-der-unterschtzte-schlssel-zur-prvention\/\" aria-label=\"Mehr \u00fcber Regeneration: Der untersch\u00e4tzte Schl\u00fcssel zur Pr\u00e4vention\" tabindex=\"-1\" target=\"_blank\">\n\t\t\tweiterlesen \u00bb\t\t<\/a>\n\n\t\t\t\t\t<\/div>\n\t\t\t\t<\/div>\n\t\t\t\t<div class=\"elementor-post__meta-data\">\n\t\t\t\t\t<span class=\"elementor-post-date\">\n\t\t\tMai 29, 2025\t\t<\/span>\n\t\t\t\t<span class=\"elementor-post-avatar\">\n\t\t\tKeine Kommentare\t\t<\/span>\n\t\t\t\t<\/div>\n\t\t\t\t\t<\/div>\n\t\t<\/article>\n\t\t\t\t<article class=\"elementor-post elementor-grid-item post-5862 post type-post status-publish format-standard hentry category-sport-praevention\" role=\"listitem\">\n\t\t\t<div class=\"elementor-post__card\">\n\t\t\t\t<div class=\"elementor-post__text\">\n\t\t\t\t<h3 class=\"elementor-post__title\">\n\t\t\t<a href=\"https:\/\/physio-pb.de\/index.php\/2025\/05\/29\/mentaltraining-mindset-fr-leistung-prvention\/\" target=&quot;_blank&quot;>\n\t\t\t\tMentaltraining: Mindset f\u00fcr Leistung &amp; Pr\u00e4vention\t\t\t<\/a>\n\t\t<\/h3>\n\t\t\t\t<div class=\"elementor-post__excerpt\">\n\t\t\t<p>Im modernen Sport und Alltag gewinnt die mentale St\u00e4rke immer mehr an Bedeutung. Ein ausgewogenes Mindset f\u00f6rdert nicht nur Spitzenleistungen, sondern hilft auch aktiv bei<\/p>\n\t\t<\/div>\n\t\t\t\t\t<div class=\"elementor-post__read-more-wrapper\">\n\t\t\n\t\t<a class=\"elementor-post__read-more\" href=\"https:\/\/physio-pb.de\/index.php\/2025\/05\/29\/mentaltraining-mindset-fr-leistung-prvention\/\" aria-label=\"Mehr \u00fcber Mentaltraining: Mindset f\u00fcr Leistung &amp; Pr\u00e4vention\" tabindex=\"-1\" target=\"_blank\">\n\t\t\tweiterlesen \u00bb\t\t<\/a>\n\n\t\t\t\t\t<\/div>\n\t\t\t\t<\/div>\n\t\t\t\t<div class=\"elementor-post__meta-data\">\n\t\t\t\t\t<span class=\"elementor-post-date\">\n\t\t\tMai 29, 2025\t\t<\/span>\n\t\t\t\t<span class=\"elementor-post-avatar\">\n\t\t\tKeine Kommentare\t\t<\/span>\n\t\t\t\t<\/div>\n\t\t\t\t\t<\/div>\n\t\t<\/article>\n\t\t\t\t<\/div>\n\t\t\n\t\t\t\t\t\t<\/div>\n\t\t\t\t<\/div>\n\t\t\t\t\t<\/div>\n\t\t\t\t<\/div>\n\t\t<div class=\"elementor-element elementor-element-5369a959 e-flex e-con-boxed e-con e-parent\" data-id=\"5369a959\" data-element_type=\"container\" data-e-type=\"container\">\n\t\t\t\t\t<div class=\"e-con-inner\">\n\t\t\t\t<div class=\"elementor-element elementor-element-2969c313 elementor-widget elementor-widget-spacer\" data-id=\"2969c313\" data-element_type=\"widget\" data-e-type=\"widget\" data-widget_type=\"spacer.default\">\n\t\t\t\t<div class=\"elementor-widget-container\">\n\t\t\t\t\t\t\t<div class=\"elementor-spacer\">\n\t\t\t<div class=\"elementor-spacer-inner\"><\/div>\n\t\t<\/div>\n\t\t\t\t\t\t<\/div>\n\t\t\t\t<\/div>\n\t\t\t\t\t<\/div>\n\t\t\t\t<\/div>\n\t\t\t\t<\/div>\n\t\t","protected":false},"excerpt":{"rendered":"<p>Sport &#038; Pr\u00e4vention Ratgeber -&gt; Sport &amp; Pr\u00e4vention Training, das vorbeugt und Potenzial entfaltet Ob Hobbysport oder Alltag mit k\u00f6rperlicher Belastung \u2013 wer sich bewegt, will leistungsf\u00e4hig bleiben und Verletzungen vermeiden. In dieser Rubrik zeigen wir Ihnen, wie Sie durch gezielte Pr\u00e4vention, effektive \u00dcbungen und smarte Routinen Ihre k\u00f6rperliche Leistungsf\u00e4higkeit steigern und typischen Beschwerden vorbeugen [&hellip;]<\/p>\n","protected":false},"author":1,"featured_media":0,"parent":0,"menu_order":0,"comment_status":"closed","ping_status":"closed","template":"","meta":{"footnotes":""},"class_list":["post-2891","page","type-page","status-publish","hentry"],"yoast_head":"<!-- This site is optimized with the Yoast SEO plugin v25.1 - https:\/\/yoast.com\/wordpress\/plugins\/seo\/ -->\n<title>Sport &amp; Pr\u00e4vention - Physiotherapie und Gesundheit<\/title>\n<meta name=\"robots\" content=\"index, follow, max-snippet:-1, max-image-preview:large, max-video-preview:-1\" \/>\n<link rel=\"canonical\" href=\"https:\/\/physio-pb.de\/index.php\/sport-und-pravention\/\" \/>\n<meta property=\"og:locale\" content=\"de_DE\" \/>\n<meta property=\"og:type\" content=\"article\" \/>\n<meta property=\"og:title\" content=\"Sport &amp; Pr\u00e4vention - Physiotherapie und Gesundheit\" \/>\n<meta property=\"og:description\" content=\"Sport &#038; Pr\u00e4vention Ratgeber -&gt; Sport &amp; Pr\u00e4vention Training, das vorbeugt und Potenzial entfaltet Ob Hobbysport oder Alltag mit k\u00f6rperlicher Belastung \u2013 wer sich bewegt, will leistungsf\u00e4hig bleiben und Verletzungen vermeiden. In dieser Rubrik zeigen wir Ihnen, wie Sie durch gezielte Pr\u00e4vention, effektive \u00dcbungen und smarte Routinen Ihre k\u00f6rperliche Leistungsf\u00e4higkeit steigern und typischen Beschwerden vorbeugen [&hellip;]\" \/>\n<meta property=\"og:url\" content=\"https:\/\/physio-pb.de\/index.php\/sport-und-pravention\/\" \/>\n<meta property=\"og:site_name\" content=\"Physiotherapie und Gesundheit\" \/>\n<meta property=\"article:modified_time\" content=\"2025-05-23T10:01:04+00:00\" \/>\n<meta name=\"twitter:card\" content=\"summary_large_image\" \/>\n<meta name=\"twitter:label1\" content=\"Gesch\u00e4tzte Lesezeit\" \/>\n\t<meta name=\"twitter:data1\" content=\"1\u00a0Minute\" \/>\n<script type=\"application\/ld+json\" class=\"yoast-schema-graph\">{\"@context\":\"https:\/\/schema.org\",\"@graph\":[{\"@type\":\"WebPage\",\"@id\":\"https:\/\/physio-pb.de\/index.php\/sport-und-pravention\/\",\"url\":\"https:\/\/physio-pb.de\/index.php\/sport-und-pravention\/\",\"name\":\"Sport &amp; Pr\u00e4vention - Physiotherapie und Gesundheit\",\"isPartOf\":{\"@id\":\"https:\/\/physio-pb.de\/#website\"},\"datePublished\":\"2025-05-23T08:14:57+00:00\",\"dateModified\":\"2025-05-23T10:01:04+00:00\",\"breadcrumb\":{\"@id\":\"https:\/\/physio-pb.de\/index.php\/sport-und-pravention\/#breadcrumb\"},\"inLanguage\":\"de\",\"potentialAction\":[{\"@type\":\"ReadAction\",\"target\":[\"https:\/\/physio-pb.de\/index.php\/sport-und-pravention\/\"]}]},{\"@type\":\"BreadcrumbList\",\"@id\":\"https:\/\/physio-pb.de\/index.php\/sport-und-pravention\/#breadcrumb\",\"itemListElement\":[{\"@type\":\"ListItem\",\"position\":1,\"name\":\"Startseite\",\"item\":\"https:\/\/physio-pb.de\/\"},{\"@type\":\"ListItem\",\"position\":2,\"name\":\"Sport &amp; Pr\u00e4vention\"}]},{\"@type\":\"WebSite\",\"@id\":\"https:\/\/physio-pb.de\/#website\",\"url\":\"https:\/\/physio-pb.de\/\",\"name\":\"Physiotherapie und Gesundheit\",\"description\":\"\",\"potentialAction\":[{\"@type\":\"SearchAction\",\"target\":{\"@type\":\"EntryPoint\",\"urlTemplate\":\"https:\/\/physio-pb.de\/?s={search_term_string}\"},\"query-input\":{\"@type\":\"PropertyValueSpecification\",\"valueRequired\":true,\"valueName\":\"search_term_string\"}}],\"inLanguage\":\"de\"}]}<\/script>\n<!-- \/ Yoast SEO plugin. -->","yoast_head_json":{"title":"Sport &amp; Pr\u00e4vention - Physiotherapie und Gesundheit","robots":{"index":"index","follow":"follow","max-snippet":"max-snippet:-1","max-image-preview":"max-image-preview:large","max-video-preview":"max-video-preview:-1"},"canonical":"https:\/\/physio-pb.de\/index.php\/sport-und-pravention\/","og_locale":"de_DE","og_type":"article","og_title":"Sport &amp; Pr\u00e4vention - Physiotherapie und Gesundheit","og_description":"Sport &#038; Pr\u00e4vention Ratgeber -&gt; Sport &amp; Pr\u00e4vention Training, das vorbeugt und Potenzial entfaltet Ob Hobbysport oder Alltag mit k\u00f6rperlicher Belastung \u2013 wer sich bewegt, will leistungsf\u00e4hig bleiben und Verletzungen vermeiden. In dieser Rubrik zeigen wir Ihnen, wie Sie durch gezielte Pr\u00e4vention, effektive \u00dcbungen und smarte Routinen Ihre k\u00f6rperliche Leistungsf\u00e4higkeit steigern und typischen Beschwerden vorbeugen [&hellip;]","og_url":"https:\/\/physio-pb.de\/index.php\/sport-und-pravention\/","og_site_name":"Physiotherapie und Gesundheit","article_modified_time":"2025-05-23T10:01:04+00:00","twitter_card":"summary_large_image","twitter_misc":{"Gesch\u00e4tzte Lesezeit":"1\u00a0Minute"},"schema":{"@context":"https:\/\/schema.org","@graph":[{"@type":"WebPage","@id":"https:\/\/physio-pb.de\/index.php\/sport-und-pravention\/","url":"https:\/\/physio-pb.de\/index.php\/sport-und-pravention\/","name":"Sport &amp; Pr\u00e4vention - Physiotherapie und Gesundheit","isPartOf":{"@id":"https:\/\/physio-pb.de\/#website"},"datePublished":"2025-05-23T08:14:57+00:00","dateModified":"2025-05-23T10:01:04+00:00","breadcrumb":{"@id":"https:\/\/physio-pb.de\/index.php\/sport-und-pravention\/#breadcrumb"},"inLanguage":"de","potentialAction":[{"@type":"ReadAction","target":["https:\/\/physio-pb.de\/index.php\/sport-und-pravention\/"]}]},{"@type":"BreadcrumbList","@id":"https:\/\/physio-pb.de\/index.php\/sport-und-pravention\/#breadcrumb","itemListElement":[{"@type":"ListItem","position":1,"name":"Startseite","item":"https:\/\/physio-pb.de\/"},{"@type":"ListItem","position":2,"name":"Sport &amp; Pr\u00e4vention"}]},{"@type":"WebSite","@id":"https:\/\/physio-pb.de\/#website","url":"https:\/\/physio-pb.de\/","name":"Physiotherapie und Gesundheit","description":"","potentialAction":[{"@type":"SearchAction","target":{"@type":"EntryPoint","urlTemplate":"https:\/\/physio-pb.de\/?s={search_term_string}"},"query-input":{"@type":"PropertyValueSpecification","valueRequired":true,"valueName":"search_term_string"}}],"inLanguage":"de"}]}},"_links":{"self":[{"href":"https:\/\/physio-pb.de\/index.php\/wp-json\/wp\/v2\/pages\/2891","targetHints":{"allow":["GET"]}}],"collection":[{"href":"https:\/\/physio-pb.de\/index.php\/wp-json\/wp\/v2\/pages"}],"about":[{"href":"https:\/\/physio-pb.de\/index.php\/wp-json\/wp\/v2\/types\/page"}],"author":[{"embeddable":true,"href":"https:\/\/physio-pb.de\/index.php\/wp-json\/wp\/v2\/users\/1"}],"replies":[{"embeddable":true,"href":"https:\/\/physio-pb.de\/index.php\/wp-json\/wp\/v2\/comments?post=2891"}],"version-history":[{"count":13,"href":"https:\/\/physio-pb.de\/index.php\/wp-json\/wp\/v2\/pages\/2891\/revisions"}],"predecessor-version":[{"id":3133,"href":"https:\/\/physio-pb.de\/index.php\/wp-json\/wp\/v2\/pages\/2891\/revisions\/3133"}],"wp:attachment":[{"href":"https:\/\/physio-pb.de\/index.php\/wp-json\/wp\/v2\/media?parent=2891"}],"curies":[{"name":"wp","href":"https:\/\/api.w.org\/{rel}","templated":true}]}}