{"id":3036,"date":"2025-05-23T09:36:33","date_gmt":"2025-05-23T09:36:33","guid":{"rendered":"https:\/\/admiring-johnson.185-87-21-9.plesk.page\/?page_id=3036"},"modified":"2025-05-23T10:01:32","modified_gmt":"2025-05-23T10:01:32","slug":"rehabilitation-nachsorge","status":"publish","type":"page","link":"https:\/\/physio-pb.de\/index.php\/rehabilitation-nachsorge\/","title":{"rendered":"Rehabilitation &amp; Nachsorge"},"content":{"rendered":"\t\t<div data-elementor-type=\"wp-page\" data-elementor-id=\"3036\" class=\"elementor elementor-3036\" data-elementor-post-type=\"page\">\n\t\t\t\t\t\t<section class=\"elementor-section elementor-top-section elementor-element elementor-element-28db5477 elementor-section-content-middle elementor-section-boxed elementor-section-height-default elementor-section-height-default\" data-id=\"28db5477\" data-element_type=\"section\" data-e-type=\"section\" data-settings=\"{&quot;background_background&quot;:&quot;classic&quot;}\">\n\t\t\t\t\t\t\t<div class=\"elementor-background-overlay\"><\/div>\n\t\t\t\t\t\t\t<div class=\"elementor-container elementor-column-gap-no\">\n\t\t\t\t\t<div class=\"elementor-column elementor-col-100 elementor-top-column elementor-element elementor-element-580b276f\" data-id=\"580b276f\" data-element_type=\"column\" data-e-type=\"column\">\n\t\t\t<div class=\"elementor-widget-wrap elementor-element-populated\">\n\t\t\t\t\t\t<div class=\"elementor-element elementor-element-330f95b7 elementor-widget elementor-widget-heading\" data-id=\"330f95b7\" data-element_type=\"widget\" data-e-type=\"widget\" data-widget_type=\"heading.default\">\n\t\t\t\t<div class=\"elementor-widget-container\">\n\t\t\t\t\t<h1 class=\"elementor-heading-title elementor-size-default\">Rehabilitation &amp; Nachsorge<\/h1>\t\t\t\t<\/div>\n\t\t\t\t<\/div>\n\t\t\t\t<div class=\"elementor-element elementor-element-4b476940 elementor-widget elementor-widget-text-editor\" data-id=\"4b476940\" data-element_type=\"widget\" data-e-type=\"widget\" data-widget_type=\"text-editor.default\">\n\t\t\t\t<div class=\"elementor-widget-container\">\n\t\t\t\t\t\t\t\t\t<p><span style=\"color: #999999;\"><a style=\"color: #999999;\" href=\"https:\/\/admiring-johnson.185-87-21-9.plesk.page\/index.php\/ratgeber\/\">Ratgeber<\/a> -&gt; <span style=\"color: #c7d408;\">Rehabilitation &amp; Nachsorge<\/span><\/span><\/p>\t\t\t\t\t\t\t\t<\/div>\n\t\t\t\t<\/div>\n\t\t\t\t\t<\/div>\n\t\t<\/div>\n\t\t\t\t\t<\/div>\n\t\t<\/section>\n\t\t<div class=\"elementor-element elementor-element-1244a3eb e-flex e-con-boxed e-con e-parent\" data-id=\"1244a3eb\" data-element_type=\"container\" data-e-type=\"container\">\n\t\t\t\t\t<div class=\"e-con-inner\">\n\t\t\t\t<div class=\"elementor-element elementor-element-76b7b79 elementor-widget elementor-widget-heading\" data-id=\"76b7b79\" data-element_type=\"widget\" data-e-type=\"widget\" data-widget_type=\"heading.default\">\n\t\t\t\t<div class=\"elementor-widget-container\">\n\t\t\t\t\t<h2 class=\"elementor-heading-title elementor-size-default\">Zur\u00fcck in Bewegung \u2013 sicher und gezielt<\/h2>\t\t\t\t<\/div>\n\t\t\t\t<\/div>\n\t\t\t\t<div class=\"elementor-element elementor-element-262ff40d elementor-widget__width-initial elementor-widget elementor-widget-text-editor\" data-id=\"262ff40d\" data-element_type=\"widget\" data-e-type=\"widget\" data-widget_type=\"text-editor.default\">\n\t\t\t\t<div class=\"elementor-widget-container\">\n\t\t\t\t\t\t\t\t\t<p>Nach einer Verletzung, Operation oder Erkrankung braucht der K\u00f6rper gezielte Unterst\u00fctzung, um wieder ins Gleichgewicht zu finden. In dieser Rubrik zeigen wir Ihnen, wie eine strukturierte Nachsorge und individuelle Reha-Ma\u00dfnahmen den Heilungsverlauf f\u00f6rdern, R\u00fcckf\u00e4llen vorbeugen und Sie Schritt f\u00fcr Schritt zur\u00fcck in Ihren aktiven Alltag bringen.<\/p>\t\t\t\t\t\t\t\t<\/div>\n\t\t\t\t<\/div>\n\t\t\t\t\t<\/div>\n\t\t\t\t<\/div>\n\t\t<div class=\"elementor-element elementor-element-a71be06 e-flex e-con-boxed e-con e-parent\" data-id=\"a71be06\" data-element_type=\"container\" data-e-type=\"container\">\n\t\t\t\t\t<div class=\"e-con-inner\">\n\t\t\t\t<div class=\"elementor-element elementor-element-795f25a4 elementor-grid-3 elementor-grid-tablet-2 elementor-grid-mobile-1 elementor-posts--thumbnail-top elementor-card-shadow-yes elementor-posts__hover-gradient elementor-widget elementor-widget-posts\" data-id=\"795f25a4\" data-element_type=\"widget\" data-e-type=\"widget\" data-settings=\"{&quot;cards_columns&quot;:&quot;3&quot;,&quot;cards_columns_tablet&quot;:&quot;2&quot;,&quot;cards_columns_mobile&quot;:&quot;1&quot;,&quot;cards_row_gap&quot;:{&quot;unit&quot;:&quot;px&quot;,&quot;size&quot;:35,&quot;sizes&quot;:[]},&quot;cards_row_gap_tablet&quot;:{&quot;unit&quot;:&quot;px&quot;,&quot;size&quot;:&quot;&quot;,&quot;sizes&quot;:[]},&quot;cards_row_gap_mobile&quot;:{&quot;unit&quot;:&quot;px&quot;,&quot;size&quot;:&quot;&quot;,&quot;sizes&quot;:[]}}\" data-widget_type=\"posts.cards\">\n\t\t\t\t<div class=\"elementor-widget-container\">\n\t\t\t\t\t\t\t<div class=\"elementor-posts-container elementor-posts elementor-posts--skin-cards elementor-grid\" role=\"list\">\n\t\t\t\t<article class=\"elementor-post elementor-grid-item post-5824 post type-post status-publish format-standard hentry category-rehabilitation-nachsorge\" role=\"listitem\">\n\t\t\t<div class=\"elementor-post__card\">\n\t\t\t\t<div class=\"elementor-post__text\">\n\t\t\t\t<h3 class=\"elementor-post__title\">\n\t\t\t<a href=\"https:\/\/physio-pb.de\/index.php\/2025\/05\/29\/lebensqualitt-langfristig-sichern-manahmen-nach-der-reha\/\" target=&quot;_blank&quot;>\n\t\t\t\tLebensqualit\u00e4t langfristig sichern: Ma\u00dfnahmen nach der Reha\t\t\t<\/a>\n\t\t<\/h3>\n\t\t\t\t<div class=\"elementor-post__excerpt\">\n\t\t\t<p>Der Abschluss einer Rehabilitationsma\u00dfnahme ist ein bedeutender Schritt auf dem Weg zur\u00fcck in den Alltag. Jetzt gilt es, die erzielten Erfolge zu bewahren und die<\/p>\n\t\t<\/div>\n\t\t\t\t\t<div class=\"elementor-post__read-more-wrapper\">\n\t\t\n\t\t<a class=\"elementor-post__read-more\" href=\"https:\/\/physio-pb.de\/index.php\/2025\/05\/29\/lebensqualitt-langfristig-sichern-manahmen-nach-der-reha\/\" aria-label=\"Mehr \u00fcber Lebensqualit\u00e4t langfristig sichern: Ma\u00dfnahmen nach der Reha\" tabindex=\"-1\" target=\"_blank\">\n\t\t\tweiterlesen \u00bb\t\t<\/a>\n\n\t\t\t\t\t<\/div>\n\t\t\t\t<\/div>\n\t\t\t\t<div class=\"elementor-post__meta-data\">\n\t\t\t\t\t<span class=\"elementor-post-date\">\n\t\t\tMai 29, 2025\t\t<\/span>\n\t\t\t\t<span class=\"elementor-post-avatar\">\n\t\t\tKeine Kommentare\t\t<\/span>\n\t\t\t\t<\/div>\n\t\t\t\t\t<\/div>\n\t\t<\/article>\n\t\t\t\t<article class=\"elementor-post elementor-grid-item post-5815 post type-post status-publish format-standard hentry category-rehabilitation-nachsorge\" role=\"listitem\">\n\t\t\t<div class=\"elementor-post__card\">\n\t\t\t\t<div class=\"elementor-post__text\">\n\t\t\t\t<h3 class=\"elementor-post__title\">\n\t\t\t<a href=\"https:\/\/physio-pb.de\/index.php\/2025\/05\/29\/was-ist-rehabilitation-ursachen-und-ziele-erklrt\/\" target=&quot;_blank&quot;>\n\t\t\t\tWas ist Rehabilitation? Ursachen und Ziele erkl\u00e4rt\t\t\t<\/a>\n\t\t<\/h3>\n\t\t\t\t<div class=\"elementor-post__excerpt\">\n\t\t\t<p>Rehabilitation ist ein Begriff, dem viele Menschen im Laufe ihres Lebens begegnen. Sei es nach einer Krankheit, einem Unfall oder aufgrund einer chronischen Erkrankung &#8211;<\/p>\n\t\t<\/div>\n\t\t\t\t\t<div class=\"elementor-post__read-more-wrapper\">\n\t\t\n\t\t<a class=\"elementor-post__read-more\" href=\"https:\/\/physio-pb.de\/index.php\/2025\/05\/29\/was-ist-rehabilitation-ursachen-und-ziele-erklrt\/\" aria-label=\"Mehr \u00fcber Was ist Rehabilitation? Ursachen und Ziele erkl\u00e4rt\" tabindex=\"-1\" target=\"_blank\">\n\t\t\tweiterlesen \u00bb\t\t<\/a>\n\n\t\t\t\t\t<\/div>\n\t\t\t\t<\/div>\n\t\t\t\t<div class=\"elementor-post__meta-data\">\n\t\t\t\t\t<span class=\"elementor-post-date\">\n\t\t\tMai 29, 2025\t\t<\/span>\n\t\t\t\t<span class=\"elementor-post-avatar\">\n\t\t\tKeine Kommentare\t\t<\/span>\n\t\t\t\t<\/div>\n\t\t\t\t\t<\/div>\n\t\t<\/article>\n\t\t\t\t<article class=\"elementor-post elementor-grid-item post-5816 post type-post status-publish format-standard hentry category-rehabilitation-nachsorge\" role=\"listitem\">\n\t\t\t<div class=\"elementor-post__card\">\n\t\t\t\t<div class=\"elementor-post__text\">\n\t\t\t\t<h3 class=\"elementor-post__title\">\n\t\t\t<a href=\"https:\/\/physio-pb.de\/index.php\/2025\/05\/29\/verschiedene-arten-der-rehabilitation-ein-berblick\/\" target=&quot;_blank&quot;>\n\t\t\t\tVerschiedene Arten der Rehabilitation: Ein \u00dcberblick\t\t\t<\/a>\n\t\t<\/h3>\n\t\t\t\t<div class=\"elementor-post__excerpt\">\n\t\t\t<p>Nach einer schweren Krankheit, einem Unfall oder einer Operation ist der Weg zur\u00fcck ins aktive Leben oft mit Herausforderungen verbunden. Rehabilitation bietet gezielte Unterst\u00fctzung auf<\/p>\n\t\t<\/div>\n\t\t\t\t\t<div class=\"elementor-post__read-more-wrapper\">\n\t\t\n\t\t<a class=\"elementor-post__read-more\" href=\"https:\/\/physio-pb.de\/index.php\/2025\/05\/29\/verschiedene-arten-der-rehabilitation-ein-berblick\/\" aria-label=\"Mehr \u00fcber Verschiedene Arten der Rehabilitation: Ein \u00dcberblick\" tabindex=\"-1\" target=\"_blank\">\n\t\t\tweiterlesen \u00bb\t\t<\/a>\n\n\t\t\t\t\t<\/div>\n\t\t\t\t<\/div>\n\t\t\t\t<div class=\"elementor-post__meta-data\">\n\t\t\t\t\t<span class=\"elementor-post-date\">\n\t\t\tMai 29, 2025\t\t<\/span>\n\t\t\t\t<span class=\"elementor-post-avatar\">\n\t\t\tKeine Kommentare\t\t<\/span>\n\t\t\t\t<\/div>\n\t\t\t\t\t<\/div>\n\t\t<\/article>\n\t\t\t\t<article class=\"elementor-post elementor-grid-item post-5817 post type-post status-publish format-standard hentry category-rehabilitation-nachsorge\" role=\"listitem\">\n\t\t\t<div class=\"elementor-post__card\">\n\t\t\t\t<div class=\"elementor-post__text\">\n\t\t\t\t<h3 class=\"elementor-post__title\">\n\t\t\t<a href=\"https:\/\/physio-pb.de\/index.php\/2025\/05\/29\/ursachen-fr-eine-rehabilitation-wann-ist-sie-ntig\/\" target=&quot;_blank&quot;>\n\t\t\t\tUrsachen f\u00fcr eine Rehabilitation \u0096 Wann ist sie n\u00f6tig?\t\t\t<\/a>\n\t\t<\/h3>\n\t\t\t\t<div class=\"elementor-post__excerpt\">\n\t\t\t<p>Viele Menschen kommen im Laufe ihres Lebens in Situationen, in denen sie nicht mehr allein gesund werden k\u00f6nnen. In solchen F\u00e4llen hilft oft eine Rehabilitation.<\/p>\n\t\t<\/div>\n\t\t\t\t\t<div class=\"elementor-post__read-more-wrapper\">\n\t\t\n\t\t<a class=\"elementor-post__read-more\" href=\"https:\/\/physio-pb.de\/index.php\/2025\/05\/29\/ursachen-fr-eine-rehabilitation-wann-ist-sie-ntig\/\" aria-label=\"Mehr \u00fcber Ursachen f\u00fcr eine Rehabilitation \u0096 Wann ist sie n\u00f6tig?\" tabindex=\"-1\" target=\"_blank\">\n\t\t\tweiterlesen \u00bb\t\t<\/a>\n\n\t\t\t\t\t<\/div>\n\t\t\t\t<\/div>\n\t\t\t\t<div class=\"elementor-post__meta-data\">\n\t\t\t\t\t<span class=\"elementor-post-date\">\n\t\t\tMai 29, 2025\t\t<\/span>\n\t\t\t\t<span class=\"elementor-post-avatar\">\n\t\t\tKeine Kommentare\t\t<\/span>\n\t\t\t\t<\/div>\n\t\t\t\t\t<\/div>\n\t\t<\/article>\n\t\t\t\t<article class=\"elementor-post elementor-grid-item post-5818 post type-post status-publish format-standard hentry category-rehabilitation-nachsorge\" role=\"listitem\">\n\t\t\t<div class=\"elementor-post__card\">\n\t\t\t\t<div class=\"elementor-post__text\">\n\t\t\t\t<h3 class=\"elementor-post__title\">\n\t\t\t<a href=\"https:\/\/physio-pb.de\/index.php\/2025\/05\/29\/der-ablauf-einer-rehabilitation-schritt-fr-schritt\/\" target=&quot;_blank&quot;>\n\t\t\t\tDer Ablauf einer Rehabilitation: Schritt f\u00fcr Schritt\t\t\t<\/a>\n\t\t<\/h3>\n\t\t\t\t<div class=\"elementor-post__excerpt\">\n\t\t\t<p>Eine Rehabilitation hilft Menschen, nach einer Krankheit oder Verletzung wieder fit f\u00fcr den Alltag zu werden. Viele Patienten wissen jedoch nicht, was sie w\u00e4hrend einer<\/p>\n\t\t<\/div>\n\t\t\t\t\t<div class=\"elementor-post__read-more-wrapper\">\n\t\t\n\t\t<a class=\"elementor-post__read-more\" href=\"https:\/\/physio-pb.de\/index.php\/2025\/05\/29\/der-ablauf-einer-rehabilitation-schritt-fr-schritt\/\" aria-label=\"Mehr \u00fcber Der Ablauf einer Rehabilitation: Schritt f\u00fcr Schritt\" tabindex=\"-1\" target=\"_blank\">\n\t\t\tweiterlesen \u00bb\t\t<\/a>\n\n\t\t\t\t\t<\/div>\n\t\t\t\t<\/div>\n\t\t\t\t<div class=\"elementor-post__meta-data\">\n\t\t\t\t\t<span class=\"elementor-post-date\">\n\t\t\tMai 29, 2025\t\t<\/span>\n\t\t\t\t<span class=\"elementor-post-avatar\">\n\t\t\tKeine Kommentare\t\t<\/span>\n\t\t\t\t<\/div>\n\t\t\t\t\t<\/div>\n\t\t<\/article>\n\t\t\t\t<article class=\"elementor-post elementor-grid-item post-5819 post type-post status-publish format-standard hentry category-rehabilitation-nachsorge\" role=\"listitem\">\n\t\t\t<div class=\"elementor-post__card\">\n\t\t\t\t<div class=\"elementor-post__text\">\n\t\t\t\t<h3 class=\"elementor-post__title\">\n\t\t\t<a href=\"https:\/\/physio-pb.de\/index.php\/2025\/05\/29\/die-rolle-des-reha-teams-wer-hilft-bei-der-genesung\/\" target=&quot;_blank&quot;>\n\t\t\t\tDie Rolle des Reha-Teams: Wer hilft bei der Genesung?\t\t\t<\/a>\n\t\t<\/h3>\n\t\t\t\t<div class=\"elementor-post__excerpt\">\n\t\t\t<p>Eine Rehabilitation hilft Menschen, nach einer Krankheit oder Verletzung zur\u00fcck in den Alltag zu finden. Ein wichtiger Faktor f\u00fcr den Erfolg ist das Reha-Team. Doch<\/p>\n\t\t<\/div>\n\t\t\t\t\t<div class=\"elementor-post__read-more-wrapper\">\n\t\t\n\t\t<a class=\"elementor-post__read-more\" href=\"https:\/\/physio-pb.de\/index.php\/2025\/05\/29\/die-rolle-des-reha-teams-wer-hilft-bei-der-genesung\/\" aria-label=\"Mehr \u00fcber Die Rolle des Reha-Teams: Wer hilft bei der Genesung?\" tabindex=\"-1\" target=\"_blank\">\n\t\t\tweiterlesen \u00bb\t\t<\/a>\n\n\t\t\t\t\t<\/div>\n\t\t\t\t<\/div>\n\t\t\t\t<div class=\"elementor-post__meta-data\">\n\t\t\t\t\t<span class=\"elementor-post-date\">\n\t\t\tMai 29, 2025\t\t<\/span>\n\t\t\t\t<span class=\"elementor-post-avatar\">\n\t\t\tKeine Kommentare\t\t<\/span>\n\t\t\t\t<\/div>\n\t\t\t\t\t<\/div>\n\t\t<\/article>\n\t\t\t\t<\/div>\n\t\t\n\t\t\t\t\t\t<\/div>\n\t\t\t\t<\/div>\n\t\t\t\t\t<\/div>\n\t\t\t\t<\/div>\n\t\t<div class=\"elementor-element elementor-element-7439d4df e-flex e-con-boxed e-con e-parent\" data-id=\"7439d4df\" data-element_type=\"container\" data-e-type=\"container\">\n\t\t\t\t\t<div class=\"e-con-inner\">\n\t\t\t\t<div class=\"elementor-element elementor-element-55ad462e elementor-widget elementor-widget-spacer\" data-id=\"55ad462e\" data-element_type=\"widget\" data-e-type=\"widget\" data-widget_type=\"spacer.default\">\n\t\t\t\t<div class=\"elementor-widget-container\">\n\t\t\t\t\t\t\t<div class=\"elementor-spacer\">\n\t\t\t<div class=\"elementor-spacer-inner\"><\/div>\n\t\t<\/div>\n\t\t\t\t\t\t<\/div>\n\t\t\t\t<\/div>\n\t\t\t\t\t<\/div>\n\t\t\t\t<\/div>\n\t\t\t\t<\/div>\n\t\t","protected":false},"excerpt":{"rendered":"<p>Rehabilitation &#038; Nachsorge Ratgeber -&gt; Rehabilitation &amp; Nachsorge Zur\u00fcck in Bewegung \u2013 sicher und gezielt Nach einer Verletzung, Operation oder Erkrankung braucht der K\u00f6rper gezielte Unterst\u00fctzung, um wieder ins Gleichgewicht zu finden. In dieser Rubrik zeigen wir Ihnen, wie eine strukturierte Nachsorge und individuelle Reha-Ma\u00dfnahmen den Heilungsverlauf f\u00f6rdern, R\u00fcckf\u00e4llen vorbeugen und Sie Schritt f\u00fcr Schritt [&hellip;]<\/p>\n","protected":false},"author":1,"featured_media":0,"parent":0,"menu_order":0,"comment_status":"closed","ping_status":"closed","template":"","meta":{"footnotes":""},"class_list":["post-3036","page","type-page","status-publish","hentry"],"yoast_head":"<!-- This site is optimized with the Yoast SEO plugin v25.1 - https:\/\/yoast.com\/wordpress\/plugins\/seo\/ -->\n<title>Rehabilitation &amp; Nachsorge - Physiotherapie und Gesundheit<\/title>\n<meta name=\"robots\" content=\"index, follow, max-snippet:-1, max-image-preview:large, max-video-preview:-1\" \/>\n<link rel=\"canonical\" href=\"https:\/\/physio-pb.de\/index.php\/rehabilitation-nachsorge\/\" \/>\n<meta property=\"og:locale\" content=\"de_DE\" \/>\n<meta property=\"og:type\" content=\"article\" \/>\n<meta property=\"og:title\" content=\"Rehabilitation &amp; Nachsorge - Physiotherapie und Gesundheit\" \/>\n<meta property=\"og:description\" content=\"Rehabilitation &#038; Nachsorge Ratgeber -&gt; Rehabilitation &amp; Nachsorge Zur\u00fcck in Bewegung \u2013 sicher und gezielt Nach einer Verletzung, Operation oder Erkrankung braucht der K\u00f6rper gezielte Unterst\u00fctzung, um wieder ins Gleichgewicht zu finden. In dieser Rubrik zeigen wir Ihnen, wie eine strukturierte Nachsorge und individuelle Reha-Ma\u00dfnahmen den Heilungsverlauf f\u00f6rdern, R\u00fcckf\u00e4llen vorbeugen und Sie Schritt f\u00fcr Schritt [&hellip;]\" \/>\n<meta property=\"og:url\" content=\"https:\/\/physio-pb.de\/index.php\/rehabilitation-nachsorge\/\" \/>\n<meta property=\"og:site_name\" content=\"Physiotherapie und Gesundheit\" \/>\n<meta property=\"article:modified_time\" content=\"2025-05-23T10:01:32+00:00\" \/>\n<meta name=\"twitter:card\" content=\"summary_large_image\" \/>\n<meta name=\"twitter:label1\" content=\"Gesch\u00e4tzte Lesezeit\" \/>\n\t<meta name=\"twitter:data1\" content=\"1\u00a0Minute\" \/>\n<script type=\"application\/ld+json\" class=\"yoast-schema-graph\">{\"@context\":\"https:\/\/schema.org\",\"@graph\":[{\"@type\":\"WebPage\",\"@id\":\"https:\/\/physio-pb.de\/index.php\/rehabilitation-nachsorge\/\",\"url\":\"https:\/\/physio-pb.de\/index.php\/rehabilitation-nachsorge\/\",\"name\":\"Rehabilitation &amp; Nachsorge - Physiotherapie und Gesundheit\",\"isPartOf\":{\"@id\":\"https:\/\/physio-pb.de\/#website\"},\"datePublished\":\"2025-05-23T09:36:33+00:00\",\"dateModified\":\"2025-05-23T10:01:32+00:00\",\"breadcrumb\":{\"@id\":\"https:\/\/physio-pb.de\/index.php\/rehabilitation-nachsorge\/#breadcrumb\"},\"inLanguage\":\"de\",\"potentialAction\":[{\"@type\":\"ReadAction\",\"target\":[\"https:\/\/physio-pb.de\/index.php\/rehabilitation-nachsorge\/\"]}]},{\"@type\":\"BreadcrumbList\",\"@id\":\"https:\/\/physio-pb.de\/index.php\/rehabilitation-nachsorge\/#breadcrumb\",\"itemListElement\":[{\"@type\":\"ListItem\",\"position\":1,\"name\":\"Startseite\",\"item\":\"https:\/\/physio-pb.de\/\"},{\"@type\":\"ListItem\",\"position\":2,\"name\":\"Rehabilitation &amp; Nachsorge\"}]},{\"@type\":\"WebSite\",\"@id\":\"https:\/\/physio-pb.de\/#website\",\"url\":\"https:\/\/physio-pb.de\/\",\"name\":\"Physiotherapie und Gesundheit\",\"description\":\"\",\"potentialAction\":[{\"@type\":\"SearchAction\",\"target\":{\"@type\":\"EntryPoint\",\"urlTemplate\":\"https:\/\/physio-pb.de\/?s={search_term_string}\"},\"query-input\":{\"@type\":\"PropertyValueSpecification\",\"valueRequired\":true,\"valueName\":\"search_term_string\"}}],\"inLanguage\":\"de\"}]}<\/script>\n<!-- \/ Yoast SEO plugin. -->","yoast_head_json":{"title":"Rehabilitation &amp; Nachsorge - Physiotherapie und Gesundheit","robots":{"index":"index","follow":"follow","max-snippet":"max-snippet:-1","max-image-preview":"max-image-preview:large","max-video-preview":"max-video-preview:-1"},"canonical":"https:\/\/physio-pb.de\/index.php\/rehabilitation-nachsorge\/","og_locale":"de_DE","og_type":"article","og_title":"Rehabilitation &amp; Nachsorge - Physiotherapie und Gesundheit","og_description":"Rehabilitation &#038; Nachsorge Ratgeber -&gt; Rehabilitation &amp; Nachsorge Zur\u00fcck in Bewegung \u2013 sicher und gezielt Nach einer Verletzung, Operation oder Erkrankung braucht der K\u00f6rper gezielte Unterst\u00fctzung, um wieder ins Gleichgewicht zu finden. In dieser Rubrik zeigen wir Ihnen, wie eine strukturierte Nachsorge und individuelle Reha-Ma\u00dfnahmen den Heilungsverlauf f\u00f6rdern, R\u00fcckf\u00e4llen vorbeugen und Sie Schritt f\u00fcr Schritt [&hellip;]","og_url":"https:\/\/physio-pb.de\/index.php\/rehabilitation-nachsorge\/","og_site_name":"Physiotherapie und Gesundheit","article_modified_time":"2025-05-23T10:01:32+00:00","twitter_card":"summary_large_image","twitter_misc":{"Gesch\u00e4tzte Lesezeit":"1\u00a0Minute"},"schema":{"@context":"https:\/\/schema.org","@graph":[{"@type":"WebPage","@id":"https:\/\/physio-pb.de\/index.php\/rehabilitation-nachsorge\/","url":"https:\/\/physio-pb.de\/index.php\/rehabilitation-nachsorge\/","name":"Rehabilitation &amp; Nachsorge - Physiotherapie und Gesundheit","isPartOf":{"@id":"https:\/\/physio-pb.de\/#website"},"datePublished":"2025-05-23T09:36:33+00:00","dateModified":"2025-05-23T10:01:32+00:00","breadcrumb":{"@id":"https:\/\/physio-pb.de\/index.php\/rehabilitation-nachsorge\/#breadcrumb"},"inLanguage":"de","potentialAction":[{"@type":"ReadAction","target":["https:\/\/physio-pb.de\/index.php\/rehabilitation-nachsorge\/"]}]},{"@type":"BreadcrumbList","@id":"https:\/\/physio-pb.de\/index.php\/rehabilitation-nachsorge\/#breadcrumb","itemListElement":[{"@type":"ListItem","position":1,"name":"Startseite","item":"https:\/\/physio-pb.de\/"},{"@type":"ListItem","position":2,"name":"Rehabilitation &amp; Nachsorge"}]},{"@type":"WebSite","@id":"https:\/\/physio-pb.de\/#website","url":"https:\/\/physio-pb.de\/","name":"Physiotherapie und Gesundheit","description":"","potentialAction":[{"@type":"SearchAction","target":{"@type":"EntryPoint","urlTemplate":"https:\/\/physio-pb.de\/?s={search_term_string}"},"query-input":{"@type":"PropertyValueSpecification","valueRequired":true,"valueName":"search_term_string"}}],"inLanguage":"de"}]}},"_links":{"self":[{"href":"https:\/\/physio-pb.de\/index.php\/wp-json\/wp\/v2\/pages\/3036","targetHints":{"allow":["GET"]}}],"collection":[{"href":"https:\/\/physio-pb.de\/index.php\/wp-json\/wp\/v2\/pages"}],"about":[{"href":"https:\/\/physio-pb.de\/index.php\/wp-json\/wp\/v2\/types\/page"}],"author":[{"embeddable":true,"href":"https:\/\/physio-pb.de\/index.php\/wp-json\/wp\/v2\/users\/1"}],"replies":[{"embeddable":true,"href":"https:\/\/physio-pb.de\/index.php\/wp-json\/wp\/v2\/comments?post=3036"}],"version-history":[{"count":13,"href":"https:\/\/physio-pb.de\/index.php\/wp-json\/wp\/v2\/pages\/3036\/revisions"}],"predecessor-version":[{"id":3136,"href":"https:\/\/physio-pb.de\/index.php\/wp-json\/wp\/v2\/pages\/3036\/revisions\/3136"}],"wp:attachment":[{"href":"https:\/\/physio-pb.de\/index.php\/wp-json\/wp\/v2\/media?parent=3036"}],"curies":[{"name":"wp","href":"https:\/\/api.w.org\/{rel}","templated":true}]}}