{"id":3065,"date":"2025-05-23T09:38:39","date_gmt":"2025-05-23T09:38:39","guid":{"rendered":"https:\/\/admiring-johnson.185-87-21-9.plesk.page\/?page_id=3065"},"modified":"2025-05-23T10:02:03","modified_gmt":"2025-05-23T10:02:03","slug":"kinder-und-jugendphysiotherapie","status":"publish","type":"page","link":"https:\/\/physio-pb.de\/index.php\/kinder-und-jugendphysiotherapie\/","title":{"rendered":"Kinder- &amp; Jugendphysiotherapie"},"content":{"rendered":"\t\t<div data-elementor-type=\"wp-page\" data-elementor-id=\"3065\" class=\"elementor elementor-3065\" data-elementor-post-type=\"page\">\n\t\t\t\t\t\t<section class=\"elementor-section elementor-top-section elementor-element elementor-element-2899f29 elementor-section-content-middle elementor-section-boxed elementor-section-height-default elementor-section-height-default\" data-id=\"2899f29\" data-element_type=\"section\" data-e-type=\"section\" data-settings=\"{&quot;background_background&quot;:&quot;classic&quot;}\">\n\t\t\t\t\t\t\t<div class=\"elementor-background-overlay\"><\/div>\n\t\t\t\t\t\t\t<div class=\"elementor-container elementor-column-gap-no\">\n\t\t\t\t\t<div class=\"elementor-column elementor-col-100 elementor-top-column elementor-element elementor-element-43927496\" data-id=\"43927496\" data-element_type=\"column\" data-e-type=\"column\">\n\t\t\t<div class=\"elementor-widget-wrap elementor-element-populated\">\n\t\t\t\t\t\t<div class=\"elementor-element elementor-element-403bf558 elementor-widget elementor-widget-heading\" data-id=\"403bf558\" data-element_type=\"widget\" data-e-type=\"widget\" data-widget_type=\"heading.default\">\n\t\t\t\t<div class=\"elementor-widget-container\">\n\t\t\t\t\t<h1 class=\"elementor-heading-title elementor-size-default\">Kinder- &amp; Jugendphysiotherapie<\/h1>\t\t\t\t<\/div>\n\t\t\t\t<\/div>\n\t\t\t\t<div class=\"elementor-element elementor-element-3e340d2b elementor-widget elementor-widget-text-editor\" data-id=\"3e340d2b\" data-element_type=\"widget\" data-e-type=\"widget\" data-widget_type=\"text-editor.default\">\n\t\t\t\t<div class=\"elementor-widget-container\">\n\t\t\t\t\t\t\t\t\t<p><span style=\"color: #999999;\"><a style=\"color: #999999;\" href=\"https:\/\/admiring-johnson.185-87-21-9.plesk.page\/index.php\/ratgeber\/\">Ratgeber<\/a> -&gt; <span style=\"color: #c7d408;\">Kinder- &amp; Jugendphysiotherapie<\/span><\/span><\/p>\t\t\t\t\t\t\t\t<\/div>\n\t\t\t\t<\/div>\n\t\t\t\t\t<\/div>\n\t\t<\/div>\n\t\t\t\t\t<\/div>\n\t\t<\/section>\n\t\t<div class=\"elementor-element elementor-element-3d83d839 e-flex e-con-boxed e-con e-parent\" data-id=\"3d83d839\" data-element_type=\"container\" data-e-type=\"container\">\n\t\t\t\t\t<div class=\"e-con-inner\">\n\t\t\t\t<div class=\"elementor-element elementor-element-11e44cd7 elementor-widget elementor-widget-heading\" data-id=\"11e44cd7\" data-element_type=\"widget\" data-e-type=\"widget\" data-widget_type=\"heading.default\">\n\t\t\t\t<div class=\"elementor-widget-container\">\n\t\t\t\t\t<h2 class=\"elementor-heading-title elementor-size-default\">Gesund wachsen, stark durchs Leben gehen<\/h2>\t\t\t\t<\/div>\n\t\t\t\t<\/div>\n\t\t\t\t<div class=\"elementor-element elementor-element-40e88888 elementor-widget__width-initial elementor-widget elementor-widget-text-editor\" data-id=\"40e88888\" data-element_type=\"widget\" data-e-type=\"widget\" data-widget_type=\"text-editor.default\">\n\t\t\t\t<div class=\"elementor-widget-container\">\n\t\t\t\t\t\t\t\t\t<p>Kinder und Jugendliche befinden sich in einer Phase st\u00e4ndiger Ver\u00e4nderung \u2013 k\u00f6rperlich wie emotional. In dieser Rubrik zeigen wir Ihnen, wie physiotherapeutische Ma\u00dfnahmen im Wachstum unterst\u00fctzen, Fehlhaltungen fr\u00fchzeitig erkannt werden und individuelle \u00dcbungen dabei helfen, Beschwerden vorzubeugen und die nat\u00fcrliche Entwicklung zu f\u00f6rdern \u2013 spielerisch, einf\u00fchlsam und wirksam.<\/p>\t\t\t\t\t\t\t\t<\/div>\n\t\t\t\t<\/div>\n\t\t\t\t\t<\/div>\n\t\t\t\t<\/div>\n\t\t<div class=\"elementor-element elementor-element-4e1ca235 e-flex e-con-boxed e-con e-parent\" data-id=\"4e1ca235\" data-element_type=\"container\" data-e-type=\"container\">\n\t\t\t\t\t<div class=\"e-con-inner\">\n\t\t\t\t<div class=\"elementor-element elementor-element-6a49c053 elementor-grid-3 elementor-grid-tablet-2 elementor-grid-mobile-1 elementor-posts--thumbnail-top elementor-card-shadow-yes elementor-posts__hover-gradient elementor-widget elementor-widget-posts\" data-id=\"6a49c053\" data-element_type=\"widget\" data-e-type=\"widget\" data-settings=\"{&quot;cards_columns&quot;:&quot;3&quot;,&quot;cards_columns_tablet&quot;:&quot;2&quot;,&quot;cards_columns_mobile&quot;:&quot;1&quot;,&quot;cards_row_gap&quot;:{&quot;unit&quot;:&quot;px&quot;,&quot;size&quot;:35,&quot;sizes&quot;:[]},&quot;cards_row_gap_tablet&quot;:{&quot;unit&quot;:&quot;px&quot;,&quot;size&quot;:&quot;&quot;,&quot;sizes&quot;:[]},&quot;cards_row_gap_mobile&quot;:{&quot;unit&quot;:&quot;px&quot;,&quot;size&quot;:&quot;&quot;,&quot;sizes&quot;:[]}}\" data-widget_type=\"posts.cards\">\n\t\t\t\t<div class=\"elementor-widget-container\">\n\t\t\t\t\t\t\t<div class=\"elementor-posts-container elementor-posts elementor-posts--skin-cards elementor-grid\" role=\"list\">\n\t\t\t\t<article class=\"elementor-post elementor-grid-item post-5795 post type-post status-publish format-standard hentry category-kinder-und-jugendphysiotherapie\" role=\"listitem\">\n\t\t\t<div class=\"elementor-post__card\">\n\t\t\t\t<div class=\"elementor-post__text\">\n\t\t\t\t<h3 class=\"elementor-post__title\">\n\t\t\t<a href=\"https:\/\/physio-pb.de\/index.php\/2025\/05\/29\/einfhrung-in-die-kinder-jugendphysiotherapie\/\" target=&quot;_blank&quot;>\n\t\t\t\tEinf\u00fchrung in die Kinder- &amp; Jugendphysiotherapie\t\t\t<\/a>\n\t\t<\/h3>\n\t\t\t\t<div class=\"elementor-post__excerpt\">\n\t\t\t<p>Die Gesundheit unserer Kinder und Jugendlichen liegt allen am Herzen. Doch was passiert, wenn junge Menschen Hilfe bei der Entwicklung oder nach Verletzungen brauchen? Die<\/p>\n\t\t<\/div>\n\t\t\t\t\t<div class=\"elementor-post__read-more-wrapper\">\n\t\t\n\t\t<a class=\"elementor-post__read-more\" href=\"https:\/\/physio-pb.de\/index.php\/2025\/05\/29\/einfhrung-in-die-kinder-jugendphysiotherapie\/\" aria-label=\"Mehr \u00fcber Einf\u00fchrung in die Kinder- &amp; Jugendphysiotherapie\" tabindex=\"-1\" target=\"_blank\">\n\t\t\tweiterlesen \u00bb\t\t<\/a>\n\n\t\t\t\t\t<\/div>\n\t\t\t\t<\/div>\n\t\t\t\t<div class=\"elementor-post__meta-data\">\n\t\t\t\t\t<span class=\"elementor-post-date\">\n\t\t\tMai 29, 2025\t\t<\/span>\n\t\t\t\t<span class=\"elementor-post-avatar\">\n\t\t\tKeine Kommentare\t\t<\/span>\n\t\t\t\t<\/div>\n\t\t\t\t\t<\/div>\n\t\t<\/article>\n\t\t\t\t<article class=\"elementor-post elementor-grid-item post-5796 post type-post status-publish format-standard hentry category-kinder-und-jugendphysiotherapie\" role=\"listitem\">\n\t\t\t<div class=\"elementor-post__card\">\n\t\t\t\t<div class=\"elementor-post__text\">\n\t\t\t\t<h3 class=\"elementor-post__title\">\n\t\t\t<a href=\"https:\/\/physio-pb.de\/index.php\/2025\/05\/29\/typische-krankheitsbilder-im-kindesalter\/\" target=&quot;_blank&quot;>\n\t\t\t\tTypische Krankheitsbilder im Kindesalter\t\t\t<\/a>\n\t\t<\/h3>\n\t\t\t\t<div class=\"elementor-post__excerpt\">\n\t\t\t<p>Kinder wachsen schnell und machen enorme Entwicklungsschritte. In dieser sensiblen Phase treten verschiedene Gesundheitsprobleme auf, die Eltern und Erziehende kennen sollten. Wer typische Krankheitsbilder im<\/p>\n\t\t<\/div>\n\t\t\t\t\t<div class=\"elementor-post__read-more-wrapper\">\n\t\t\n\t\t<a class=\"elementor-post__read-more\" href=\"https:\/\/physio-pb.de\/index.php\/2025\/05\/29\/typische-krankheitsbilder-im-kindesalter\/\" aria-label=\"Mehr \u00fcber Typische Krankheitsbilder im Kindesalter\" tabindex=\"-1\" target=\"_blank\">\n\t\t\tweiterlesen \u00bb\t\t<\/a>\n\n\t\t\t\t\t<\/div>\n\t\t\t\t<\/div>\n\t\t\t\t<div class=\"elementor-post__meta-data\">\n\t\t\t\t\t<span class=\"elementor-post-date\">\n\t\t\tMai 29, 2025\t\t<\/span>\n\t\t\t\t<span class=\"elementor-post-avatar\">\n\t\t\tKeine Kommentare\t\t<\/span>\n\t\t\t\t<\/div>\n\t\t\t\t\t<\/div>\n\t\t<\/article>\n\t\t\t\t<article class=\"elementor-post elementor-grid-item post-5797 post type-post status-publish format-standard hentry category-kinder-und-jugendphysiotherapie\" role=\"listitem\">\n\t\t\t<div class=\"elementor-post__card\">\n\t\t\t\t<div class=\"elementor-post__text\">\n\t\t\t\t<h3 class=\"elementor-post__title\">\n\t\t\t<a href=\"https:\/\/physio-pb.de\/index.php\/2025\/05\/29\/diagnostik-in-der-kinderphysiotherapie\/\" target=&quot;_blank&quot;>\n\t\t\t\tDiagnostik in der Kinderphysiotherapie\t\t\t<\/a>\n\t\t<\/h3>\n\t\t\t\t<div class=\"elementor-post__excerpt\">\n\t\t\t<p>Die Diagnostik nimmt in der Kinderphysiotherapie eine zentrale Rolle ein. Sie bildet die Grundlage f\u00fcr eine zielgerichtete Behandlung und unterst\u00fctzt Kinder dabei, ihre motorischen F\u00e4higkeiten<\/p>\n\t\t<\/div>\n\t\t\t\t\t<div class=\"elementor-post__read-more-wrapper\">\n\t\t\n\t\t<a class=\"elementor-post__read-more\" href=\"https:\/\/physio-pb.de\/index.php\/2025\/05\/29\/diagnostik-in-der-kinderphysiotherapie\/\" aria-label=\"Mehr \u00fcber Diagnostik in der Kinderphysiotherapie\" tabindex=\"-1\" target=\"_blank\">\n\t\t\tweiterlesen \u00bb\t\t<\/a>\n\n\t\t\t\t\t<\/div>\n\t\t\t\t<\/div>\n\t\t\t\t<div class=\"elementor-post__meta-data\">\n\t\t\t\t\t<span class=\"elementor-post-date\">\n\t\t\tMai 29, 2025\t\t<\/span>\n\t\t\t\t<span class=\"elementor-post-avatar\">\n\t\t\tKeine Kommentare\t\t<\/span>\n\t\t\t\t<\/div>\n\t\t\t\t\t<\/div>\n\t\t<\/article>\n\t\t\t\t<article class=\"elementor-post elementor-grid-item post-5798 post type-post status-publish format-standard hentry category-kinder-und-jugendphysiotherapie\" role=\"listitem\">\n\t\t\t<div class=\"elementor-post__card\">\n\t\t\t\t<div class=\"elementor-post__text\">\n\t\t\t\t<h3 class=\"elementor-post__title\">\n\t\t\t<a href=\"https:\/\/physio-pb.de\/index.php\/2025\/05\/29\/prvention-von-bewegungsstrungen-im-wachstum\/\" target=&quot;_blank&quot;>\n\t\t\t\tPr\u00e4vention von Bewegungsst\u00f6rungen im Wachstum\t\t\t<\/a>\n\t\t<\/h3>\n\t\t\t\t<div class=\"elementor-post__excerpt\">\n\t\t\t<p>Bewegung spielt in der Kindheit und Jugend eine entscheidende Rolle. Wer sich fr\u00fch und ausreichend bewegt, entwickelt Muskulatur, Koordination und Haltung optimal. Doch Bewegungsst\u00f6rungen k\u00f6nnen<\/p>\n\t\t<\/div>\n\t\t\t\t\t<div class=\"elementor-post__read-more-wrapper\">\n\t\t\n\t\t<a class=\"elementor-post__read-more\" href=\"https:\/\/physio-pb.de\/index.php\/2025\/05\/29\/prvention-von-bewegungsstrungen-im-wachstum\/\" aria-label=\"Mehr \u00fcber Pr\u00e4vention von Bewegungsst\u00f6rungen im Wachstum\" tabindex=\"-1\" target=\"_blank\">\n\t\t\tweiterlesen \u00bb\t\t<\/a>\n\n\t\t\t\t\t<\/div>\n\t\t\t\t<\/div>\n\t\t\t\t<div class=\"elementor-post__meta-data\">\n\t\t\t\t\t<span class=\"elementor-post-date\">\n\t\t\tMai 29, 2025\t\t<\/span>\n\t\t\t\t<span class=\"elementor-post-avatar\">\n\t\t\tKeine Kommentare\t\t<\/span>\n\t\t\t\t<\/div>\n\t\t\t\t\t<\/div>\n\t\t<\/article>\n\t\t\t\t<article class=\"elementor-post elementor-grid-item post-5799 post type-post status-publish format-standard hentry category-kinder-und-jugendphysiotherapie\" role=\"listitem\">\n\t\t\t<div class=\"elementor-post__card\">\n\t\t\t\t<div class=\"elementor-post__text\">\n\t\t\t\t<h3 class=\"elementor-post__title\">\n\t\t\t<a href=\"https:\/\/physio-pb.de\/index.php\/2025\/05\/29\/therapieanstze-bei-skoliose-haltungsschwchen\/\" target=&quot;_blank&quot;>\n\t\t\t\tTherapieans\u00e4tze bei Skoliose &amp; Haltungsschw\u00e4chen\t\t\t<\/a>\n\t\t<\/h3>\n\t\t\t\t<div class=\"elementor-post__excerpt\">\n\t\t\t<p>Fehlhaltungen und Skoliose betreffen Millionen Menschen weltweit, besonders in jungen Jahren. Wer rechtzeitig auf Anzeichen reagiert, kann das Wachstum positiv beeinflussen und gesundheitliche Probleme im<\/p>\n\t\t<\/div>\n\t\t\t\t\t<div class=\"elementor-post__read-more-wrapper\">\n\t\t\n\t\t<a class=\"elementor-post__read-more\" href=\"https:\/\/physio-pb.de\/index.php\/2025\/05\/29\/therapieanstze-bei-skoliose-haltungsschwchen\/\" aria-label=\"Mehr \u00fcber Therapieans\u00e4tze bei Skoliose &amp; Haltungsschw\u00e4chen\" tabindex=\"-1\" target=\"_blank\">\n\t\t\tweiterlesen \u00bb\t\t<\/a>\n\n\t\t\t\t\t<\/div>\n\t\t\t\t<\/div>\n\t\t\t\t<div class=\"elementor-post__meta-data\">\n\t\t\t\t\t<span class=\"elementor-post-date\">\n\t\t\tMai 29, 2025\t\t<\/span>\n\t\t\t\t<span class=\"elementor-post-avatar\">\n\t\t\tKeine Kommentare\t\t<\/span>\n\t\t\t\t<\/div>\n\t\t\t\t\t<\/div>\n\t\t<\/article>\n\t\t\t\t<article class=\"elementor-post elementor-grid-item post-5800 post type-post status-publish format-standard hentry category-kinder-und-jugendphysiotherapie\" role=\"listitem\">\n\t\t\t<div class=\"elementor-post__card\">\n\t\t\t\t<div class=\"elementor-post__text\">\n\t\t\t\t<h3 class=\"elementor-post__title\">\n\t\t\t<a href=\"https:\/\/physio-pb.de\/index.php\/2025\/05\/29\/physiotherapie-bei-entwicklungsverzgerungen\/\" target=&quot;_blank&quot;>\n\t\t\t\tPhysiotherapie bei Entwicklungsverz\u00f6gerungen\t\t\t<\/a>\n\t\t<\/h3>\n\t\t\t\t<div class=\"elementor-post__excerpt\">\n\t\t\t<p>Viele Eltern machen sich Sorgen, wenn ihr Kind sich langsamer entwickelt als andere Gleichaltrige. Entwicklungsverz\u00f6gerungen betreffen viele Bereiche, besonders die Motorik. Physiotherapie bietet Kindern und<\/p>\n\t\t<\/div>\n\t\t\t\t\t<div class=\"elementor-post__read-more-wrapper\">\n\t\t\n\t\t<a class=\"elementor-post__read-more\" href=\"https:\/\/physio-pb.de\/index.php\/2025\/05\/29\/physiotherapie-bei-entwicklungsverzgerungen\/\" aria-label=\"Mehr \u00fcber Physiotherapie bei Entwicklungsverz\u00f6gerungen\" tabindex=\"-1\" target=\"_blank\">\n\t\t\tweiterlesen \u00bb\t\t<\/a>\n\n\t\t\t\t\t<\/div>\n\t\t\t\t<\/div>\n\t\t\t\t<div class=\"elementor-post__meta-data\">\n\t\t\t\t\t<span class=\"elementor-post-date\">\n\t\t\tMai 29, 2025\t\t<\/span>\n\t\t\t\t<span class=\"elementor-post-avatar\">\n\t\t\tKeine Kommentare\t\t<\/span>\n\t\t\t\t<\/div>\n\t\t\t\t\t<\/div>\n\t\t<\/article>\n\t\t\t\t<\/div>\n\t\t\n\t\t\t\t\t\t<\/div>\n\t\t\t\t<\/div>\n\t\t\t\t\t<\/div>\n\t\t\t\t<\/div>\n\t\t<div class=\"elementor-element elementor-element-2199184d e-flex e-con-boxed e-con e-parent\" data-id=\"2199184d\" data-element_type=\"container\" data-e-type=\"container\">\n\t\t\t\t\t<div class=\"e-con-inner\">\n\t\t\t\t<div class=\"elementor-element elementor-element-50dbe617 elementor-widget elementor-widget-spacer\" data-id=\"50dbe617\" data-element_type=\"widget\" data-e-type=\"widget\" data-widget_type=\"spacer.default\">\n\t\t\t\t<div class=\"elementor-widget-container\">\n\t\t\t\t\t\t\t<div class=\"elementor-spacer\">\n\t\t\t<div class=\"elementor-spacer-inner\"><\/div>\n\t\t<\/div>\n\t\t\t\t\t\t<\/div>\n\t\t\t\t<\/div>\n\t\t\t\t\t<\/div>\n\t\t\t\t<\/div>\n\t\t\t\t<\/div>\n\t\t","protected":false},"excerpt":{"rendered":"<p>Kinder- &#038; Jugendphysiotherapie Ratgeber -&gt; Kinder- &amp; Jugendphysiotherapie Gesund wachsen, stark durchs Leben gehen Kinder und Jugendliche befinden sich in einer Phase st\u00e4ndiger Ver\u00e4nderung \u2013 k\u00f6rperlich wie emotional. In dieser Rubrik zeigen wir Ihnen, wie physiotherapeutische Ma\u00dfnahmen im Wachstum unterst\u00fctzen, Fehlhaltungen fr\u00fchzeitig erkannt werden und individuelle \u00dcbungen dabei helfen, Beschwerden vorzubeugen und die nat\u00fcrliche Entwicklung [&hellip;]<\/p>\n","protected":false},"author":1,"featured_media":0,"parent":0,"menu_order":0,"comment_status":"closed","ping_status":"closed","template":"","meta":{"footnotes":""},"class_list":["post-3065","page","type-page","status-publish","hentry"],"yoast_head":"<!-- This site is optimized with the Yoast SEO plugin v25.1 - https:\/\/yoast.com\/wordpress\/plugins\/seo\/ -->\n<title>Kinder- &amp; Jugendphysiotherapie - Physiotherapie und Gesundheit<\/title>\n<meta name=\"robots\" content=\"index, follow, max-snippet:-1, max-image-preview:large, max-video-preview:-1\" \/>\n<link rel=\"canonical\" href=\"https:\/\/physio-pb.de\/index.php\/kinder-und-jugendphysiotherapie\/\" \/>\n<meta property=\"og:locale\" content=\"de_DE\" \/>\n<meta property=\"og:type\" content=\"article\" \/>\n<meta property=\"og:title\" content=\"Kinder- &amp; Jugendphysiotherapie - Physiotherapie und Gesundheit\" \/>\n<meta property=\"og:description\" content=\"Kinder- &#038; Jugendphysiotherapie Ratgeber -&gt; Kinder- &amp; Jugendphysiotherapie Gesund wachsen, stark durchs Leben gehen Kinder und Jugendliche befinden sich in einer Phase st\u00e4ndiger Ver\u00e4nderung \u2013 k\u00f6rperlich wie emotional. In dieser Rubrik zeigen wir Ihnen, wie physiotherapeutische Ma\u00dfnahmen im Wachstum unterst\u00fctzen, Fehlhaltungen fr\u00fchzeitig erkannt werden und individuelle \u00dcbungen dabei helfen, Beschwerden vorzubeugen und die nat\u00fcrliche Entwicklung [&hellip;]\" \/>\n<meta property=\"og:url\" content=\"https:\/\/physio-pb.de\/index.php\/kinder-und-jugendphysiotherapie\/\" \/>\n<meta property=\"og:site_name\" content=\"Physiotherapie und Gesundheit\" \/>\n<meta property=\"article:modified_time\" content=\"2025-05-23T10:02:03+00:00\" \/>\n<meta name=\"twitter:card\" content=\"summary_large_image\" \/>\n<meta name=\"twitter:label1\" content=\"Gesch\u00e4tzte Lesezeit\" \/>\n\t<meta name=\"twitter:data1\" content=\"1\u00a0Minute\" \/>\n<script type=\"application\/ld+json\" class=\"yoast-schema-graph\">{\"@context\":\"https:\/\/schema.org\",\"@graph\":[{\"@type\":\"WebPage\",\"@id\":\"https:\/\/physio-pb.de\/index.php\/kinder-und-jugendphysiotherapie\/\",\"url\":\"https:\/\/physio-pb.de\/index.php\/kinder-und-jugendphysiotherapie\/\",\"name\":\"Kinder- &amp; Jugendphysiotherapie - Physiotherapie und Gesundheit\",\"isPartOf\":{\"@id\":\"https:\/\/physio-pb.de\/#website\"},\"datePublished\":\"2025-05-23T09:38:39+00:00\",\"dateModified\":\"2025-05-23T10:02:03+00:00\",\"breadcrumb\":{\"@id\":\"https:\/\/physio-pb.de\/index.php\/kinder-und-jugendphysiotherapie\/#breadcrumb\"},\"inLanguage\":\"de\",\"potentialAction\":[{\"@type\":\"ReadAction\",\"target\":[\"https:\/\/physio-pb.de\/index.php\/kinder-und-jugendphysiotherapie\/\"]}]},{\"@type\":\"BreadcrumbList\",\"@id\":\"https:\/\/physio-pb.de\/index.php\/kinder-und-jugendphysiotherapie\/#breadcrumb\",\"itemListElement\":[{\"@type\":\"ListItem\",\"position\":1,\"name\":\"Startseite\",\"item\":\"https:\/\/physio-pb.de\/\"},{\"@type\":\"ListItem\",\"position\":2,\"name\":\"Kinder- &amp; Jugendphysiotherapie\"}]},{\"@type\":\"WebSite\",\"@id\":\"https:\/\/physio-pb.de\/#website\",\"url\":\"https:\/\/physio-pb.de\/\",\"name\":\"Physiotherapie und Gesundheit\",\"description\":\"\",\"potentialAction\":[{\"@type\":\"SearchAction\",\"target\":{\"@type\":\"EntryPoint\",\"urlTemplate\":\"https:\/\/physio-pb.de\/?s={search_term_string}\"},\"query-input\":{\"@type\":\"PropertyValueSpecification\",\"valueRequired\":true,\"valueName\":\"search_term_string\"}}],\"inLanguage\":\"de\"}]}<\/script>\n<!-- \/ Yoast SEO plugin. -->","yoast_head_json":{"title":"Kinder- &amp; Jugendphysiotherapie - Physiotherapie und Gesundheit","robots":{"index":"index","follow":"follow","max-snippet":"max-snippet:-1","max-image-preview":"max-image-preview:large","max-video-preview":"max-video-preview:-1"},"canonical":"https:\/\/physio-pb.de\/index.php\/kinder-und-jugendphysiotherapie\/","og_locale":"de_DE","og_type":"article","og_title":"Kinder- &amp; Jugendphysiotherapie - Physiotherapie und Gesundheit","og_description":"Kinder- &#038; Jugendphysiotherapie Ratgeber -&gt; Kinder- &amp; Jugendphysiotherapie Gesund wachsen, stark durchs Leben gehen Kinder und Jugendliche befinden sich in einer Phase st\u00e4ndiger Ver\u00e4nderung \u2013 k\u00f6rperlich wie emotional. In dieser Rubrik zeigen wir Ihnen, wie physiotherapeutische Ma\u00dfnahmen im Wachstum unterst\u00fctzen, Fehlhaltungen fr\u00fchzeitig erkannt werden und individuelle \u00dcbungen dabei helfen, Beschwerden vorzubeugen und die nat\u00fcrliche Entwicklung [&hellip;]","og_url":"https:\/\/physio-pb.de\/index.php\/kinder-und-jugendphysiotherapie\/","og_site_name":"Physiotherapie und Gesundheit","article_modified_time":"2025-05-23T10:02:03+00:00","twitter_card":"summary_large_image","twitter_misc":{"Gesch\u00e4tzte Lesezeit":"1\u00a0Minute"},"schema":{"@context":"https:\/\/schema.org","@graph":[{"@type":"WebPage","@id":"https:\/\/physio-pb.de\/index.php\/kinder-und-jugendphysiotherapie\/","url":"https:\/\/physio-pb.de\/index.php\/kinder-und-jugendphysiotherapie\/","name":"Kinder- &amp; Jugendphysiotherapie - Physiotherapie und Gesundheit","isPartOf":{"@id":"https:\/\/physio-pb.de\/#website"},"datePublished":"2025-05-23T09:38:39+00:00","dateModified":"2025-05-23T10:02:03+00:00","breadcrumb":{"@id":"https:\/\/physio-pb.de\/index.php\/kinder-und-jugendphysiotherapie\/#breadcrumb"},"inLanguage":"de","potentialAction":[{"@type":"ReadAction","target":["https:\/\/physio-pb.de\/index.php\/kinder-und-jugendphysiotherapie\/"]}]},{"@type":"BreadcrumbList","@id":"https:\/\/physio-pb.de\/index.php\/kinder-und-jugendphysiotherapie\/#breadcrumb","itemListElement":[{"@type":"ListItem","position":1,"name":"Startseite","item":"https:\/\/physio-pb.de\/"},{"@type":"ListItem","position":2,"name":"Kinder- &amp; Jugendphysiotherapie"}]},{"@type":"WebSite","@id":"https:\/\/physio-pb.de\/#website","url":"https:\/\/physio-pb.de\/","name":"Physiotherapie und Gesundheit","description":"","potentialAction":[{"@type":"SearchAction","target":{"@type":"EntryPoint","urlTemplate":"https:\/\/physio-pb.de\/?s={search_term_string}"},"query-input":{"@type":"PropertyValueSpecification","valueRequired":true,"valueName":"search_term_string"}}],"inLanguage":"de"}]}},"_links":{"self":[{"href":"https:\/\/physio-pb.de\/index.php\/wp-json\/wp\/v2\/pages\/3065","targetHints":{"allow":["GET"]}}],"collection":[{"href":"https:\/\/physio-pb.de\/index.php\/wp-json\/wp\/v2\/pages"}],"about":[{"href":"https:\/\/physio-pb.de\/index.php\/wp-json\/wp\/v2\/types\/page"}],"author":[{"embeddable":true,"href":"https:\/\/physio-pb.de\/index.php\/wp-json\/wp\/v2\/users\/1"}],"replies":[{"embeddable":true,"href":"https:\/\/physio-pb.de\/index.php\/wp-json\/wp\/v2\/comments?post=3065"}],"version-history":[{"count":10,"href":"https:\/\/physio-pb.de\/index.php\/wp-json\/wp\/v2\/pages\/3065\/revisions"}],"predecessor-version":[{"id":3139,"href":"https:\/\/physio-pb.de\/index.php\/wp-json\/wp\/v2\/pages\/3065\/revisions\/3139"}],"wp:attachment":[{"href":"https:\/\/physio-pb.de\/index.php\/wp-json\/wp\/v2\/media?parent=3065"}],"curies":[{"name":"wp","href":"https:\/\/api.w.org\/{rel}","templated":true}]}}