{"id":3101,"date":"2025-05-23T09:48:58","date_gmt":"2025-05-23T09:48:58","guid":{"rendered":"https:\/\/admiring-johnson.185-87-21-9.plesk.page\/?page_id=3101"},"modified":"2025-05-23T10:02:53","modified_gmt":"2025-05-23T10:02:53","slug":"mentale-gesundheit-koerper","status":"publish","type":"page","link":"https:\/\/physio-pb.de\/index.php\/mentale-gesundheit-koerper\/","title":{"rendered":"Mentale Gesundheit &#038;\u00a0K\u00f6rper"},"content":{"rendered":"\t\t<div data-elementor-type=\"wp-page\" data-elementor-id=\"3101\" class=\"elementor elementor-3101\" data-elementor-post-type=\"page\">\n\t\t\t\t\t\t<section class=\"elementor-section elementor-top-section elementor-element elementor-element-6dc1f156 elementor-section-content-middle elementor-section-boxed elementor-section-height-default elementor-section-height-default\" data-id=\"6dc1f156\" data-element_type=\"section\" data-e-type=\"section\" data-settings=\"{&quot;background_background&quot;:&quot;classic&quot;}\">\n\t\t\t\t\t\t\t<div class=\"elementor-background-overlay\"><\/div>\n\t\t\t\t\t\t\t<div class=\"elementor-container elementor-column-gap-no\">\n\t\t\t\t\t<div class=\"elementor-column elementor-col-100 elementor-top-column elementor-element elementor-element-6b10621e\" data-id=\"6b10621e\" data-element_type=\"column\" data-e-type=\"column\">\n\t\t\t<div class=\"elementor-widget-wrap elementor-element-populated\">\n\t\t\t\t\t\t<div class=\"elementor-element elementor-element-69af913f elementor-widget elementor-widget-heading\" data-id=\"69af913f\" data-element_type=\"widget\" data-e-type=\"widget\" data-widget_type=\"heading.default\">\n\t\t\t\t<div class=\"elementor-widget-container\">\n\t\t\t\t\t<h1 class=\"elementor-heading-title elementor-size-default\">Mentale Gesundheit &amp; K\u00f6rper<\/h1>\t\t\t\t<\/div>\n\t\t\t\t<\/div>\n\t\t\t\t<div class=\"elementor-element elementor-element-1bc287fb elementor-widget elementor-widget-text-editor\" data-id=\"1bc287fb\" data-element_type=\"widget\" data-e-type=\"widget\" data-widget_type=\"text-editor.default\">\n\t\t\t\t<div class=\"elementor-widget-container\">\n\t\t\t\t\t\t\t\t\t<p><span style=\"color: #999999;\"><a style=\"color: #999999;\" href=\"https:\/\/admiring-johnson.185-87-21-9.plesk.page\/index.php\/ratgeber\/\">Ratgeber<\/a> -&gt; <span style=\"color: #c7d408;\">Mentale Gesundheit &amp; K\u00f6rper<\/span><\/span><\/p>\t\t\t\t\t\t\t\t<\/div>\n\t\t\t\t<\/div>\n\t\t\t\t\t<\/div>\n\t\t<\/div>\n\t\t\t\t\t<\/div>\n\t\t<\/section>\n\t\t<div class=\"elementor-element elementor-element-4422e0d8 e-flex e-con-boxed e-con e-parent\" data-id=\"4422e0d8\" data-element_type=\"container\" data-e-type=\"container\">\n\t\t\t\t\t<div class=\"e-con-inner\">\n\t\t\t\t<div class=\"elementor-element elementor-element-3678b8a0 elementor-widget elementor-widget-heading\" data-id=\"3678b8a0\" data-element_type=\"widget\" data-e-type=\"widget\" data-widget_type=\"heading.default\">\n\t\t\t\t<div class=\"elementor-widget-container\">\n\t\t\t\t\t<h2 class=\"elementor-heading-title elementor-size-default\">Weil K\u00f6rper und Geist untrennbar verbunden sind<\/h2>\t\t\t\t<\/div>\n\t\t\t\t<\/div>\n\t\t\t\t<div class=\"elementor-element elementor-element-54e2de34 elementor-widget__width-initial elementor-widget elementor-widget-text-editor\" data-id=\"54e2de34\" data-element_type=\"widget\" data-e-type=\"widget\" data-widget_type=\"text-editor.default\">\n\t\t\t\t<div class=\"elementor-widget-container\">\n\t\t\t\t\t\t\t\t\t<p>Stress, innere Anspannung und seelische Belastungen hinterlassen oft auch k\u00f6rperliche Spuren. In dieser Rubrik zeigen wir Ihnen, wie eng mentale Gesundheit und k\u00f6rperliches Wohlbefinden zusammenh\u00e4ngen \u2013 und wie Sie mit gezielten \u00dcbungen, Achtsamkeit und k\u00f6rpertherapeutischen Ans\u00e4tzen neue Balance finden k\u00f6nnen \u2013 f\u00fcr mehr innere Ruhe, Resilienz und Lebensqualit\u00e4t.<\/p>\t\t\t\t\t\t\t\t<\/div>\n\t\t\t\t<\/div>\n\t\t\t\t\t<\/div>\n\t\t\t\t<\/div>\n\t\t<div class=\"elementor-element elementor-element-451b1147 e-flex e-con-boxed e-con e-parent\" data-id=\"451b1147\" data-element_type=\"container\" data-e-type=\"container\">\n\t\t\t\t\t<div class=\"e-con-inner\">\n\t\t\t\t<div class=\"elementor-element elementor-element-52bd3864 elementor-grid-3 elementor-grid-tablet-2 elementor-grid-mobile-1 elementor-posts--thumbnail-top elementor-card-shadow-yes elementor-posts__hover-gradient elementor-widget elementor-widget-posts\" data-id=\"52bd3864\" data-element_type=\"widget\" data-e-type=\"widget\" data-settings=\"{&quot;cards_columns&quot;:&quot;3&quot;,&quot;cards_columns_tablet&quot;:&quot;2&quot;,&quot;cards_columns_mobile&quot;:&quot;1&quot;,&quot;cards_row_gap&quot;:{&quot;unit&quot;:&quot;px&quot;,&quot;size&quot;:35,&quot;sizes&quot;:[]},&quot;cards_row_gap_tablet&quot;:{&quot;unit&quot;:&quot;px&quot;,&quot;size&quot;:&quot;&quot;,&quot;sizes&quot;:[]},&quot;cards_row_gap_mobile&quot;:{&quot;unit&quot;:&quot;px&quot;,&quot;size&quot;:&quot;&quot;,&quot;sizes&quot;:[]}}\" data-widget_type=\"posts.cards\">\n\t\t\t\t<div class=\"elementor-widget-container\">\n\t\t\t\t\t\t\t<div class=\"elementor-posts-container elementor-posts elementor-posts--skin-cards elementor-grid\" role=\"list\">\n\t\t\t\t<article class=\"elementor-post elementor-grid-item post-5814 post type-post status-publish format-standard hentry category-mentale-gesundheit-und-koerper\" role=\"listitem\">\n\t\t\t<div class=\"elementor-post__card\">\n\t\t\t\t<div class=\"elementor-post__text\">\n\t\t\t\t<h3 class=\"elementor-post__title\">\n\t\t\t<a href=\"https:\/\/physio-pb.de\/index.php\/2025\/05\/29\/resilienz-strken-langfristig-gesund-und-stressresistent\/\" target=&quot;_blank&quot;>\n\t\t\t\tResilienz st\u00e4rken: Langfristig gesund und stressresistent\t\t\t<\/a>\n\t\t<\/h3>\n\t\t\t\t<div class=\"elementor-post__excerpt\">\n\t\t\t<p>Stress, Krisen und Ver\u00e4nderungen geh\u00f6ren zum modernen Leben. Doch wie schaffen es manche Menschen, trotz Belastungen gesund und leistungsf\u00e4hig zu bleiben? Der Schl\u00fcssel liegt in<\/p>\n\t\t<\/div>\n\t\t\t\t\t<div class=\"elementor-post__read-more-wrapper\">\n\t\t\n\t\t<a class=\"elementor-post__read-more\" href=\"https:\/\/physio-pb.de\/index.php\/2025\/05\/29\/resilienz-strken-langfristig-gesund-und-stressresistent\/\" aria-label=\"Mehr \u00fcber Resilienz st\u00e4rken: Langfristig gesund und stressresistent\" tabindex=\"-1\" target=\"_blank\">\n\t\t\tweiterlesen \u00bb\t\t<\/a>\n\n\t\t\t\t\t<\/div>\n\t\t\t\t<\/div>\n\t\t\t\t<div class=\"elementor-post__meta-data\">\n\t\t\t\t\t<span class=\"elementor-post-date\">\n\t\t\tMai 29, 2025\t\t<\/span>\n\t\t\t\t<span class=\"elementor-post-avatar\">\n\t\t\tKeine Kommentare\t\t<\/span>\n\t\t\t\t<\/div>\n\t\t\t\t\t<\/div>\n\t\t<\/article>\n\t\t\t\t<article class=\"elementor-post elementor-grid-item post-5805 post type-post status-publish format-standard hentry category-mentale-gesundheit-und-koerper\" role=\"listitem\">\n\t\t\t<div class=\"elementor-post__card\">\n\t\t\t\t<div class=\"elementor-post__text\">\n\t\t\t\t<h3 class=\"elementor-post__title\">\n\t\t\t<a href=\"https:\/\/physio-pb.de\/index.php\/2025\/05\/29\/was-bedeutet-mentale-gesundheit\/\" target=&quot;_blank&quot;>\n\t\t\t\tWas bedeutet mentale Gesundheit?\t\t\t<\/a>\n\t\t<\/h3>\n\t\t\t\t<div class=\"elementor-post__excerpt\">\n\t\t\t<p>Mentale Gesundheit ist ein Begriff, der heute in aller Munde ist. Doch was steckt wirklich dahinter? Die Psyche beeinflusst unser t\u00e4gliches Leben, unser Wohlbefinden und<\/p>\n\t\t<\/div>\n\t\t\t\t\t<div class=\"elementor-post__read-more-wrapper\">\n\t\t\n\t\t<a class=\"elementor-post__read-more\" href=\"https:\/\/physio-pb.de\/index.php\/2025\/05\/29\/was-bedeutet-mentale-gesundheit\/\" aria-label=\"Mehr \u00fcber Was bedeutet mentale Gesundheit?\" tabindex=\"-1\" target=\"_blank\">\n\t\t\tweiterlesen \u00bb\t\t<\/a>\n\n\t\t\t\t\t<\/div>\n\t\t\t\t<\/div>\n\t\t\t\t<div class=\"elementor-post__meta-data\">\n\t\t\t\t\t<span class=\"elementor-post-date\">\n\t\t\tMai 29, 2025\t\t<\/span>\n\t\t\t\t<span class=\"elementor-post-avatar\">\n\t\t\tKeine Kommentare\t\t<\/span>\n\t\t\t\t<\/div>\n\t\t\t\t\t<\/div>\n\t\t<\/article>\n\t\t\t\t<article class=\"elementor-post elementor-grid-item post-5806 post type-post status-publish format-standard hentry category-mentale-gesundheit-und-koerper\" role=\"listitem\">\n\t\t\t<div class=\"elementor-post__card\">\n\t\t\t\t<div class=\"elementor-post__text\">\n\t\t\t\t<h3 class=\"elementor-post__title\">\n\t\t\t<a href=\"https:\/\/physio-pb.de\/index.php\/2025\/05\/29\/grundlagen-krper-und-psyche-im-zusammenspiel\/\" target=&quot;_blank&quot;>\n\t\t\t\tGrundlagen: K\u00f6rper und Psyche im Zusammenspiel\t\t\t<\/a>\n\t\t<\/h3>\n\t\t\t\t<div class=\"elementor-post__excerpt\">\n\t\t\t<p>Der menschliche K\u00f6rper und die Psyche sind eng miteinander verbunden. Viele Menschen merken diesen Zusammenhang im Alltag, ohne ihn bewusst zu registrieren. Wer zum Beispiel<\/p>\n\t\t<\/div>\n\t\t\t\t\t<div class=\"elementor-post__read-more-wrapper\">\n\t\t\n\t\t<a class=\"elementor-post__read-more\" href=\"https:\/\/physio-pb.de\/index.php\/2025\/05\/29\/grundlagen-krper-und-psyche-im-zusammenspiel\/\" aria-label=\"Mehr \u00fcber Grundlagen: K\u00f6rper und Psyche im Zusammenspiel\" tabindex=\"-1\" target=\"_blank\">\n\t\t\tweiterlesen \u00bb\t\t<\/a>\n\n\t\t\t\t\t<\/div>\n\t\t\t\t<\/div>\n\t\t\t\t<div class=\"elementor-post__meta-data\">\n\t\t\t\t\t<span class=\"elementor-post-date\">\n\t\t\tMai 29, 2025\t\t<\/span>\n\t\t\t\t<span class=\"elementor-post-avatar\">\n\t\t\tKeine Kommentare\t\t<\/span>\n\t\t\t\t<\/div>\n\t\t\t\t\t<\/div>\n\t\t<\/article>\n\t\t\t\t<article class=\"elementor-post elementor-grid-item post-5807 post type-post status-publish format-standard hentry category-mentale-gesundheit-und-koerper\" role=\"listitem\">\n\t\t\t<div class=\"elementor-post__card\">\n\t\t\t\t<div class=\"elementor-post__text\">\n\t\t\t\t<h3 class=\"elementor-post__title\">\n\t\t\t<a href=\"https:\/\/physio-pb.de\/index.php\/2025\/05\/29\/stress-ursachen-und-krperliche-auswirkungen\/\" target=&quot;_blank&quot;>\n\t\t\t\tStress: Ursachen und k\u00f6rperliche Auswirkungen\t\t\t<\/a>\n\t\t<\/h3>\n\t\t\t\t<div class=\"elementor-post__excerpt\">\n\t\t\t<p>Stress begleitet viele Menschen im Alltag. Ob bei der Arbeit, im Privatleben oder in der Schule &#8211; die Belastung nimmt stetig zu. Doch was genau<\/p>\n\t\t<\/div>\n\t\t\t\t\t<div class=\"elementor-post__read-more-wrapper\">\n\t\t\n\t\t<a class=\"elementor-post__read-more\" href=\"https:\/\/physio-pb.de\/index.php\/2025\/05\/29\/stress-ursachen-und-krperliche-auswirkungen\/\" aria-label=\"Mehr \u00fcber Stress: Ursachen und k\u00f6rperliche Auswirkungen\" tabindex=\"-1\" target=\"_blank\">\n\t\t\tweiterlesen \u00bb\t\t<\/a>\n\n\t\t\t\t\t<\/div>\n\t\t\t\t<\/div>\n\t\t\t\t<div class=\"elementor-post__meta-data\">\n\t\t\t\t\t<span class=\"elementor-post-date\">\n\t\t\tMai 29, 2025\t\t<\/span>\n\t\t\t\t<span class=\"elementor-post-avatar\">\n\t\t\tKeine Kommentare\t\t<\/span>\n\t\t\t\t<\/div>\n\t\t\t\t\t<\/div>\n\t\t<\/article>\n\t\t\t\t<article class=\"elementor-post elementor-grid-item post-5808 post type-post status-publish format-standard hentry category-mentale-gesundheit-und-koerper\" role=\"listitem\">\n\t\t\t<div class=\"elementor-post__card\">\n\t\t\t\t<div class=\"elementor-post__text\">\n\t\t\t\t<h3 class=\"elementor-post__title\">\n\t\t\t<a href=\"https:\/\/physio-pb.de\/index.php\/2025\/05\/29\/psychosomatische-beschwerden-warnsignale-richtig-deuten\/\" target=&quot;_blank&quot;>\n\t\t\t\tPsychosomatische Beschwerden \u0096 Warnsignale richtig deuten\t\t\t<\/a>\n\t\t<\/h3>\n\t\t\t\t<div class=\"elementor-post__excerpt\">\n\t\t\t<p>Wer regelm\u00e4\u00dfig unter k\u00f6rperlichen Symptomen leidet, findet oft keine klare Erkl\u00e4rung. Viele Menschen wissen nicht, dass hinter ihren Beschwerden eine psychosomatische Ursache stecken kann. Das<\/p>\n\t\t<\/div>\n\t\t\t\t\t<div class=\"elementor-post__read-more-wrapper\">\n\t\t\n\t\t<a class=\"elementor-post__read-more\" href=\"https:\/\/physio-pb.de\/index.php\/2025\/05\/29\/psychosomatische-beschwerden-warnsignale-richtig-deuten\/\" aria-label=\"Mehr \u00fcber Psychosomatische Beschwerden \u0096 Warnsignale richtig deuten\" tabindex=\"-1\" target=\"_blank\">\n\t\t\tweiterlesen \u00bb\t\t<\/a>\n\n\t\t\t\t\t<\/div>\n\t\t\t\t<\/div>\n\t\t\t\t<div class=\"elementor-post__meta-data\">\n\t\t\t\t\t<span class=\"elementor-post-date\">\n\t\t\tMai 29, 2025\t\t<\/span>\n\t\t\t\t<span class=\"elementor-post-avatar\">\n\t\t\tKeine Kommentare\t\t<\/span>\n\t\t\t\t<\/div>\n\t\t\t\t\t<\/div>\n\t\t<\/article>\n\t\t\t\t<article class=\"elementor-post elementor-grid-item post-5809 post type-post status-publish format-standard hentry category-mentale-gesundheit-und-koerper\" role=\"listitem\">\n\t\t\t<div class=\"elementor-post__card\">\n\t\t\t\t<div class=\"elementor-post__text\">\n\t\t\t\t<h3 class=\"elementor-post__title\">\n\t\t\t<a href=\"https:\/\/physio-pb.de\/index.php\/2025\/05\/29\/chronischer-stress-auswirkungen-auf-die-gesundheit\/\" target=&quot;_blank&quot;>\n\t\t\t\tChronischer Stress: Auswirkungen auf die Gesundheit\t\t\t<\/a>\n\t\t<\/h3>\n\t\t\t\t<div class=\"elementor-post__excerpt\">\n\t\t\t<p>Stress geh\u00f6rt zum Alltag. Doch wenn er chronisch wird, gef\u00e4hrdet er K\u00f6rper und Geist. Immer mehr Menschen k\u00e4mpfen heute mit den Folgen von Dauerstress. In<\/p>\n\t\t<\/div>\n\t\t\t\t\t<div class=\"elementor-post__read-more-wrapper\">\n\t\t\n\t\t<a class=\"elementor-post__read-more\" href=\"https:\/\/physio-pb.de\/index.php\/2025\/05\/29\/chronischer-stress-auswirkungen-auf-die-gesundheit\/\" aria-label=\"Mehr \u00fcber Chronischer Stress: Auswirkungen auf die Gesundheit\" tabindex=\"-1\" target=\"_blank\">\n\t\t\tweiterlesen \u00bb\t\t<\/a>\n\n\t\t\t\t\t<\/div>\n\t\t\t\t<\/div>\n\t\t\t\t<div class=\"elementor-post__meta-data\">\n\t\t\t\t\t<span class=\"elementor-post-date\">\n\t\t\tMai 29, 2025\t\t<\/span>\n\t\t\t\t<span class=\"elementor-post-avatar\">\n\t\t\tKeine Kommentare\t\t<\/span>\n\t\t\t\t<\/div>\n\t\t\t\t\t<\/div>\n\t\t<\/article>\n\t\t\t\t<\/div>\n\t\t\n\t\t\t\t\t\t<\/div>\n\t\t\t\t<\/div>\n\t\t\t\t\t<\/div>\n\t\t\t\t<\/div>\n\t\t<div class=\"elementor-element elementor-element-18c8995f e-flex e-con-boxed e-con e-parent\" data-id=\"18c8995f\" data-element_type=\"container\" data-e-type=\"container\">\n\t\t\t\t\t<div class=\"e-con-inner\">\n\t\t\t\t<div class=\"elementor-element elementor-element-6ac052d9 elementor-widget elementor-widget-spacer\" data-id=\"6ac052d9\" data-element_type=\"widget\" data-e-type=\"widget\" data-widget_type=\"spacer.default\">\n\t\t\t\t<div class=\"elementor-widget-container\">\n\t\t\t\t\t\t\t<div class=\"elementor-spacer\">\n\t\t\t<div class=\"elementor-spacer-inner\"><\/div>\n\t\t<\/div>\n\t\t\t\t\t\t<\/div>\n\t\t\t\t<\/div>\n\t\t\t\t\t<\/div>\n\t\t\t\t<\/div>\n\t\t\t\t<\/div>\n\t\t","protected":false},"excerpt":{"rendered":"<p>Mentale Gesundheit &#038; K\u00f6rper Ratgeber -&gt; Mentale Gesundheit &amp; K\u00f6rper Weil K\u00f6rper und Geist untrennbar verbunden sind Stress, innere Anspannung und seelische Belastungen hinterlassen oft auch k\u00f6rperliche Spuren. In dieser Rubrik zeigen wir Ihnen, wie eng mentale Gesundheit und k\u00f6rperliches Wohlbefinden zusammenh\u00e4ngen \u2013 und wie Sie mit gezielten \u00dcbungen, Achtsamkeit und k\u00f6rpertherapeutischen Ans\u00e4tzen neue Balance [&hellip;]<\/p>\n","protected":false},"author":1,"featured_media":0,"parent":0,"menu_order":0,"comment_status":"closed","ping_status":"closed","template":"","meta":{"footnotes":""},"class_list":["post-3101","page","type-page","status-publish","hentry"],"yoast_head":"<!-- This site is optimized with the Yoast SEO plugin v25.1 - https:\/\/yoast.com\/wordpress\/plugins\/seo\/ -->\n<title>Mentale Gesundheit &amp;\u00a0K\u00f6rper - Physiotherapie und Gesundheit<\/title>\n<meta name=\"robots\" content=\"index, follow, max-snippet:-1, max-image-preview:large, max-video-preview:-1\" \/>\n<link rel=\"canonical\" href=\"https:\/\/physio-pb.de\/index.php\/mentale-gesundheit-koerper\/\" \/>\n<meta property=\"og:locale\" content=\"de_DE\" \/>\n<meta property=\"og:type\" content=\"article\" \/>\n<meta property=\"og:title\" content=\"Mentale Gesundheit &amp;\u00a0K\u00f6rper - Physiotherapie und Gesundheit\" \/>\n<meta property=\"og:description\" content=\"Mentale Gesundheit &#038; K\u00f6rper Ratgeber -&gt; Mentale Gesundheit &amp; K\u00f6rper Weil K\u00f6rper und Geist untrennbar verbunden sind Stress, innere Anspannung und seelische Belastungen hinterlassen oft auch k\u00f6rperliche Spuren. In dieser Rubrik zeigen wir Ihnen, wie eng mentale Gesundheit und k\u00f6rperliches Wohlbefinden zusammenh\u00e4ngen \u2013 und wie Sie mit gezielten \u00dcbungen, Achtsamkeit und k\u00f6rpertherapeutischen Ans\u00e4tzen neue Balance [&hellip;]\" \/>\n<meta property=\"og:url\" content=\"https:\/\/physio-pb.de\/index.php\/mentale-gesundheit-koerper\/\" \/>\n<meta property=\"og:site_name\" content=\"Physiotherapie und Gesundheit\" \/>\n<meta property=\"article:modified_time\" content=\"2025-05-23T10:02:53+00:00\" \/>\n<meta name=\"twitter:card\" content=\"summary_large_image\" \/>\n<meta name=\"twitter:label1\" content=\"Gesch\u00e4tzte Lesezeit\" \/>\n\t<meta name=\"twitter:data1\" content=\"1\u00a0Minute\" \/>\n<script type=\"application\/ld+json\" class=\"yoast-schema-graph\">{\"@context\":\"https:\/\/schema.org\",\"@graph\":[{\"@type\":\"WebPage\",\"@id\":\"https:\/\/physio-pb.de\/index.php\/mentale-gesundheit-koerper\/\",\"url\":\"https:\/\/physio-pb.de\/index.php\/mentale-gesundheit-koerper\/\",\"name\":\"Mentale Gesundheit &\u00a0K\u00f6rper - Physiotherapie und Gesundheit\",\"isPartOf\":{\"@id\":\"https:\/\/physio-pb.de\/#website\"},\"datePublished\":\"2025-05-23T09:48:58+00:00\",\"dateModified\":\"2025-05-23T10:02:53+00:00\",\"breadcrumb\":{\"@id\":\"https:\/\/physio-pb.de\/index.php\/mentale-gesundheit-koerper\/#breadcrumb\"},\"inLanguage\":\"de\",\"potentialAction\":[{\"@type\":\"ReadAction\",\"target\":[\"https:\/\/physio-pb.de\/index.php\/mentale-gesundheit-koerper\/\"]}]},{\"@type\":\"BreadcrumbList\",\"@id\":\"https:\/\/physio-pb.de\/index.php\/mentale-gesundheit-koerper\/#breadcrumb\",\"itemListElement\":[{\"@type\":\"ListItem\",\"position\":1,\"name\":\"Startseite\",\"item\":\"https:\/\/physio-pb.de\/\"},{\"@type\":\"ListItem\",\"position\":2,\"name\":\"Mentale Gesundheit &#038;\u00a0K\u00f6rper\"}]},{\"@type\":\"WebSite\",\"@id\":\"https:\/\/physio-pb.de\/#website\",\"url\":\"https:\/\/physio-pb.de\/\",\"name\":\"Physiotherapie und Gesundheit\",\"description\":\"\",\"potentialAction\":[{\"@type\":\"SearchAction\",\"target\":{\"@type\":\"EntryPoint\",\"urlTemplate\":\"https:\/\/physio-pb.de\/?s={search_term_string}\"},\"query-input\":{\"@type\":\"PropertyValueSpecification\",\"valueRequired\":true,\"valueName\":\"search_term_string\"}}],\"inLanguage\":\"de\"}]}<\/script>\n<!-- \/ Yoast SEO plugin. -->","yoast_head_json":{"title":"Mentale Gesundheit &\u00a0K\u00f6rper - Physiotherapie und Gesundheit","robots":{"index":"index","follow":"follow","max-snippet":"max-snippet:-1","max-image-preview":"max-image-preview:large","max-video-preview":"max-video-preview:-1"},"canonical":"https:\/\/physio-pb.de\/index.php\/mentale-gesundheit-koerper\/","og_locale":"de_DE","og_type":"article","og_title":"Mentale Gesundheit &\u00a0K\u00f6rper - Physiotherapie und Gesundheit","og_description":"Mentale Gesundheit &#038; K\u00f6rper Ratgeber -&gt; Mentale Gesundheit &amp; K\u00f6rper Weil K\u00f6rper und Geist untrennbar verbunden sind Stress, innere Anspannung und seelische Belastungen hinterlassen oft auch k\u00f6rperliche Spuren. In dieser Rubrik zeigen wir Ihnen, wie eng mentale Gesundheit und k\u00f6rperliches Wohlbefinden zusammenh\u00e4ngen \u2013 und wie Sie mit gezielten \u00dcbungen, Achtsamkeit und k\u00f6rpertherapeutischen Ans\u00e4tzen neue Balance [&hellip;]","og_url":"https:\/\/physio-pb.de\/index.php\/mentale-gesundheit-koerper\/","og_site_name":"Physiotherapie und Gesundheit","article_modified_time":"2025-05-23T10:02:53+00:00","twitter_card":"summary_large_image","twitter_misc":{"Gesch\u00e4tzte Lesezeit":"1\u00a0Minute"},"schema":{"@context":"https:\/\/schema.org","@graph":[{"@type":"WebPage","@id":"https:\/\/physio-pb.de\/index.php\/mentale-gesundheit-koerper\/","url":"https:\/\/physio-pb.de\/index.php\/mentale-gesundheit-koerper\/","name":"Mentale Gesundheit &\u00a0K\u00f6rper - Physiotherapie und Gesundheit","isPartOf":{"@id":"https:\/\/physio-pb.de\/#website"},"datePublished":"2025-05-23T09:48:58+00:00","dateModified":"2025-05-23T10:02:53+00:00","breadcrumb":{"@id":"https:\/\/physio-pb.de\/index.php\/mentale-gesundheit-koerper\/#breadcrumb"},"inLanguage":"de","potentialAction":[{"@type":"ReadAction","target":["https:\/\/physio-pb.de\/index.php\/mentale-gesundheit-koerper\/"]}]},{"@type":"BreadcrumbList","@id":"https:\/\/physio-pb.de\/index.php\/mentale-gesundheit-koerper\/#breadcrumb","itemListElement":[{"@type":"ListItem","position":1,"name":"Startseite","item":"https:\/\/physio-pb.de\/"},{"@type":"ListItem","position":2,"name":"Mentale Gesundheit &#038;\u00a0K\u00f6rper"}]},{"@type":"WebSite","@id":"https:\/\/physio-pb.de\/#website","url":"https:\/\/physio-pb.de\/","name":"Physiotherapie und Gesundheit","description":"","potentialAction":[{"@type":"SearchAction","target":{"@type":"EntryPoint","urlTemplate":"https:\/\/physio-pb.de\/?s={search_term_string}"},"query-input":{"@type":"PropertyValueSpecification","valueRequired":true,"valueName":"search_term_string"}}],"inLanguage":"de"}]}},"_links":{"self":[{"href":"https:\/\/physio-pb.de\/index.php\/wp-json\/wp\/v2\/pages\/3101","targetHints":{"allow":["GET"]}}],"collection":[{"href":"https:\/\/physio-pb.de\/index.php\/wp-json\/wp\/v2\/pages"}],"about":[{"href":"https:\/\/physio-pb.de\/index.php\/wp-json\/wp\/v2\/types\/page"}],"author":[{"embeddable":true,"href":"https:\/\/physio-pb.de\/index.php\/wp-json\/wp\/v2\/users\/1"}],"replies":[{"embeddable":true,"href":"https:\/\/physio-pb.de\/index.php\/wp-json\/wp\/v2\/comments?post=3101"}],"version-history":[{"count":16,"href":"https:\/\/physio-pb.de\/index.php\/wp-json\/wp\/v2\/pages\/3101\/revisions"}],"predecessor-version":[{"id":3145,"href":"https:\/\/physio-pb.de\/index.php\/wp-json\/wp\/v2\/pages\/3101\/revisions\/3145"}],"wp:attachment":[{"href":"https:\/\/physio-pb.de\/index.php\/wp-json\/wp\/v2\/media?parent=3101"}],"curies":[{"name":"wp","href":"https:\/\/api.w.org\/{rel}","templated":true}]}}